
{"id":14808,"date":"2023-01-24T14:31:11","date_gmt":"2023-01-24T13:31:11","guid":{"rendered":"http:\/\/shop.movery.it\/?page_id=14808"},"modified":"2023-11-22T16:18:49","modified_gmt":"2023-11-22T15:18:49","slug":"diventa-partner","status":"publish","type":"page","link":"https:\/\/movery.it\/fr\/diventa-partner\/","title":{"rendered":"Devenir partenaire"},"content":{"rendered":"<div data-elementor-type=\"wp-page\" data-elementor-id=\"14808\" class=\"elementor elementor-14808\">\n\t\t\t\t<div class=\"elementor-element elementor-element-abd7905 partner_title e-flex e-con-boxed e-con e-parent\" data-id=\"abd7905\" data-element_type=\"container\">\n\t\t\t\t\t<div class=\"e-con-inner\">\n\t\t<div class=\"elementor-element elementor-element-0003ffc e-con-full e-flex e-con e-parent\" data-id=\"0003ffc\" data-element_type=\"container\">\n\t\t\t\t<div class=\"elementor-element elementor-element-4ee3946 elementor-widget elementor-widget-image\" data-id=\"4ee3946\" data-element_type=\"widget\" data-widget_type=\"image.default\">\n\t\t\t\t<div class=\"elementor-widget-container\">\n\t\t\t\t\t\t\t\t\t\t\t\t\t<img fetchpriority=\"high\" decoding=\"async\" width=\"1381\" height=\"964\" src=\"https:\/\/movery.it\/wp-content\/uploads\/2023\/03\/hero-team.png\" class=\"attachment-full size-full wp-image-24547\" alt=\"\" srcset=\"https:\/\/movery.it\/wp-content\/uploads\/2023\/03\/hero-team.png 1381w, https:\/\/movery.it\/wp-content\/uploads\/2023\/03\/hero-team-768x536.png 768w, https:\/\/movery.it\/wp-content\/uploads\/2023\/03\/hero-team-600x418.png 600w, https:\/\/movery.it\/wp-content\/uploads\/2023\/03\/hero-team-18x12.png 18w\" sizes=\"(max-width: 1381px) 100vw, 1381px\" \/>\t\t\t\t\t\t\t\t\t\t\t\t\t<\/div>\n\t\t\t\t<\/div>\n\t\t\t\t<\/div>\n\t\t<div class=\"elementor-element elementor-element-7186c9b e-con-full e-flex e-con e-parent\" data-id=\"7186c9b\" data-element_type=\"container\">\n\t\t\t\t<div class=\"elementor-element elementor-element-0682b47 elementor-widget elementor-widget-text-editor\" data-id=\"0682b47\" data-element_type=\"widget\" data-widget_type=\"text-editor.default\">\n\t\t\t\t<div class=\"elementor-widget-container\">\n\t\t\t\t\t\t\t<h2>Travailler en r\u00e9seau avec tous et pour tous<\/h2>\n<p>Nous voulons relier les acteurs publics et priv\u00e9s pour cr\u00e9er une exp\u00e9rience touristique authentique et inoubliable. Concevoir ensemble un tourisme plus solidaire, durable et accessible \u00e0 tous est possible. Nous encourageons la collaboration et non la concurrence. L'objectif commun est d'offrir des moments heureux \u00e0 ceux qui visitent ou red\u00e9couvrent notre territoire.<\/p>\t\t\t\t\t\t<\/div>\n\t\t\t\t<\/div>\n\t\t\t\t<\/div>\n\t\t\t\t\t<\/div>\n\t\t\t\t<\/div>\n\t\t<div class=\"elementor-element elementor-element-16d5ab1 partner_marketing e-flex e-con-boxed e-con e-parent\" data-id=\"16d5ab1\" data-element_type=\"container\">\n\t\t\t\t\t<div class=\"e-con-inner\">\n\t\t<div class=\"elementor-element elementor-element-6991e78 e-con-full e-flex e-con e-parent\" data-id=\"6991e78\" data-element_type=\"container\">\n\t\t\t\t<div class=\"elementor-element elementor-element-1ceda71 elementor-widget elementor-widget-text-editor\" data-id=\"1ceda71\" data-element_type=\"widget\" data-widget_type=\"text-editor.default\">\n\t\t\t\t<div class=\"elementor-widget-container\">\n\t\t\t\t\t\t\t<h2> Vous ne payez que lorsque vous vendez et vous b\u00e9n\u00e9ficiez d'un service de r\u00e9servation et de marketing. <\/h2>\t\t\t\t\t\t<\/div>\n\t\t\t\t<\/div>\n\t\t\t\t<\/div>\n\t\t<div class=\"elementor-element elementor-element-05da50f e-con-full e-flex e-con e-parent\" data-id=\"05da50f\" data-element_type=\"container\">\n\t\t\t\t<div class=\"elementor-element elementor-element-e57d029 elementor-widget elementor-widget-text-editor\" data-id=\"e57d029\" data-element_type=\"widget\" data-widget_type=\"text-editor.default\">\n\t\t\t\t<div class=\"elementor-widget-container\">\n\t\t\t\t\t\t\t<p>Choisissez de vous appuyer sur un syst\u00e8me de r\u00e9servation ax\u00e9 sur le territoire, sans frais fixes ni frais d'entr\u00e9e. Movery s'occupe de tourisme culturel et sait faire de vous le protagoniste de r\u00e9cits li\u00e9s au territoire : placez votre activit\u00e9 dans un r\u00e9cit authentique \u00e0 plusieurs voix.  Pour collaborer avec nous, il suffit de r\u00e9server un pourcentage sur chaque vente r\u00e9alis\u00e9e sur notre site.<\/p>\t\t\t\t\t\t<\/div>\n\t\t\t\t<\/div>\n\t\t\t\t<\/div>\n\t\t\t\t\t<\/div>\n\t\t\t\t<\/div>\n\t\t<div class=\"elementor-element elementor-element-d753b44 partner_marketing_grid e-flex e-con-boxed e-con e-parent\" data-id=\"d753b44\" data-element_type=\"container\">\n\t\t\t\t\t<div class=\"e-con-inner\">\n\t\t<div class=\"elementor-element elementor-element-abf8ea4 e-con-full e-flex e-con e-parent\" data-id=\"abf8ea4\" data-element_type=\"container\">\n\t\t\t\t<div class=\"elementor-element elementor-element-462eb3f partner_grid_item elementor-position-top elementor-widget elementor-widget-image-box\" data-id=\"462eb3f\" data-element_type=\"widget\" data-widget_type=\"image-box.default\">\n\t\t\t\t<div class=\"elementor-widget-container\">\n\t\t\t<div class=\"elementor-image-box-wrapper\"><figure class=\"elementor-image-box-img\"><img decoding=\"async\" width=\"70\" height=\"70\" src=\"https:\/\/movery.it\/wp-content\/uploads\/2023\/03\/drink.png\" class=\"attachment-full size-full wp-image-24550\" alt=\"\" srcset=\"https:\/\/movery.it\/wp-content\/uploads\/2023\/03\/drink.png 70w, https:\/\/movery.it\/wp-content\/uploads\/2023\/03\/drink-300x300.png 300w, https:\/\/movery.it\/wp-content\/uploads\/2023\/03\/drink-1024x1024.png 1024w, https:\/\/movery.it\/wp-content\/uploads\/2023\/03\/drink-150x150.png 150w, https:\/\/movery.it\/wp-content\/uploads\/2023\/03\/drink-768x768.png 768w, https:\/\/movery.it\/wp-content\/uploads\/2023\/03\/drink-1536x1536.png 1536w, https:\/\/movery.it\/wp-content\/uploads\/2023\/03\/drink-2048x2048.png 2048w, https:\/\/movery.it\/wp-content\/uploads\/2023\/03\/drink-600x600.png 600w, https:\/\/movery.it\/wp-content\/uploads\/2023\/03\/drink-100x100.png 100w\" sizes=\"(max-width: 70px) 100vw, 70px\" \/><\/figure><div class=\"elementor-image-box-content\"><h3 class=\"elementor-image-box-title\">Organisateurs d'\u00e9v\u00e9nements et de cours<\/h3><p class=\"elementor-image-box-description\"><p>Ce sont les gens qui rendent les lieux uniques, et nous voulons vous aider \u00e0 les r\u00e9unir en ligne et hors ligne.<\/p>\n<a href=\"https:\/\/movery.it\/fr\/contact\/\">\n<span>Devenir partenaire <img decoding=\"async\" src=\"https:\/\/movery.it\/wp-content\/uploads\/2023\/03\/arrow.svg\" alt=\"\" \/><\/span>\n<\/a>\n<\/p><\/div><\/div>\t\t<\/div>\n\t\t\t\t<\/div>\n\t\t\t\t<\/div>\n\t\t<div class=\"elementor-element elementor-element-248a06b e-con-full e-flex e-con e-parent\" data-id=\"248a06b\" data-element_type=\"container\">\n\t\t\t\t<div class=\"elementor-element elementor-element-867976f partner_grid_item elementor-position-top elementor-widget elementor-widget-image-box\" data-id=\"867976f\" data-element_type=\"widget\" data-widget_type=\"image-box.default\">\n\t\t\t\t<div class=\"elementor-widget-container\">\n\t\t\t<div class=\"elementor-image-box-wrapper\"><figure class=\"elementor-image-box-img\"><img decoding=\"async\" width=\"55\" height=\"71\" src=\"https:\/\/movery.it\/wp-content\/uploads\/2023\/03\/luggage.png\" class=\"attachment-full size-full wp-image-24553\" alt=\"\" srcset=\"https:\/\/movery.it\/wp-content\/uploads\/2023\/03\/luggage.png 55w, https:\/\/movery.it\/wp-content\/uploads\/2023\/03\/luggage-768x991.png 768w, https:\/\/movery.it\/wp-content\/uploads\/2023\/03\/luggage-600x774.png 600w\" sizes=\"(max-width: 55px) 100vw, 55px\" \/><\/figure><div class=\"elementor-image-box-content\"><h3 class=\"elementor-image-box-title\">Guides touristiques et environnementaux<\/h3><p class=\"elementor-image-box-description\"><p>Nous aimons les guides qui peuvent donner vie \u00e0 des histoires et expliquer le monde.<\/p>\n<a href=\"https:\/\/movery.it\/fr\/contact\/\">\n<span>Devenir partenaire <img decoding=\"async\" src=\"https:\/\/movery.it\/wp-content\/uploads\/2023\/03\/arrow.svg\" alt=\"\" \/><\/span>\n<\/a>\n<\/p><\/div><\/div>\t\t<\/div>\n\t\t\t\t<\/div>\n\t\t\t\t<\/div>\n\t\t<div class=\"elementor-element elementor-element-85dd861 e-con-full e-flex e-con e-parent\" data-id=\"85dd861\" data-element_type=\"container\">\n\t\t\t\t<div class=\"elementor-element elementor-element-83eeffa partner_grid_item elementor-position-top elementor-widget elementor-widget-image-box\" data-id=\"83eeffa\" data-element_type=\"widget\" data-widget_type=\"image-box.default\">\n\t\t\t\t<div class=\"elementor-widget-container\">\n\t\t\t<div class=\"elementor-image-box-wrapper\"><figure class=\"elementor-image-box-img\"><img loading=\"lazy\" decoding=\"async\" width=\"71\" height=\"71\" src=\"https:\/\/movery.it\/wp-content\/uploads\/2023\/03\/compass.png\" class=\"attachment-full size-full wp-image-24544\" alt=\"\" srcset=\"https:\/\/movery.it\/wp-content\/uploads\/2023\/03\/compass.png 71w, https:\/\/movery.it\/wp-content\/uploads\/2023\/03\/compass-300x300.png 300w, https:\/\/movery.it\/wp-content\/uploads\/2023\/03\/compass-1024x1024.png 1024w, https:\/\/movery.it\/wp-content\/uploads\/2023\/03\/compass-150x150.png 150w, https:\/\/movery.it\/wp-content\/uploads\/2023\/03\/compass-768x768.png 768w, https:\/\/movery.it\/wp-content\/uploads\/2023\/03\/compass-1536x1536.png 1536w, https:\/\/movery.it\/wp-content\/uploads\/2023\/03\/compass-2048x2048.png 2048w, https:\/\/movery.it\/wp-content\/uploads\/2023\/03\/compass-600x600.png 600w, https:\/\/movery.it\/wp-content\/uploads\/2023\/03\/compass-100x100.png 100w\" sizes=\"(max-width: 71px) 100vw, 71px\" \/><\/figure><div class=\"elementor-image-box-content\"><h3 class=\"elementor-image-box-title\">Agences de voyage<\/h3><p class=\"elementor-image-box-description\"><p>Les partenaires qui connaissent d'autres partenaires sont parfaits pour nous.<\/p>\n<a href=\"https:\/\/movery.it\/fr\/contact\/\">\n<span>Devenir partenaire <img decoding=\"async\" src=\"https:\/\/movery.it\/wp-content\/uploads\/2023\/03\/arrow.svg\" alt=\"\" \/><\/span>\n<\/a>\n<\/p><\/div><\/div>\t\t<\/div>\n\t\t\t\t<\/div>\n\t\t\t\t<\/div>\n\t\t<div class=\"elementor-element elementor-element-ea5e609 e-con-full e-flex e-con e-parent\" data-id=\"ea5e609\" data-element_type=\"container\">\n\t\t\t\t<div class=\"elementor-element elementor-element-c8e0780 partner_grid_item elementor-position-top elementor-widget elementor-widget-image-box\" data-id=\"c8e0780\" data-element_type=\"widget\" data-widget_type=\"image-box.default\">\n\t\t\t\t<div class=\"elementor-widget-container\">\n\t\t\t<div class=\"elementor-image-box-wrapper\"><figure class=\"elementor-image-box-img\"><img loading=\"lazy\" decoding=\"async\" width=\"79\" height=\"70\" src=\"https:\/\/movery.it\/wp-content\/uploads\/2023\/03\/host.png\" class=\"attachment-full size-full wp-image-24541\" alt=\"\" srcset=\"https:\/\/movery.it\/wp-content\/uploads\/2023\/03\/host.png 79w, https:\/\/movery.it\/wp-content\/uploads\/2023\/03\/host-768x680.png 768w, https:\/\/movery.it\/wp-content\/uploads\/2023\/03\/host-600x531.png 600w\" sizes=\"(max-width: 79px) 100vw, 79px\" \/><\/figure><div class=\"elementor-image-box-content\"><h3 class=\"elementor-image-box-title\">H\u00f4telier ou h\u00f4te<\/h3><p class=\"elementor-image-box-description\"><p>Nous soutenons les experts de l'h\u00f4tellerie avec MoveryHotel, le point d'information touristique num\u00e9rique.<\/p>\n<a href=\"https:\/\/movery.it\/fr\/contact\/\">\n<span>Devenir partenaire <img decoding=\"async\" src=\"https:\/\/movery.it\/wp-content\/uploads\/2023\/03\/arrow.svg\" alt=\"\" \/><\/span>\n<\/a>\n<\/p><\/div><\/div>\t\t<\/div>\n\t\t\t\t<\/div>\n\t\t\t\t<\/div>\n\t\t<div class=\"elementor-element elementor-element-2fea1e8 e-con-full e-flex e-con e-parent\" data-id=\"2fea1e8\" data-element_type=\"container\">\n\t\t\t\t<div class=\"elementor-element elementor-element-40a48a1 partner_grid_item elementor-position-top elementor-widget elementor-widget-image-box\" data-id=\"40a48a1\" data-element_type=\"widget\" data-widget_type=\"image-box.default\">\n\t\t\t\t<div class=\"elementor-widget-container\">\n\t\t\t<div class=\"elementor-image-box-wrapper\"><figure class=\"elementor-image-box-img\"><img loading=\"lazy\" decoding=\"async\" width=\"58\" height=\"80\" src=\"https:\/\/movery.it\/wp-content\/uploads\/2023\/03\/wine-and-glass.png\" class=\"attachment-full size-full wp-image-24535\" alt=\"\" srcset=\"https:\/\/movery.it\/wp-content\/uploads\/2023\/03\/wine-and-glass.png 58w, https:\/\/movery.it\/wp-content\/uploads\/2023\/03\/wine-and-glass-768x1059.png 768w, https:\/\/movery.it\/wp-content\/uploads\/2023\/03\/wine-and-glass-600x827.png 600w\" sizes=\"(max-width: 58px) 100vw, 58px\" \/><\/figure><div class=\"elementor-image-box-content\"><h3 class=\"elementor-image-box-title\">Producteurs d'AOP, DOC, IGP<\/h3><p class=\"elementor-image-box-description\"><p>Le go\u00fbt des mets et des vins d'excellence raconte l'histoire du territoire.<\/p>\n<a href=\"https:\/\/movery.it\/fr\/contact\/\">\n<span>Devenir partenaire <img decoding=\"async\" src=\"https:\/\/movery.it\/wp-content\/uploads\/2023\/03\/arrow.svg\" alt=\"\" \/><\/span>\n<\/a>\n<\/p><\/div><\/div>\t\t<\/div>\n\t\t\t\t<\/div>\n\t\t\t\t<\/div>\n\t\t<div class=\"elementor-element elementor-element-0818d19 e-con-full e-flex e-con e-parent\" data-id=\"0818d19\" data-element_type=\"container\">\n\t\t\t\t<div class=\"elementor-element elementor-element-29d1485 partner_grid_item elementor-position-top elementor-widget elementor-widget-image-box\" data-id=\"29d1485\" data-element_type=\"widget\" data-widget_type=\"image-box.default\">\n\t\t\t\t<div class=\"elementor-widget-container\">\n\t\t\t<div class=\"elementor-image-box-wrapper\"><figure class=\"elementor-image-box-img\"><img loading=\"lazy\" decoding=\"async\" width=\"71\" height=\"71\" src=\"https:\/\/movery.it\/wp-content\/uploads\/2023\/03\/cutlery.png\" class=\"attachment-full size-full wp-image-24538\" alt=\"\" srcset=\"https:\/\/movery.it\/wp-content\/uploads\/2023\/03\/cutlery.png 71w, https:\/\/movery.it\/wp-content\/uploads\/2023\/03\/cutlery-300x300.png 300w, https:\/\/movery.it\/wp-content\/uploads\/2023\/03\/cutlery-1024x1024.png 1024w, https:\/\/movery.it\/wp-content\/uploads\/2023\/03\/cutlery-150x150.png 150w, https:\/\/movery.it\/wp-content\/uploads\/2023\/03\/cutlery-768x768.png 768w, https:\/\/movery.it\/wp-content\/uploads\/2023\/03\/cutlery-1536x1536.png 1536w, https:\/\/movery.it\/wp-content\/uploads\/2023\/03\/cutlery-2048x2048.png 2048w, https:\/\/movery.it\/wp-content\/uploads\/2023\/03\/cutlery-600x600.png 600w, https:\/\/movery.it\/wp-content\/uploads\/2023\/03\/cutlery-100x100.png 100w\" sizes=\"(max-width: 71px) 100vw, 71px\" \/><\/figure><div class=\"elementor-image-box-content\"><h3 class=\"elementor-image-box-title\">Restaurateurs<\/h3><p class=\"elementor-image-box-description\"><p>Des menus touristiques authentiques qui ont le go\u00fbt de la tradition et de l'innovation.<\/p>\n<a href=\"https:\/\/movery.it\/fr\/contact\/\">\n<span>Devenir partenaire <img decoding=\"async\" src=\"https:\/\/movery.it\/wp-content\/uploads\/2023\/03\/arrow.svg\" alt=\"\" \/><\/span>\n<\/a>\n<\/p><\/div><\/div>\t\t<\/div>\n\t\t\t\t<\/div>\n\t\t\t\t<\/div>\n\t\t\t\t\t<\/div>\n\t\t\t\t<\/div>\n\t\t<div class=\"elementor-element elementor-element-27830d9 partner_enti e-flex e-con-boxed e-con e-parent\" data-id=\"27830d9\" data-element_type=\"container\">\n\t\t\t\t\t<div class=\"e-con-inner\">\n\t\t<div class=\"elementor-element elementor-element-ee40d84 e-con-full e-flex e-con e-parent\" data-id=\"ee40d84\" data-element_type=\"container\">\n\t\t\t\t<div class=\"elementor-element elementor-element-c129c3c elementor-widget elementor-widget-text-editor\" data-id=\"c129c3c\" data-element_type=\"widget\" data-widget_type=\"text-editor.default\">\n\t\t\t\t<div class=\"elementor-widget-container\">\n\t\t\t\t\t\t\t<h2>Communiquer, c'est bon pour le territoire<\/h2>\n<p>Par le biais de protocoles d'accord, nous travaillons avec les municipalit\u00e9s pour transmettre des informations sur la circulation, les ouvertures sp\u00e9ciales, les \u00e9v\u00e9nements et les initiatives qui aideront les visiteurs \u00e0 se sentir moins seuls. Nous aidons les associations qui souhaitent promouvoir la r\u00e9gion et lier les mus\u00e9es \u00e0 d'autres activit\u00e9s afin qu'ils fassent partie d'une offre touristique plus large.<\/p>\t\t\t\t\t\t<\/div>\n\t\t\t\t<\/div>\n\t\t\t\t<div class=\"elementor-element elementor-element-f1d30c4 partner_enti_btn elementor-widget elementor-widget-button\" data-id=\"f1d30c4\" data-element_type=\"widget\" data-widget_type=\"button.default\">\n\t\t\t\t<div class=\"elementor-widget-container\">\n\t\t\t\t\t\t\t<div class=\"elementor-button-wrapper\">\n\t\t\t\t\t<a class=\"elementor-button elementor-button-link elementor-size-sm\" href=\"https:\/\/movery.it\/fr\/contact\/\">\n\t\t\t\t\t\t<span class=\"elementor-button-content-wrapper\">\n\t\t\t\t\t\t\t\t\t<span class=\"elementor-button-text\">Commencer la tourn\u00e9e avec Movery<\/span>\n\t\t\t\t\t<\/span>\n\t\t\t\t\t<\/a>\n\t\t\t\t<\/div>\n\t\t\t\t\t\t<\/div>\n\t\t\t\t<\/div>\n\t\t\t\t<\/div>\n\t\t<div class=\"elementor-element elementor-element-5efb272 e-con-full e-flex e-con e-parent\" data-id=\"5efb272\" data-element_type=\"container\">\n\t\t\t\t<\/div>\n\t\t\t\t\t<\/div>\n\t\t\t\t<\/div>\n\t\t<div class=\"elementor-element elementor-element-f9e445a e-flex e-con-boxed e-con e-parent\" data-id=\"f9e445a\" data-element_type=\"container\" id=\"newsletter_cf7\">\n\t\t\t\t\t<div class=\"e-con-inner\">\n\t\t<div class=\"elementor-element elementor-element-9f42e5a e-flex e-con-boxed e-con e-parent\" data-id=\"9f42e5a\" data-element_type=\"container\">\n\t\t\t\t\t<div class=\"e-con-inner\">\n\t\t\t\t<div class=\"elementor-element elementor-element-db329be elementor-widget__width-initial elementor-widget elementor-widget-heading\" data-id=\"db329be\" data-element_type=\"widget\" data-widget_type=\"heading.default\">\n\t\t\t\t<div class=\"elementor-widget-container\">\n\t\t\t<h2 class=\"elementor-heading-title elementor-size-large\">Laissez votre adresse \u00e9lectronique pour recevoir les mises \u00e0 jour du projet<\/h2>\t\t<\/div>\n\t\t\t\t<\/div>\n\t\t\t\t<div class=\"elementor-element elementor-element-3e59b0f elementor-widget elementor-widget-shortcode\" data-id=\"3e59b0f\" data-element_type=\"widget\" data-widget_type=\"shortcode.default\">\n\t\t\t\t<div class=\"elementor-widget-container\">\n\t\t\t\t\t<div class=\"elementor-shortcode\">\n<div class=\"wpcf7 no-js\" id=\"wpcf7-f30892-o1\" lang=\"it-IT\" dir=\"ltr\" data-wpcf7-id=\"30892\">\n<div class=\"screen-reader-response\"><p role=\"status\" aria-live=\"polite\" aria-atomic=\"true\"><\/p> <ul><\/ul><\/div>\n<form action=\"\/fr\/wp-json\/wp\/v2\/pages\/14808#wpcf7-f30892-o1\" method=\"post\" class=\"wpcf7-form init\" aria-label=\"Formulaire de contact\" novalidate=\"novalidate\" data-status=\"init\" data-trp-original-action=\"\/fr\/wp-json\/wp\/v2\/pages\/14808#wpcf7-f30892-o1\">\n<div style=\"display: none;\">\n<input type=\"hidden\" name=\"_wpcf7\" value=\"30892\" \/>\n<input type=\"hidden\" name=\"_wpcf7_version\" value=\"6.0.3\" \/>\n<input type=\"hidden\" name=\"_wpcf7_locale\" value=\"it_IT\" \/>\n<input type=\"hidden\" name=\"_wpcf7_unit_tag\" value=\"wpcf7-f30892-o1\" \/>\n<input type=\"hidden\" name=\"_wpcf7_container_post\" value=\"0\" \/>\n<input type=\"hidden\" name=\"_wpcf7_posted_data_hash\" value=\"\" \/>\n<input type=\"hidden\" name=\"_wpcf7_recaptcha_response\" value=\"\" \/>\n<\/div>\n<div class=\"newsletter_form\">\n\t<p><span class=\"wpcf7-form-control-wrap\" data-name=\"email_nl\"><input size=\"40\" maxlength=\"400\" class=\"wpcf7-form-control wpcf7-email wpcf7-validates-as-required wpcf7-text wpcf7-validates-as-email email_nl\" aria-required=\"true\" aria-invalid=\"false\" placeholder=\"example@email.com\" value=\"\" type=\"email\" name=\"email_nl\" \/><\/span><br \/>\n\t<span class=\"wpcf7-form-control-wrap recaptcha\" data-name=\"recaptcha\"><span data-sitekey=\"6Ldocv8pAAAAAFSzsm48uEP7NOsz3Db9eygMjepS\" class=\"wpcf7-form-control wpcf7-recaptcha g-recaptcha\"><\/span>\r\n<noscript>\r\n\t<div class=\"grecaptcha-noscript\">\r\n\t\t<iframe src=\"https:\/\/www.google.com\/recaptcha\/api\/fallback?k=6Ldocv8pAAAAAFSzsm48uEP7NOsz3Db9eygMjepS\" frameborder=\"0\" scrolling=\"no\" width=\"310\" height=\"430\">\r\n\t\t<\/iframe>\r\n\t\t<textarea name=\"g-recaptcha-response\" rows=\"3\" cols=\"40\" placeholder=\"R\u00e9ponse reCaptcha ici\">\r\n\t\t<\/textarea>\r\n\t<\/div>\r\n<\/noscript>\r\n<\/span>\n\t<\/p>\n\t<div class=\"nl_form_btn\">\n\t\t<p><input class=\"wpcf7-form-control wpcf7-submit has-spinner nl_submit\" type=\"submit\" value=\"S&#039;inscrire \u00e0 la lettre d&#039;information\" \/>\n\t\t<\/p>\n\t<\/div>\n\t<p><span class=\"wpcf7-form-control-wrap\" data-name=\"privacy\"><span class=\"wpcf7-form-control wpcf7-acceptance\"><span class=\"wpcf7-list-item\"><label><input type=\"checkbox\" name=\"privacy\" value=\"1\" aria-invalid=\"false\" \/><span class=\"wpcf7-list-item-label\">Je consens au traitement de mes donn\u00e9es personnelles et d\u00e9clare avoir pris connaissance de l'avis de la Commission europ\u00e9enne. <a href=\"https:\/\/movery.it\/fr\/privacy-policy\/\">Politique de confidentialit\u00e9<\/a><\/span><\/label><\/span><\/span><\/span>\n\t<\/p>\n<\/div><div class=\"wpcf7-response-output\" aria-hidden=\"true\"><\/div>\n<input type=\"hidden\" name=\"trp-form-language\" value=\"fr\"\/><\/form>\n<\/div>\n<\/div>\n\t\t\t\t<\/div>\n\t\t\t\t<\/div>\n\t\t\t\t\t<\/div>\n\t\t\t\t<\/div>\n\t\t\t\t\t<\/div>\n\t\t\t\t<\/div>\n\t\t\t\t<\/div>","protected":false},"excerpt":{"rendered":"<p>Travailler en r\u00e9seau avec tous et pour tous Nous voulons relier les acteurs publics et priv\u00e9s...<\/p>","protected":false},"author":2,"featured_media":0,"parent":0,"menu_order":0,"comment_status":"closed","ping_status":"closed","template":"","meta":{"_seopress_robots_primary_cat":"","_seopress_titles_title":"Creare un&#039;esperienza turistica connessa e indimenticabile con Movery","_seopress_titles_desc":"","_seopress_robots_index":"","content-type":"","footnotes":""},"class_list":["post-14808","page","type-page","status-publish","has-post-thumbnail","hentry"],"pp_statuses_selecting_workflow":false,"pp_workflow_action":"current","pp_status_selection":"publish","_links":{"self":[{"href":"https:\/\/movery.it\/fr\/wp-json\/wp\/v2\/pages\/14808","targetHints":{"allow":["GET"]}}],"collection":[{"href":"https:\/\/movery.it\/fr\/wp-json\/wp\/v2\/pages"}],"about":[{"href":"https:\/\/movery.it\/fr\/wp-json\/wp\/v2\/types\/page"}],"author":[{"embeddable":true,"href":"https:\/\/movery.it\/fr\/wp-json\/wp\/v2\/users\/2"}],"replies":[{"embeddable":true,"href":"https:\/\/movery.it\/fr\/wp-json\/wp\/v2\/comments?post=14808"}],"version-history":[{"count":4,"href":"https:\/\/movery.it\/fr\/wp-json\/wp\/v2\/pages\/14808\/revisions"}],"predecessor-version":[{"id":30923,"href":"https:\/\/movery.it\/fr\/wp-json\/wp\/v2\/pages\/14808\/revisions\/30923"}],"wp:attachment":[{"href":"https:\/\/movery.it\/fr\/wp-json\/wp\/v2\/media?parent=14808"}],"curies":[{"name":"wp","href":"https:\/\/api.w.org\/{rel}","templated":true}]}}