{"id":14810,"date":"2023-01-24T14:31:49","date_gmt":"2023-01-24T13:31:49","guid":{"rendered":"http:\/\/shop.movery.it\/?page_id=14810"},"modified":"2023-12-01T16:28:43","modified_gmt":"2023-12-01T15:28:43","slug":"turismo-accessibile-3","status":"publish","type":"page","link":"https:\/\/movery.it\/fr\/turismo-accessibile\/","title":{"rendered":"Tourisme accessible"},"content":{"rendered":"<div data-elementor-type=\"wp-page\" data-elementor-id=\"14810\" class=\"elementor elementor-14810\">\n\t\t\t\t<div class=\"elementor-element elementor-element-9e0e114 turismo_title e-flex e-con-boxed e-con e-parent\" data-id=\"9e0e114\" data-element_type=\"container\">\n\t\t\t\t\t<div class=\"e-con-inner\">\n\t\t<div class=\"elementor-element elementor-element-1dc9ee3 e-con-full e-flex e-con e-parent\" data-id=\"1dc9ee3\" data-element_type=\"container\">\n\t\t\t\t<div class=\"elementor-element elementor-element-59e76e9 elementor-widget elementor-widget-image\" data-id=\"59e76e9\" data-element_type=\"widget\" data-widget_type=\"image.default\">\n\t\t\t\t<div class=\"elementor-widget-container\">\n\t\t\t\t\t\t\t\t\t\t\t\t\t<img fetchpriority=\"high\" decoding=\"async\" width=\"1494\" height=\"991\" src=\"https:\/\/movery.it\/wp-content\/uploads\/2023\/03\/turismo-accessibile.png\" class=\"attachment-full size-full wp-image-24768\" alt=\"\" srcset=\"https:\/\/movery.it\/wp-content\/uploads\/2023\/03\/turismo-accessibile.png 1494w, https:\/\/movery.it\/wp-content\/uploads\/2023\/03\/turismo-accessibile-768x509.png 768w, https:\/\/movery.it\/wp-content\/uploads\/2023\/03\/turismo-accessibile-600x397.png 600w, https:\/\/movery.it\/wp-content\/uploads\/2023\/03\/turismo-accessibile-18x12.png 18w\" sizes=\"(max-width: 1494px) 100vw, 1494px\" \/>\t\t\t\t\t\t\t\t\t\t\t\t\t<\/div>\n\t\t\t\t<\/div>\n\t\t\t\t<\/div>\n\t\t<div class=\"elementor-element elementor-element-83c6ba0 e-con-full e-flex e-con e-parent\" data-id=\"83c6ba0\" data-element_type=\"container\">\n\t\t\t\t<div class=\"elementor-element elementor-element-4418ad2 elementor-widget elementor-widget-text-editor\" data-id=\"4418ad2\" data-element_type=\"widget\" data-widget_type=\"text-editor.default\">\n\t\t\t\t<div class=\"elementor-widget-container\">\n\t\t\t\t\t\t\t<h2>Ensemble, c'est un autre voyage<\/h2>\n<p>Voyager est une exp\u00e9rience qui \u00e9largit les horizons et fait tomber les fronti\u00e8res, mais l'\u00e9tat des lieux ne correspond pas toujours aux besoins sp\u00e9cifiques de tous les voyageurs. Souvent, les portes ouvertes \u00e0 la connaissance se transforment en obstacles. Nous nous effor\u00e7ons de faciliter la recherche du bon voyage \u00e0 partager avec ceux que vous aimez.<\/p>\t\t\t\t\t\t<\/div>\n\t\t\t\t<\/div>\n\t\t\t\t<\/div>\n\t\t\t\t\t<\/div>\n\t\t\t\t<\/div>\n\t\t<div class=\"elementor-element elementor-element-592e3cd turismo_giovani e-flex e-con-boxed e-con e-parent\" data-id=\"592e3cd\" data-element_type=\"container\">\n\t\t\t\t\t<div class=\"e-con-inner\">\n\t\t<div class=\"elementor-element elementor-element-238e174 e-con-full e-flex e-con e-parent\" data-id=\"238e174\" data-element_type=\"container\">\n\t\t\t\t<div class=\"elementor-element elementor-element-b232f86 elementor-widget elementor-widget-text-editor\" data-id=\"b232f86\" data-element_type=\"widget\" data-widget_type=\"text-editor.default\">\n\t\t\t\t<div class=\"elementor-widget-container\">\n\t\t\t\t\t\t\t<h2> Apprenons des jeunes \u00e0 r\u00eaver d'un tourisme accessible <\/h2>\t\t\t\t\t\t<\/div>\n\t\t\t\t<\/div>\n\t\t\t\t<\/div>\n\t\t<div class=\"elementor-element elementor-element-ac6205a e-con-full e-flex e-con e-parent\" data-id=\"ac6205a\" data-element_type=\"container\">\n\t\t\t\t<div class=\"elementor-element elementor-element-25aa2c6 elementor-widget elementor-widget-text-editor\" data-id=\"25aa2c6\" data-element_type=\"widget\" data-widget_type=\"text-editor.default\">\n\t\t\t\t<div class=\"elementor-widget-container\">\n\t\t\t\t\t\t\t<p>La technologie seule, m\u00eame la plus avanc\u00e9e, n'est pas suffisante pour mettre les informations sur l'accessibilit\u00e9 \u00e0 la disposition des utilisateurs. L'implication des \u00e9tudiants en sociologie et en ing\u00e9nierie de gestion nous a sembl\u00e9 la meilleure fa\u00e7on d'essayer d'identifier un mod\u00e8le pour \"mettre de l'ordre\" et mettre les informations de base \u00e0 la disposition des voyageurs. Ils consacrent leur formation \u00e0 l'\u00e9tude des m\u00e9thodes permettant d'am\u00e9liorer la fiabilit\u00e9 et l'utilit\u00e9 de nos outils.<\/p>\t\t\t\t\t\t<\/div>\n\t\t\t\t<\/div>\n\t\t\t\t<\/div>\n\t\t\t\t\t<\/div>\n\t\t\t\t<\/div>\n\t\t<div class=\"elementor-element elementor-element-df6f3eb turismo_grid e-flex e-con-boxed e-con e-parent\" data-id=\"df6f3eb\" data-element_type=\"container\">\n\t\t\t\t\t<div class=\"e-con-inner\">\n\t\t<div class=\"elementor-element elementor-element-8d384df e-con-full e-flex e-con e-parent\" data-id=\"8d384df\" data-element_type=\"container\">\n\t\t\t\t<div class=\"elementor-element elementor-element-39b65ee elementor-position-top elementor-widget elementor-widget-image-box\" data-id=\"39b65ee\" data-element_type=\"widget\" data-widget_type=\"image-box.default\">\n\t\t\t\t<div class=\"elementor-widget-container\">\n\t\t\t<div class=\"elementor-image-box-wrapper\"><figure class=\"elementor-image-box-img\"><a href=\"mailto:redazione@movery.it?subject=Info Chatbot\" tabindex=\"-1\"><img decoding=\"async\" width=\"71\" height=\"70\" src=\"https:\/\/movery.it\/wp-content\/uploads\/2023\/03\/customer-chat-assistant.svg\" class=\"attachment-full size-full wp-image-24792\" alt=\"\" \/><\/a><\/figure><div class=\"elementor-image-box-content\"><h3 class=\"elementor-image-box-title\"><a href=\"mailto:redazione@movery.it?subject=Info Chatbot\">CHATBOT DES DESTINATIONS ACCESSIBLES<\/a><\/h3><p class=\"elementor-image-box-description\"><p>Les \u00e9tudiants travaillent notamment sur la conception des flux d'un chatbot qui permet \u00e0 l'utilisateur de trouver rapidement la destination dont les caract\u00e9ristiques sont les plus proches de ses besoins.<\/p>\n\n<span>\n<a href=\"mailto:redazione@movery.it?subject=Info Chatbot\">Demande d'information<\/a>\n<img decoding=\"async\" src=\"https:\/\/movery.it\/wp-content\/uploads\/2023\/03\/arrow.svg\" alt=\"\" \/>\n<\/span><\/p><\/div><\/div>\t\t<\/div>\n\t\t\t\t<\/div>\n\t\t\t\t<\/div>\n\t\t<div class=\"elementor-element elementor-element-0f3860b e-con-full e-flex e-con e-parent\" data-id=\"0f3860b\" data-element_type=\"container\">\n\t\t\t\t<div class=\"elementor-element elementor-element-3229680 elementor-position-top elementor-widget elementor-widget-image-box\" data-id=\"3229680\" data-element_type=\"widget\" data-widget_type=\"image-box.default\">\n\t\t\t\t<div class=\"elementor-widget-container\">\n\t\t\t<div class=\"elementor-image-box-wrapper\"><figure class=\"elementor-image-box-img\"><a href=\"mailto:redazione@movery.it?subject=Tester\" tabindex=\"-1\"><img decoding=\"async\" width=\"69\" height=\"70\" src=\"https:\/\/movery.it\/wp-content\/uploads\/2023\/03\/ar-museum.svg\" class=\"attachment-full size-full wp-image-24786\" alt=\"\" \/><\/a><\/figure><div class=\"elementor-image-box-content\"><h3 class=\"elementor-image-box-title\"><a href=\"mailto:redazione@movery.it?subject=Tester\">UN REGARD ACCESSIBLE SUR L'AR<\/a><\/h3><p class=\"elementor-image-box-description\"><p>Nous d\u00e9veloppons une application qui utilisera la r\u00e9alit\u00e9 augment\u00e9e pour montrer des informations sur les points d'int\u00e9r\u00eat et des donn\u00e9es utiles sur l'accessibilit\u00e9. Nous souhaitons collaborer avec des utilisateurs r\u00e9els : si vous \u00eates une association ou une personne priv\u00e9e s'occupant d'accessibilit\u00e9, n'h\u00e9sitez pas \u00e0 nous contacter.<\/p>\n<span>\n<a href=\"mailto:redazione@movery.it?subject=Tester\">Devenir testeur<\/a>\n<img decoding=\"async\" src=\"https:\/\/movery.it\/wp-content\/uploads\/2023\/03\/arrow.svg\" alt=\"\" \/>\n<\/span><\/p><\/div><\/div>\t\t<\/div>\n\t\t\t\t<\/div>\n\t\t\t\t<\/div>\n\t\t<div class=\"elementor-element elementor-element-15615d2 e-con-full e-flex e-con e-parent\" data-id=\"15615d2\" data-element_type=\"container\">\n\t\t\t\t<div class=\"elementor-element elementor-element-2141c06 elementor-position-top elementor-widget elementor-widget-image-box\" data-id=\"2141c06\" data-element_type=\"widget\" data-widget_type=\"image-box.default\">\n\t\t\t\t<div class=\"elementor-widget-container\">\n\t\t\t<div class=\"elementor-image-box-wrapper\"><figure class=\"elementor-image-box-img\"><a href=\"mailto:redazione@movery.it?subject=Partnership\" tabindex=\"-1\"><img loading=\"lazy\" decoding=\"async\" width=\"74\" height=\"70\" src=\"https:\/\/movery.it\/wp-content\/uploads\/2023\/03\/handshake.svg\" class=\"attachment-full size-full wp-image-24783\" alt=\"\" \/><\/a><\/figure><div class=\"elementor-image-box-content\"><h3 class=\"elementor-image-box-title\"><a href=\"mailto:redazione@movery.it?subject=Partnership\">INVESTIR DANS LA CULTURE ET L'ACCESSIBILIT\u00c9<\/a><\/h3><p class=\"elementor-image-box-description\"><p>Movery est une plateforme propri\u00e9taire \u00e0 la recherche d'investisseurs qui croient en l'innovation touristique. Vous vous sentez concern\u00e9s par les m\u00eames questions que nous ? Contactez-nous pour un partenariat.<\/p>\n<span>\n<a href=\"mailto:redazione@movery.it?subject=Partnership\">Investir dans Movery<\/a>\n<img decoding=\"async\" src=\"https:\/\/movery.it\/wp-content\/uploads\/2023\/03\/arrow.svg\" alt=\"\" \/>\n<\/span><\/p><\/div><\/div>\t\t<\/div>\n\t\t\t\t<\/div>\n\t\t\t\t<\/div>\n\t\t\t\t\t<\/div>\n\t\t\t\t<\/div>\n\t\t<div class=\"elementor-element elementor-element-6d1d19a turismo_tirocinio e-flex e-con-boxed e-con e-parent\" data-id=\"6d1d19a\" data-element_type=\"container\">\n\t\t\t\t\t<div class=\"e-con-inner\">\n\t\t<div class=\"elementor-element elementor-element-275ef22 e-con-full e-flex e-con e-parent\" data-id=\"275ef22\" data-element_type=\"container\">\n\t\t\t\t<div class=\"elementor-element elementor-element-4d497ba elementor-widget elementor-widget-text-editor\" data-id=\"4d497ba\" data-element_type=\"widget\" data-widget_type=\"text-editor.default\">\n\t\t\t\t<div class=\"elementor-widget-container\">\n\t\t\t\t\t\t\t<h2>Th\u00e8se sur le tourisme et l'accessibilit\u00e9<\/h2>\n<p>Certains stagiaires se sentent tellement proches du sujet qu'ils souhaitent l'approfondir par une th\u00e8se. En retour, nous leur offrons toutes les comp\u00e9tences de base qui peuvent \u00eatre r\u00e9utilis\u00e9es dans leur carri\u00e8re num\u00e9rique, cr\u00e9ant ainsi un \u00e9change vertueux de comp\u00e9tences.<\/p>\t\t\t\t\t\t<\/div>\n\t\t\t\t<\/div>\n\t\t\t\t<div class=\"elementor-element elementor-element-024514b elementor-widget elementor-widget-button\" data-id=\"024514b\" data-element_type=\"widget\" data-widget_type=\"button.default\">\n\t\t\t\t<div class=\"elementor-widget-container\">\n\t\t\t\t\t\t\t<div class=\"elementor-button-wrapper\">\n\t\t\t\t\t<a class=\"elementor-button elementor-button-link elementor-size-sm\" href=\"mailto:redazione@movery.it?subject=Tirocinio\">\n\t\t\t\t\t\t<span class=\"elementor-button-content-wrapper\">\n\t\t\t\t\t\t\t\t\t<span class=\"elementor-button-text\">Candidature \u00e0 l'apprentissage<\/span>\n\t\t\t\t\t<\/span>\n\t\t\t\t\t<\/a>\n\t\t\t\t<\/div>\n\t\t\t\t\t\t<\/div>\n\t\t\t\t<\/div>\n\t\t\t\t<\/div>\n\t\t<div class=\"elementor-element elementor-element-b27661f e-con-full e-flex e-con e-parent\" data-id=\"b27661f\" data-element_type=\"container\">\n\t\t\t\t<\/div>\n\t\t\t\t\t<\/div>\n\t\t\t\t<\/div>\n\t\t<div class=\"elementor-element elementor-element-8f06d03 turismo_icons_text e-flex e-con-boxed e-con e-parent\" data-id=\"8f06d03\" data-element_type=\"container\">\n\t\t\t\t\t<div class=\"e-con-inner\">\n\t\t\t\t<div class=\"elementor-element elementor-element-278c761 elementor-widget elementor-widget-text-editor\" data-id=\"278c761\" data-element_type=\"widget\" data-widget_type=\"text-editor.default\">\n\t\t\t\t<div class=\"elementor-widget-container\">\n\t\t\t\t\t\t\t<h2>Quelques moyens d'\u00eatre accessible<\/h2>\n<p>Movery d\u00e9veloppe un algorithme bas\u00e9 sur des capacit\u00e9s d'intelligence artificielle qui propose aux utilisateurs des itin\u00e9raires de voyage personnalis\u00e9s en fonction de leurs int\u00e9r\u00eats et de leurs besoins sp\u00e9cifiques. L'algorithme s'auto-apprend \u00e0 partir des choix des utilisateurs et filtre les meilleurs r\u00e9sultats pour eux.<\/p>\n<p>En attendant, si vous g\u00e9rez un lieu de divertissement ou de culture, vous pouvez commencer par porter votre attention sur ces aides et \u00e9quipements qui rendent les lieux plus accessibles \u00e0 tous et vous soumettre \u00e0 des questionnaires pour \u00e9valuer le niveau d'accessibilit\u00e9.<\/p>\t\t\t\t\t\t<\/div>\n\t\t\t\t<\/div>\n\t\t\t\t\t<\/div>\n\t\t\t\t<\/div>\n\t\t<div class=\"elementor-element elementor-element-0d90914 turismo_icons e-flex e-con-boxed e-con e-parent\" data-id=\"0d90914\" data-element_type=\"container\">\n\t\t\t\t\t<div class=\"e-con-inner\">\n\t\t<div class=\"elementor-element elementor-element-23bab3e e-con-full e-flex e-con e-parent\" data-id=\"23bab3e\" data-element_type=\"container\">\n\t\t\t\t<div class=\"elementor-element elementor-element-c85f5dd elementor-position-top elementor-widget elementor-widget-image-box\" data-id=\"c85f5dd\" data-element_type=\"widget\" data-widget_type=\"image-box.default\">\n\t\t\t\t<div class=\"elementor-widget-container\">\n\t\t\t<div class=\"elementor-image-box-wrapper\"><figure class=\"elementor-image-box-img\"><img loading=\"lazy\" decoding=\"async\" width=\"54\" height=\"70\" src=\"https:\/\/movery.it\/wp-content\/uploads\/2023\/03\/nobarrier.svg\" class=\"attachment-full size-full wp-image-24798\" alt=\"\" \/><\/figure><div class=\"elementor-image-box-content\"><p class=\"elementor-image-box-description\"><p>Supports pour les personnes handicap\u00e9es moteur<\/p><\/p><\/div><\/div>\t\t<\/div>\n\t\t\t\t<\/div>\n\t\t\t\t<\/div>\n\t\t<div class=\"elementor-element elementor-element-2f73a0e e-con-full e-flex e-con e-parent\" data-id=\"2f73a0e\" data-element_type=\"container\">\n\t\t\t\t<div class=\"elementor-element elementor-element-c09d78c elementor-position-top elementor-widget elementor-widget-image-box\" data-id=\"c09d78c\" data-element_type=\"widget\" data-widget_type=\"image-box.default\">\n\t\t\t\t<div class=\"elementor-widget-container\">\n\t\t\t<div class=\"elementor-image-box-wrapper\"><figure class=\"elementor-image-box-img\"><img loading=\"lazy\" decoding=\"async\" width=\"82\" height=\"70\" src=\"https:\/\/movery.it\/wp-content\/uploads\/2023\/03\/kids.svg\" class=\"attachment-full size-full wp-image-24774\" alt=\"\" \/><\/figure><div class=\"elementor-image-box-content\"><p class=\"elementor-image-box-description\"><p>Aides aux familles<\/p><\/p><\/div><\/div>\t\t<\/div>\n\t\t\t\t<\/div>\n\t\t\t\t<\/div>\n\t\t<div class=\"elementor-element elementor-element-21c0f41 e-con-full e-flex e-con e-parent\" data-id=\"21c0f41\" data-element_type=\"container\">\n\t\t\t\t<div class=\"elementor-element elementor-element-6467038 elementor-position-top elementor-widget elementor-widget-image-box\" data-id=\"6467038\" data-element_type=\"widget\" data-widget_type=\"image-box.default\">\n\t\t\t\t<div class=\"elementor-widget-container\">\n\t\t\t<div class=\"elementor-image-box-wrapper\"><figure class=\"elementor-image-box-img\"><img loading=\"lazy\" decoding=\"async\" width=\"40\" height=\"40\" src=\"https:\/\/movery.it\/wp-content\/uploads\/2023\/03\/pets.svg\" class=\"attachment-full size-full wp-image-24777\" alt=\"\" \/><\/figure><div class=\"elementor-image-box-content\"><p class=\"elementor-image-box-description\"><p>Accueil des animaux<\/p><\/p><\/div><\/div>\t\t<\/div>\n\t\t\t\t<\/div>\n\t\t\t\t<\/div>\n\t\t<div class=\"elementor-element elementor-element-7b12c2f e-con-full e-flex e-con e-parent\" data-id=\"7b12c2f\" data-element_type=\"container\">\n\t\t\t\t<div class=\"elementor-element elementor-element-2a839f9 elementor-position-top elementor-widget elementor-widget-image-box\" data-id=\"2a839f9\" data-element_type=\"widget\" data-widget_type=\"image-box.default\">\n\t\t\t\t<div class=\"elementor-widget-container\">\n\t\t\t<div class=\"elementor-image-box-wrapper\"><figure class=\"elementor-image-box-img\"><img loading=\"lazy\" decoding=\"async\" width=\"42\" height=\"42\" src=\"https:\/\/movery.it\/wp-content\/uploads\/2023\/03\/parking.svg\" class=\"attachment-full size-full wp-image-24795\" alt=\"\" \/><\/figure><div class=\"elementor-image-box-content\"><p class=\"elementor-image-box-description\"><p>Places de parking \u00e0 proximit\u00e9 des installations<\/p><\/p><\/div><\/div>\t\t<\/div>\n\t\t\t\t<\/div>\n\t\t\t\t<\/div>\n\t\t<div class=\"elementor-element elementor-element-b0ebcbc e-con-full e-flex e-con e-parent\" data-id=\"b0ebcbc\" data-element_type=\"container\">\n\t\t\t\t<div class=\"elementor-element elementor-element-f115595 elementor-position-top elementor-widget elementor-widget-image-box\" data-id=\"f115595\" data-element_type=\"widget\" data-widget_type=\"image-box.default\">\n\t\t\t\t<div class=\"elementor-widget-container\">\n\t\t\t<div class=\"elementor-image-box-wrapper\"><figure class=\"elementor-image-box-img\"><img loading=\"lazy\" decoding=\"async\" width=\"124\" height=\"81\" src=\"https:\/\/movery.it\/wp-content\/uploads\/2023\/03\/braille.svg\" class=\"attachment-full size-full wp-image-24789\" alt=\"\" \/><\/figure><div class=\"elementor-image-box-content\"><p class=\"elementor-image-box-description\"><p>Aides pour les handicap\u00e9s sensoriels<\/p><\/p><\/div><\/div>\t\t<\/div>\n\t\t\t\t<\/div>\n\t\t\t\t<\/div>\n\t\t<div class=\"elementor-element elementor-element-40d2d5b e-con-full e-flex e-con e-parent\" data-id=\"40d2d5b\" data-element_type=\"container\">\n\t\t\t\t<div class=\"elementor-element elementor-element-98cdf0e elementor-position-top elementor-widget elementor-widget-image-box\" data-id=\"98cdf0e\" data-element_type=\"widget\" data-widget_type=\"image-box.default\">\n\t\t\t\t<div class=\"elementor-widget-container\">\n\t\t\t<div class=\"elementor-image-box-wrapper\"><figure class=\"elementor-image-box-img\"><img loading=\"lazy\" decoding=\"async\" width=\"66\" height=\"81\" src=\"https:\/\/movery.it\/wp-content\/uploads\/2023\/03\/foreign-support.svg\" class=\"attachment-full size-full wp-image-24780\" alt=\"\" \/><\/figure><div class=\"elementor-image-box-content\"><p class=\"elementor-image-box-description\"><p>Soutien linguistique<\/p><\/p><\/div><\/div>\t\t<\/div>\n\t\t\t\t<\/div>\n\t\t\t\t<\/div>\n\t\t\t\t\t<\/div>\n\t\t\t\t<\/div>\n\t\t<div class=\"elementor-element elementor-element-79c1230 turimo_icons_btn e-flex e-con-boxed e-con e-parent\" data-id=\"79c1230\" data-element_type=\"container\">\n\t\t\t\t\t<div class=\"e-con-inner\">\n\t\t\t\t<div class=\"elementor-element elementor-element-1db80f9 elementor-align-center elementor-widget elementor-widget-button\" data-id=\"1db80f9\" data-element_type=\"widget\" data-widget_type=\"button.default\">\n\t\t\t\t<div class=\"elementor-widget-container\">\n\t\t\t\t\t\t\t<div class=\"elementor-button-wrapper\">\n\t\t\t\t\t<a class=\"elementor-button elementor-button-link elementor-size-sm\" href=\"mailto:redazione@movery.it?subject=Partecipazione al progetto accessibilit\u00e0\">\n\t\t\t\t\t\t<span class=\"elementor-button-content-wrapper\">\n\t\t\t\t\t\t\t\t\t<span class=\"elementor-button-text\">Demande d'information sur le projet d'accessibilit\u00e9<\/span>\n\t\t\t\t\t<\/span>\n\t\t\t\t\t<\/a>\n\t\t\t\t<\/div>\n\t\t\t\t\t\t<\/div>\n\t\t\t\t<\/div>\n\t\t\t\t\t<\/div>\n\t\t\t\t<\/div>\n\t\t<div class=\"elementor-element elementor-element-821f520 e-flex e-con-boxed e-con e-parent\" data-id=\"821f520\" data-element_type=\"container\" id=\"newsletter_cf7\">\n\t\t\t\t\t<div class=\"e-con-inner\">\n\t\t<div class=\"elementor-element elementor-element-4d48864 e-flex e-con-boxed e-con e-parent\" data-id=\"4d48864\" data-element_type=\"container\">\n\t\t\t\t\t<div class=\"e-con-inner\">\n\t\t\t\t<div class=\"elementor-element elementor-element-8b0faa5 elementor-widget__width-initial elementor-widget elementor-widget-heading\" data-id=\"8b0faa5\" data-element_type=\"widget\" data-widget_type=\"heading.default\">\n\t\t\t\t<div class=\"elementor-widget-container\">\n\t\t\t<h2 class=\"elementor-heading-title elementor-size-large\">Laissez votre adresse \u00e9lectronique pour recevoir les mises \u00e0 jour du projet<\/h2>\t\t<\/div>\n\t\t\t\t<\/div>\n\t\t\t\t<div class=\"elementor-element elementor-element-6978215 elementor-widget elementor-widget-shortcode\" data-id=\"6978215\" data-element_type=\"widget\" data-widget_type=\"shortcode.default\">\n\t\t\t\t<div class=\"elementor-widget-container\">\n\t\t\t\t\t<div class=\"elementor-shortcode\">\n<div class=\"wpcf7 no-js\" id=\"wpcf7-f30892-o1\" lang=\"it-IT\" dir=\"ltr\" data-wpcf7-id=\"30892\">\n<div class=\"screen-reader-response\"><p role=\"status\" aria-live=\"polite\" aria-atomic=\"true\"><\/p> <ul><\/ul><\/div>\n<form action=\"\/fr\/wp-json\/wp\/v2\/pages\/14810#wpcf7-f30892-o1\" method=\"post\" class=\"wpcf7-form init\" aria-label=\"Formulaire de contact\" novalidate=\"novalidate\" data-status=\"init\" data-trp-original-action=\"\/fr\/wp-json\/wp\/v2\/pages\/14810#wpcf7-f30892-o1\">\n<div style=\"display: none;\">\n<input type=\"hidden\" name=\"_wpcf7\" value=\"30892\" \/>\n<input type=\"hidden\" name=\"_wpcf7_version\" value=\"6.0.3\" \/>\n<input type=\"hidden\" name=\"_wpcf7_locale\" value=\"it_IT\" \/>\n<input type=\"hidden\" name=\"_wpcf7_unit_tag\" value=\"wpcf7-f30892-o1\" \/>\n<input type=\"hidden\" name=\"_wpcf7_container_post\" value=\"0\" \/>\n<input type=\"hidden\" name=\"_wpcf7_posted_data_hash\" value=\"\" \/>\n<input type=\"hidden\" name=\"_wpcf7_recaptcha_response\" value=\"\" \/>\n<\/div>\n<div class=\"newsletter_form\">\n\t<p><span class=\"wpcf7-form-control-wrap\" data-name=\"email_nl\"><input size=\"40\" maxlength=\"400\" class=\"wpcf7-form-control wpcf7-email wpcf7-validates-as-required wpcf7-text wpcf7-validates-as-email email_nl\" aria-required=\"true\" aria-invalid=\"false\" placeholder=\"example@email.com\" value=\"\" type=\"email\" name=\"email_nl\" \/><\/span><br \/>\n\t<span class=\"wpcf7-form-control-wrap recaptcha\" data-name=\"recaptcha\"><span data-sitekey=\"6Ldocv8pAAAAAFSzsm48uEP7NOsz3Db9eygMjepS\" class=\"wpcf7-form-control wpcf7-recaptcha g-recaptcha\"><\/span>\r\n<noscript>\r\n\t<div class=\"grecaptcha-noscript\">\r\n\t\t<iframe src=\"https:\/\/www.google.com\/recaptcha\/api\/fallback?k=6Ldocv8pAAAAAFSzsm48uEP7NOsz3Db9eygMjepS\" frameborder=\"0\" scrolling=\"no\" width=\"310\" height=\"430\">\r\n\t\t<\/iframe>\r\n\t\t<textarea name=\"g-recaptcha-response\" rows=\"3\" cols=\"40\" placeholder=\"R\u00e9ponse reCaptcha ici\">\r\n\t\t<\/textarea>\r\n\t<\/div>\r\n<\/noscript>\r\n<\/span>\n\t<\/p>\n\t<div class=\"nl_form_btn\">\n\t\t<p><input class=\"wpcf7-form-control wpcf7-submit has-spinner nl_submit\" type=\"submit\" value=\"S&#039;inscrire \u00e0 la lettre d&#039;information\" \/>\n\t\t<\/p>\n\t<\/div>\n\t<p><span class=\"wpcf7-form-control-wrap\" data-name=\"privacy\"><span class=\"wpcf7-form-control wpcf7-acceptance\"><span class=\"wpcf7-list-item\"><label><input type=\"checkbox\" name=\"privacy\" value=\"1\" aria-invalid=\"false\" \/><span class=\"wpcf7-list-item-label\">Je consens au traitement de mes donn\u00e9es personnelles et d\u00e9clare avoir pris connaissance de l'avis de la Commission europ\u00e9enne. <a href=\"https:\/\/movery.it\/fr\/privacy-policy\/\">Politique de confidentialit\u00e9<\/a><\/span><\/label><\/span><\/span><\/span>\n\t<\/p>\n<\/div><div class=\"wpcf7-response-output\" aria-hidden=\"true\"><\/div>\n<input type=\"hidden\" name=\"trp-form-language\" value=\"fr\"\/><\/form>\n<\/div>\n<\/div>\n\t\t\t\t<\/div>\n\t\t\t\t<\/div>\n\t\t\t\t\t<\/div>\n\t\t\t\t<\/div>\n\t\t\t\t\t<\/div>\n\t\t\t\t<\/div>\n\t\t\t\t<\/div>","protected":false},"excerpt":{"rendered":"<p>Ensemble, c'est un tout autre voyage Voyager est une exp\u00e9rience qui \u00e9largit les horizons et brise...<\/p>","protected":false},"author":2,"featured_media":0,"parent":0,"menu_order":0,"comment_status":"closed","ping_status":"closed","template":"","meta":{"_seopress_robots_primary_cat":"","content-type":"","footnotes":""},"class_list":["post-14810","page","type-page","status-publish","has-post-thumbnail","hentry"],"pp_statuses_selecting_workflow":false,"pp_workflow_action":"current","pp_status_selection":"publish","_links":{"self":[{"href":"https:\/\/movery.it\/fr\/wp-json\/wp\/v2\/pages\/14810","targetHints":{"allow":["GET"]}}],"collection":[{"href":"https:\/\/movery.it\/fr\/wp-json\/wp\/v2\/pages"}],"about":[{"href":"https:\/\/movery.it\/fr\/wp-json\/wp\/v2\/types\/page"}],"author":[{"embeddable":true,"href":"https:\/\/movery.it\/fr\/wp-json\/wp\/v2\/users\/2"}],"replies":[{"embeddable":true,"href":"https:\/\/movery.it\/fr\/wp-json\/wp\/v2\/comments?post=14810"}],"version-history":[{"count":5,"href":"https:\/\/movery.it\/fr\/wp-json\/wp\/v2\/pages\/14810\/revisions"}],"predecessor-version":[{"id":30948,"href":"https:\/\/movery.it\/fr\/wp-json\/wp\/v2\/pages\/14810\/revisions\/30948"}],"wp:attachment":[{"href":"https:\/\/movery.it\/fr\/wp-json\/wp\/v2\/media?parent=14810"}],"curies":[{"name":"wp","href":"https:\/\/api.w.org\/{rel}","templated":true}]}}