{"id":14812,"date":"2023-01-24T14:32:25","date_gmt":"2023-01-24T13:32:25","guid":{"rendered":"http:\/\/shop.movery.it\/?page_id=14812"},"modified":"2023-11-22T16:12:57","modified_gmt":"2023-11-22T15:12:57","slug":"dicono-di-noi","status":"publish","type":"page","link":"https:\/\/movery.it\/fr\/dicono-di-noi\/","title":{"rendered":"Ce qu'ils disent de nous"},"content":{"rendered":"<div data-elementor-type=\"wp-page\" data-elementor-id=\"14812\" class=\"elementor elementor-14812\">\n\t\t\t\t<div class=\"elementor-element elementor-element-86fcf98 feedback_title e-flex e-con-boxed e-con e-parent\" data-id=\"86fcf98\" data-element_type=\"container\">\n\t\t\t\t\t<div class=\"e-con-inner\">\n\t\t<div class=\"elementor-element elementor-element-a237a27 e-con-full e-flex e-con e-parent\" data-id=\"a237a27\" data-element_type=\"container\">\n\t\t\t\t<div class=\"elementor-element elementor-element-daf26c9 elementor-widget elementor-widget-image\" data-id=\"daf26c9\" data-element_type=\"widget\" data-widget_type=\"image.default\">\n\t\t\t\t<div class=\"elementor-widget-container\">\n\t\t\t\t\t\t\t\t\t\t\t\t\t<img fetchpriority=\"high\" decoding=\"async\" width=\"653\" height=\"459\" src=\"https:\/\/movery.it\/wp-content\/uploads\/2023\/03\/movery-reviews-hero.png\" class=\"attachment-full size-full wp-image-23903\" alt=\"commentaires sur les films\" srcset=\"https:\/\/movery.it\/wp-content\/uploads\/2023\/03\/movery-reviews-hero.png 653w, https:\/\/movery.it\/wp-content\/uploads\/2023\/03\/movery-reviews-hero-768x539.png 768w, https:\/\/movery.it\/wp-content\/uploads\/2023\/03\/movery-reviews-hero-600x421.png 600w, https:\/\/movery.it\/wp-content\/uploads\/2023\/03\/movery-reviews-hero-18x12.png 18w\" sizes=\"(max-width: 653px) 100vw, 653px\" \/>\t\t\t\t\t\t\t\t\t\t\t\t\t<\/div>\n\t\t\t\t<\/div>\n\t\t\t\t<\/div>\n\t\t<div class=\"elementor-element elementor-element-588c38f e-con-full e-flex e-con e-parent\" data-id=\"588c38f\" data-element_type=\"container\">\n\t\t\t\t<div class=\"elementor-element elementor-element-8db2da2 elementor-widget-tablet__width-inherit elementor-widget elementor-widget-text-editor\" data-id=\"8db2da2\" data-element_type=\"widget\" data-widget_type=\"text-editor.default\">\n\t\t\t\t<div class=\"elementor-widget-container\">\n\t\t\t\t\t\t\t<h1>Vos commentaires sont les plus belles cartes postales de nos exp\u00e9riences.<\/h1>\n<p>Nous voulons faire la diff\u00e9rence et nous avons compris que la cl\u00e9 est d'\u00e9couter ! C'est pourquoi, \u00e0 la fin de chaque voyage avec Movery, vous pouvez aller au-del\u00e0 d'un simple commentaire et nous dire en d\u00e9tail comment s'est d\u00e9roul\u00e9e votre exp\u00e9rience.<\/p>\n<p>Choisissez le mode questionnaire ou appel t\u00e9l\u00e9phonique de courtoisie pour nous faire savoir comment s'est d\u00e9roul\u00e9 votre dernier voyage avec nous et si notre assistance num\u00e9rique au voyage vous a aid\u00e9.<br>Gr\u00e2ce \u00e0 vos commentaires, nous pouvons concevoir de nouveaux services utiles pour vous et mieux vous aider lors de votre prochain voyage. Nous avons \u00e9t\u00e9 particuli\u00e8rement performants ? Permettez au service de se d\u00e9velopper en laissant \u00e9galement un commentaire.<\/p>\t\t\t\t\t\t<\/div>\n\t\t\t\t<\/div>\n\t\t\t\t<\/div>\n\t\t\t\t\t<\/div>\n\t\t\t\t<\/div>\n\t\t<div class=\"elementor-element elementor-element-c2d2c2f e-con-full feedback_divider e-flex e-con e-parent\" data-id=\"c2d2c2f\" data-element_type=\"container\">\n\t\t\t\t<div class=\"elementor-element elementor-element-6899038 elementor-widget elementor-widget-image\" data-id=\"6899038\" data-element_type=\"widget\" data-widget_type=\"image.default\">\n\t\t\t\t<div class=\"elementor-widget-container\">\n\t\t\t\t\t\t\t\t\t\t\t\t\t<img decoding=\"async\" width=\"1441\" height=\"308\" src=\"https:\/\/movery.it\/wp-content\/uploads\/2023\/03\/movery-divider.png\" class=\"attachment-full size-full wp-image-23900\" alt=\"s\u00e9parateur movery\" srcset=\"https:\/\/movery.it\/wp-content\/uploads\/2023\/03\/movery-divider.png 1441w, https:\/\/movery.it\/wp-content\/uploads\/2023\/03\/movery-divider-768x164.png 768w, https:\/\/movery.it\/wp-content\/uploads\/2023\/03\/movery-divider-600x128.png 600w\" sizes=\"(max-width: 1441px) 100vw, 1441px\" \/>\t\t\t\t\t\t\t\t\t\t\t\t\t<\/div>\n\t\t\t\t<\/div>\n\t\t\t\t<\/div>\n\t\t<div class=\"elementor-element elementor-element-7fafe46 feedback_trustpilot e-flex e-con-boxed e-con e-parent\" data-id=\"7fafe46\" data-element_type=\"container\">\n\t\t\t\t\t<div class=\"e-con-inner\">\n\t\t\t\t<div class=\"elementor-element elementor-element-aebf0c1 elementor-widget-laptop__width-initial elementor-widget elementor-widget-text-editor\" data-id=\"aebf0c1\" data-element_type=\"widget\" data-widget_type=\"text-editor.default\">\n\t\t\t\t<div class=\"elementor-widget-container\">\n\t\t\t\t\t\t\t<p>Voici comment nous \u00e9coutons les d\u00e9m\u00e9nageurs, lisons les commentaires<\/p>\t\t\t\t\t\t<\/div>\n\t\t\t\t<\/div>\n\t\t\t\t<div class=\"elementor-element elementor-element-b1c4888 elementor-widget elementor-widget-text-editor\" data-id=\"b1c4888\" data-element_type=\"widget\" data-widget_type=\"text-editor.default\">\n\t\t\t\t<div class=\"elementor-widget-container\">\n\t\t\t\t\t\t\t<a href=\"https:\/\/it.trustpilot.com\/review\/movery.it\" target=\"_blank\" rel=\"noopener\" class=\"broken_link\">R\u00e9digez votre commentaire<\/a>\t\t\t\t\t\t<\/div>\n\t\t\t\t<\/div>\n\t\t\t\t\t<\/div>\n\t\t\t\t<\/div>\n\t\t<div class=\"elementor-element elementor-element-9452acf e-flex e-con-boxed e-con e-parent\" data-id=\"9452acf\" data-element_type=\"container\">\n\t\t\t\t\t<div class=\"e-con-inner\">\n\t\t\t\t<div class=\"elementor-element elementor-element-5659f9f elementor-widget-divider--view-line elementor-widget elementor-widget-divider\" data-id=\"5659f9f\" data-element_type=\"widget\" data-widget_type=\"divider.default\">\n\t\t\t\t<div class=\"elementor-widget-container\">\n\t\t\t\t\t<div class=\"elementor-divider\">\n\t\t\t<span class=\"elementor-divider-separator\">\n\t\t\t\t\t\t<\/span>\n\t\t<\/div>\n\t\t\t\t<\/div>\n\t\t\t\t<\/div>\n\t\t\t\t\t<\/div>\n\t\t\t\t<\/div>\n\t\t<div class=\"elementor-element elementor-element-ebabea8 e-flex e-con-boxed e-con e-parent\" data-id=\"ebabea8\" data-element_type=\"container\">\n\t\t\t\t\t<div class=\"e-con-inner\">\n\t\t\t\t<div class=\"elementor-element elementor-element-43d0099 elementor-widget elementor-widget-html\" data-id=\"43d0099\" data-element_type=\"widget\" data-widget_type=\"html.default\">\n\t\t\t\t<div class=\"elementor-widget-container\">\n\t\t\t<div class=\"feedback_review\">\n    <div class=\"feedback_review_user\">\n    <img decoding=\"async\" src=\"data:image\/svg+xml,%3Csvg xmlns='http:\/\/www.w3.org\/2000\/svg' width='46' height='48' viewBox='0 0 20 20'%3E%3Cg fill='%23013451'%3E%3Cpath d='M 10 11 C 4.08 11 2 14 2 16 L 2 19 L 18 19 L 18 16 C 18 14 15.92 11 10 11 Z'\/%3E%3Ccircle cx='10' cy='5.5' r='4.5'\/%3E%3C\/g%3E%3C\/svg%3E\" alt=\"\" \/>\n    <div class=\"user\">\n    <p><strong>Rocco<\/strong> - D\u00e9cembre 2021<\/p>\n    <div class=\"pic\">\n    <img decoding=\"async\" src=\"https:\/\/cdn-movery.s3.eu-west-1.amazonaws.com\/wp-content\/uploads\/2023\/03\/27153201\/rating-point-full.png\" alt=\"\" \/>\n    <img decoding=\"async\" src=\"https:\/\/cdn-movery.s3.eu-west-1.amazonaws.com\/wp-content\/uploads\/2023\/03\/27153201\/rating-point-full.png\" alt=\"\" \/>\n    <img decoding=\"async\" src=\"https:\/\/cdn-movery.s3.eu-west-1.amazonaws.com\/wp-content\/uploads\/2023\/03\/27153201\/rating-point-full.png\" alt=\"\" \/>\n    <img decoding=\"async\" src=\"https:\/\/cdn-movery.s3.eu-west-1.amazonaws.com\/wp-content\/uploads\/2023\/03\/27153201\/rating-point-full.png\" alt=\"\" \/>\n    <img decoding=\"async\" src=\"https:\/\/cdn-movery.s3.eu-west-1.amazonaws.com\/wp-content\/uploads\/2023\/03\/27153201\/rating-point-full.png\" alt=\"\" \/>\n    <\/div>\n    <\/div>\n    <\/div>\n    \n    <div class=\"feedback_review_text\">\n        <p>\n            Du premier au dernier contact, on sent le professionnalisme aliment\u00e9 par un v\u00e9ritable amour pour sa ville. Cela s'est traduit par des informations pr\u00e9cieuses et opportunes qui ont rendu mon s\u00e9jour \u00e0 Naples inoubliable (nous sommes rest\u00e9s un jour de plus). Nous avons visit\u00e9 Napoli Sotterranea, nous sommes all\u00e9s au th\u00e9\u00e2tre et \u00e0 un \u00e9v\u00e9nement au Castel dell' Ovo. Vous m'avez donn\u00e9 un aper\u00e7u de la \"napolitainit\u00e9\". Je reviendrai et me fierai \u00e0 vos conseils. Merci encore... Rocco\n        <\/p>\n    <\/div>\n    \n<\/div>\t\t<\/div>\n\t\t\t\t<\/div>\n\t\t\t\t\t<\/div>\n\t\t\t\t<\/div>\n\t\t<div class=\"elementor-element elementor-element-23adc83 e-flex e-con-boxed e-con e-parent\" data-id=\"23adc83\" data-element_type=\"container\">\n\t\t\t\t\t<div class=\"e-con-inner\">\n\t\t\t\t<div class=\"elementor-element elementor-element-0d9edc1 elementor-widget-divider--view-line elementor-widget elementor-widget-divider\" data-id=\"0d9edc1\" data-element_type=\"widget\" data-widget_type=\"divider.default\">\n\t\t\t\t<div class=\"elementor-widget-container\">\n\t\t\t\t\t<div class=\"elementor-divider\">\n\t\t\t<span class=\"elementor-divider-separator\">\n\t\t\t\t\t\t<\/span>\n\t\t<\/div>\n\t\t\t\t<\/div>\n\t\t\t\t<\/div>\n\t\t\t\t\t<\/div>\n\t\t\t\t<\/div>\n\t\t<div class=\"elementor-element elementor-element-dad768d e-flex e-con-boxed e-con e-parent\" data-id=\"dad768d\" data-element_type=\"container\">\n\t\t\t\t\t<div class=\"e-con-inner\">\n\t\t\t\t<div class=\"elementor-element elementor-element-77ceb8a elementor-widget elementor-widget-html\" data-id=\"77ceb8a\" data-element_type=\"widget\" data-widget_type=\"html.default\">\n\t\t\t\t<div class=\"elementor-widget-container\">\n\t\t\t<div class=\"feedback_review\">\n    <div class=\"feedback_review_user\">\n    <img decoding=\"async\" src=\"data:image\/svg+xml,%3Csvg xmlns='http:\/\/www.w3.org\/2000\/svg' width='46' height='48' viewBox='0 0 20 20'%3E%3Cg fill='%23013451'%3E%3Cpath d='M 10 11 C 4.08 11 2 14 2 16 L 2 19 L 18 19 L 18 16 C 18 14 15.92 11 10 11 Z'\/%3E%3Ccircle cx='10' cy='5.5' r='4.5'\/%3E%3C\/g%3E%3C\/svg%3E\" alt=\"\" \/>\n    <div class=\"user\">\n    <p><strong>Alessandra Pezone<\/strong> - Novembre 2021<\/p>\n    <div class=\"pic\">\n    <img decoding=\"async\" src=\"https:\/\/cdn-movery.s3.eu-west-1.amazonaws.com\/wp-content\/uploads\/2023\/03\/27153201\/rating-point-full.png\" alt=\"\" \/>\n    <img decoding=\"async\" src=\"https:\/\/cdn-movery.s3.eu-west-1.amazonaws.com\/wp-content\/uploads\/2023\/03\/27153201\/rating-point-full.png\" alt=\"\" \/>\n    <img decoding=\"async\" src=\"https:\/\/cdn-movery.s3.eu-west-1.amazonaws.com\/wp-content\/uploads\/2023\/03\/27153201\/rating-point-full.png\" alt=\"\" \/>\n    <img decoding=\"async\" src=\"https:\/\/cdn-movery.s3.eu-west-1.amazonaws.com\/wp-content\/uploads\/2023\/03\/27153201\/rating-point-full.png\" alt=\"\" \/>\n    <img decoding=\"async\" src=\"https:\/\/cdn-movery.s3.eu-west-1.amazonaws.com\/wp-content\/uploads\/2023\/03\/27153201\/rating-point-full.png\" alt=\"\" \/>\n    <\/div>\n    <\/div>\n    <\/div>\n    \n    <div class=\"feedback_review_text\">\n        <p>\n            J'ai r\u00e9serv\u00e9 une visite guid\u00e9e des souterrains de Naples par whatsapp.<br>\n            Les billets sont arriv\u00e9s en PDF le jour m\u00eame<br>\n            Lorsque je suis arriv\u00e9e, je pensais que je devrais faire une longue queue pour entrer, mais ils ont \u00e9t\u00e9 si rapides qu'ils nous ont fait entrer en quelques minutes.\n            <br>\n            Le guide, tr\u00e8s comp\u00e9tent, a tout expliqu\u00e9 dans les moindres d\u00e9tails<br>\n            Qu'est-ce que je peux dire, je donne 5 \u00e9toiles seulement parce que je ne peux pas en donner plus.<br>\n            Hautement recommand\u00e9\n        <\/p>\n    <\/div>\n    \n<\/div>\t\t<\/div>\n\t\t\t\t<\/div>\n\t\t\t\t\t<\/div>\n\t\t\t\t<\/div>\n\t\t<div class=\"elementor-element elementor-element-ed69917 e-flex e-con-boxed e-con e-parent\" data-id=\"ed69917\" data-element_type=\"container\">\n\t\t\t\t\t<div class=\"e-con-inner\">\n\t\t\t\t<div class=\"elementor-element elementor-element-1c48f6d elementor-widget-divider--view-line elementor-widget elementor-widget-divider\" data-id=\"1c48f6d\" data-element_type=\"widget\" data-widget_type=\"divider.default\">\n\t\t\t\t<div class=\"elementor-widget-container\">\n\t\t\t\t\t<div class=\"elementor-divider\">\n\t\t\t<span class=\"elementor-divider-separator\">\n\t\t\t\t\t\t<\/span>\n\t\t<\/div>\n\t\t\t\t<\/div>\n\t\t\t\t<\/div>\n\t\t\t\t\t<\/div>\n\t\t\t\t<\/div>\n\t\t<div class=\"elementor-element elementor-element-e83f6a5 e-flex e-con-boxed e-con e-parent\" data-id=\"e83f6a5\" data-element_type=\"container\">\n\t\t\t\t\t<div class=\"e-con-inner\">\n\t\t\t\t<div class=\"elementor-element elementor-element-ea71716 elementor-widget elementor-widget-html\" data-id=\"ea71716\" data-element_type=\"widget\" data-widget_type=\"html.default\">\n\t\t\t\t<div class=\"elementor-widget-container\">\n\t\t\t<div class=\"feedback_review\">\n    <div class=\"feedback_review_user\">\n    <img decoding=\"async\" src=\"data:image\/svg+xml,%3Csvg xmlns='http:\/\/www.w3.org\/2000\/svg' width='46' height='48' viewBox='0 0 20 20'%3E%3Cg fill='%23013451'%3E%3Cpath d='M 10 11 C 4.08 11 2 14 2 16 L 2 19 L 18 19 L 18 16 C 18 14 15.92 11 10 11 Z'\/%3E%3Ccircle cx='10' cy='5.5' r='4.5'\/%3E%3C\/g%3E%3C\/svg%3E\" alt=\"\" \/>\n    <div class=\"user\">\n    <p><strong>Ilenia Sarica<\/strong> - Novembre 2021<\/p>\n    <div class=\"pic\">\n    <img decoding=\"async\" src=\"https:\/\/cdn-movery.s3.eu-west-1.amazonaws.com\/wp-content\/uploads\/2023\/03\/27153201\/rating-point-full.png\" alt=\"\" \/>\n    <img decoding=\"async\" src=\"https:\/\/cdn-movery.s3.eu-west-1.amazonaws.com\/wp-content\/uploads\/2023\/03\/27153201\/rating-point-full.png\" alt=\"\" \/>\n    <img decoding=\"async\" src=\"https:\/\/cdn-movery.s3.eu-west-1.amazonaws.com\/wp-content\/uploads\/2023\/03\/27153201\/rating-point-full.png\" alt=\"\" \/>\n    <img decoding=\"async\" src=\"https:\/\/cdn-movery.s3.eu-west-1.amazonaws.com\/wp-content\/uploads\/2023\/03\/27153201\/rating-point-full.png\" alt=\"\" \/>\n    <img decoding=\"async\" src=\"https:\/\/cdn-movery.s3.eu-west-1.amazonaws.com\/wp-content\/uploads\/2023\/03\/27153201\/rating-point-full.png\" alt=\"\" \/>\n    <\/div>\n    <\/div>\n    <\/div>\n    \n    <div class=\"feedback_review_text\">\n        <p>\n            Nous avons visit\u00e9 Naples souterraine et le site arch\u00e9ologique de Pomp\u00e9i avec 16 personnes, dont 8 enfants, et les deux guides ont \u00e9t\u00e9 fantastiques et patients. \u00c0 Pomp\u00e9i, la guide Ninetta a particuli\u00e8rement fascin\u00e9 les enfants en leur expliquant le site d'une mani\u00e8re qui les a captiv\u00e9s. A la prochaine fois\n        <\/p>\n    <\/div>\n    \n<\/div>\t\t<\/div>\n\t\t\t\t<\/div>\n\t\t\t\t\t<\/div>\n\t\t\t\t<\/div>\n\t\t<div class=\"elementor-element elementor-element-836dd35 e-flex e-con-boxed e-con e-parent\" data-id=\"836dd35\" data-element_type=\"container\">\n\t\t\t\t\t<div class=\"e-con-inner\">\n\t\t\t\t<div class=\"elementor-element elementor-element-9c7ea0c elementor-widget-divider--view-line elementor-widget elementor-widget-divider\" data-id=\"9c7ea0c\" data-element_type=\"widget\" data-widget_type=\"divider.default\">\n\t\t\t\t<div class=\"elementor-widget-container\">\n\t\t\t\t\t<div class=\"elementor-divider\">\n\t\t\t<span class=\"elementor-divider-separator\">\n\t\t\t\t\t\t<\/span>\n\t\t<\/div>\n\t\t\t\t<\/div>\n\t\t\t\t<\/div>\n\t\t\t\t\t<\/div>\n\t\t\t\t<\/div>\n\t\t<div class=\"elementor-element elementor-element-68d38a2 feedback_link e-flex e-con-boxed e-con e-parent\" data-id=\"68d38a2\" data-element_type=\"container\">\n\t\t\t\t\t<div class=\"e-con-inner\">\n\t\t\t\t<div class=\"elementor-element elementor-element-4842888 elementor-widget elementor-widget-text-editor\" data-id=\"4842888\" data-element_type=\"widget\" data-widget_type=\"text-editor.default\">\n\t\t\t\t<div class=\"elementor-widget-container\">\n\t\t\t\t\t\t\t<a href=\"https:\/\/it.trustpilot.com\/review\/movery.it\" class=\"broken_link\">Lire tous les commentaires de Trustpilot<\/a>\t\t\t\t\t\t<\/div>\n\t\t\t\t<\/div>\n\t\t\t\t\t<\/div>\n\t\t\t\t<\/div>\n\t\t<div class=\"elementor-element elementor-element-e93cbaf e-flex e-con-boxed e-con e-parent\" data-id=\"e93cbaf\" data-element_type=\"container\" id=\"newsletter_cf7\">\n\t\t\t\t\t<div class=\"e-con-inner\">\n\t\t<div class=\"elementor-element elementor-element-c0e9fd5 e-flex e-con-boxed e-con e-parent\" data-id=\"c0e9fd5\" data-element_type=\"container\">\n\t\t\t\t\t<div class=\"e-con-inner\">\n\t\t\t\t<div class=\"elementor-element elementor-element-81df418 elementor-widget__width-initial elementor-widget elementor-widget-heading\" data-id=\"81df418\" data-element_type=\"widget\" data-widget_type=\"heading.default\">\n\t\t\t\t<div class=\"elementor-widget-container\">\n\t\t\t<h2 class=\"elementor-heading-title elementor-size-large\">Laissez votre adresse \u00e9lectronique pour recevoir les mises \u00e0 jour du projet<\/h2>\t\t<\/div>\n\t\t\t\t<\/div>\n\t\t\t\t<div class=\"elementor-element elementor-element-f640c16 elementor-widget elementor-widget-shortcode\" data-id=\"f640c16\" data-element_type=\"widget\" data-widget_type=\"shortcode.default\">\n\t\t\t\t<div class=\"elementor-widget-container\">\n\t\t\t\t\t<div class=\"elementor-shortcode\">\n<div class=\"wpcf7 no-js\" id=\"wpcf7-f30892-o1\" lang=\"it-IT\" dir=\"ltr\" data-wpcf7-id=\"30892\">\n<div class=\"screen-reader-response\"><p role=\"status\" aria-live=\"polite\" aria-atomic=\"true\"><\/p> <ul><\/ul><\/div>\n<form action=\"\/fr\/wp-json\/wp\/v2\/pages\/14812#wpcf7-f30892-o1\" method=\"post\" class=\"wpcf7-form init\" aria-label=\"Formulaire de contact\" novalidate=\"novalidate\" data-status=\"init\" data-trp-original-action=\"\/fr\/wp-json\/wp\/v2\/pages\/14812#wpcf7-f30892-o1\">\n<div style=\"display: none;\">\n<input type=\"hidden\" name=\"_wpcf7\" value=\"30892\" \/>\n<input type=\"hidden\" name=\"_wpcf7_version\" value=\"6.0.3\" \/>\n<input type=\"hidden\" name=\"_wpcf7_locale\" value=\"it_IT\" \/>\n<input type=\"hidden\" name=\"_wpcf7_unit_tag\" value=\"wpcf7-f30892-o1\" \/>\n<input type=\"hidden\" name=\"_wpcf7_container_post\" value=\"0\" \/>\n<input type=\"hidden\" name=\"_wpcf7_posted_data_hash\" value=\"\" \/>\n<input type=\"hidden\" name=\"_wpcf7_recaptcha_response\" value=\"\" \/>\n<\/div>\n<div class=\"newsletter_form\">\n\t<p><span class=\"wpcf7-form-control-wrap\" data-name=\"email_nl\"><input size=\"40\" maxlength=\"400\" class=\"wpcf7-form-control wpcf7-email wpcf7-validates-as-required wpcf7-text wpcf7-validates-as-email email_nl\" aria-required=\"true\" aria-invalid=\"false\" placeholder=\"example@email.com\" value=\"\" type=\"email\" name=\"email_nl\" \/><\/span><br \/>\n\t<span class=\"wpcf7-form-control-wrap recaptcha\" data-name=\"recaptcha\"><span data-sitekey=\"6Ldocv8pAAAAAFSzsm48uEP7NOsz3Db9eygMjepS\" class=\"wpcf7-form-control wpcf7-recaptcha g-recaptcha\"><\/span>\r\n<noscript>\r\n\t<div class=\"grecaptcha-noscript\">\r\n\t\t<iframe src=\"https:\/\/www.google.com\/recaptcha\/api\/fallback?k=6Ldocv8pAAAAAFSzsm48uEP7NOsz3Db9eygMjepS\" frameborder=\"0\" scrolling=\"no\" width=\"310\" height=\"430\">\r\n\t\t<\/iframe>\r\n\t\t<textarea name=\"g-recaptcha-response\" rows=\"3\" cols=\"40\" placeholder=\"R\u00e9ponse reCaptcha ici\">\r\n\t\t<\/textarea>\r\n\t<\/div>\r\n<\/noscript>\r\n<\/span>\n\t<\/p>\n\t<div class=\"nl_form_btn\">\n\t\t<p><input class=\"wpcf7-form-control wpcf7-submit has-spinner nl_submit\" type=\"submit\" value=\"S&#039;inscrire \u00e0 la lettre d&#039;information\" \/>\n\t\t<\/p>\n\t<\/div>\n\t<p><span class=\"wpcf7-form-control-wrap\" data-name=\"privacy\"><span class=\"wpcf7-form-control wpcf7-acceptance\"><span class=\"wpcf7-list-item\"><label><input type=\"checkbox\" name=\"privacy\" value=\"1\" aria-invalid=\"false\" \/><span class=\"wpcf7-list-item-label\">Je consens au traitement de mes donn\u00e9es personnelles et d\u00e9clare avoir pris connaissance de l'avis de la Commission europ\u00e9enne. <a href=\"https:\/\/movery.it\/fr\/privacy-policy\/\">Politique de confidentialit\u00e9<\/a><\/span><\/label><\/span><\/span><\/span>\n\t<\/p>\n<\/div><div class=\"wpcf7-response-output\" aria-hidden=\"true\"><\/div>\n<input type=\"hidden\" name=\"trp-form-language\" value=\"fr\"\/><\/form>\n<\/div>\n<\/div>\n\t\t\t\t<\/div>\n\t\t\t\t<\/div>\n\t\t\t\t\t<\/div>\n\t\t\t\t<\/div>\n\t\t\t\t\t<\/div>\n\t\t\t\t<\/div>\n\t\t\t\t<\/div>","protected":false},"excerpt":{"rendered":"<p>Vos commentaires sont les plus belles cartes postales de nos exp\u00e9riences Nous voulons faire la diff\u00e9rence...<\/p>","protected":false},"author":2,"featured_media":0,"parent":0,"menu_order":0,"comment_status":"closed","ping_status":"closed","template":"","meta":{"_seopress_robots_primary_cat":"","content-type":"","footnotes":""},"class_list":["post-14812","page","type-page","status-publish","has-post-thumbnail","hentry"],"pp_statuses_selecting_workflow":false,"pp_workflow_action":"current","pp_status_selection":"publish","_links":{"self":[{"href":"https:\/\/movery.it\/fr\/wp-json\/wp\/v2\/pages\/14812","targetHints":{"allow":["GET"]}}],"collection":[{"href":"https:\/\/movery.it\/fr\/wp-json\/wp\/v2\/pages"}],"about":[{"href":"https:\/\/movery.it\/fr\/wp-json\/wp\/v2\/types\/page"}],"author":[{"embeddable":true,"href":"https:\/\/movery.it\/fr\/wp-json\/wp\/v2\/users\/2"}],"replies":[{"embeddable":true,"href":"https:\/\/movery.it\/fr\/wp-json\/wp\/v2\/comments?post=14812"}],"version-history":[{"count":4,"href":"https:\/\/movery.it\/fr\/wp-json\/wp\/v2\/pages\/14812\/revisions"}],"predecessor-version":[{"id":30920,"href":"https:\/\/movery.it\/fr\/wp-json\/wp\/v2\/pages\/14812\/revisions\/30920"}],"wp:attachment":[{"href":"https:\/\/movery.it\/fr\/wp-json\/wp\/v2\/media?parent=14812"}],"curies":[{"name":"wp","href":"https:\/\/api.w.org\/{rel}","templated":true}]}}