{"id":14815,"date":"2023-01-24T14:33:41","date_gmt":"2023-01-24T13:33:41","guid":{"rendered":"http:\/\/shop.movery.it\/?page_id=14815"},"modified":"2024-01-22T17:30:46","modified_gmt":"2024-01-22T16:30:46","slug":"cookie-policy","status":"publish","type":"page","link":"https:\/\/movery.it\/fr\/cookie-policy\/","title":{"rendered":"Politique en mati\u00e8re de cookies"},"content":{"rendered":"<p>Notre politique en mati\u00e8re de cookies a pour but de d\u00e9crire les types de cookies utilis\u00e9s par le site web www.shop.movery.it (ci-apr\u00e8s d\u00e9nomm\u00e9 \" <strong>Site web<\/strong> \"), les finalit\u00e9s des cookies install\u00e9s et les modalit\u00e9s selon lesquelles l'Utilisateur peut s\u00e9lectionner ou d\u00e9s\u00e9lectionner les cookies pr\u00e9sents sur le Site et b\u00e9n\u00e9ficier des services offerts.<\/p>\n\n\n\n<p>Nous utilisons des cookies pour rendre notre site plus facile et plus intuitif \u00e0 utiliser. Les donn\u00e9es collect\u00e9es par les cookies sont utilis\u00e9es pour rendre votre exp\u00e9rience de navigation plus agr\u00e9able et plus efficace \u00e0 l'avenir.<\/p>\n\n\n\n<ol class=\"wp-block-list\">\n<li>Les cookies sont de petites cha\u00eenes de texte que les applications visit\u00e9es par l'utilisateur envoient \u00e0 son terminal (g\u00e9n\u00e9ralement au navigateur), o\u00f9 elles sont stock\u00e9es et ensuite retransmises aux m\u00eames applications lors de la prochaine visite du m\u00eame utilisateur. Les cookies sont utilis\u00e9s pour acc\u00e9der plus rapidement aux services en ligne et pour am\u00e9liorer l'exp\u00e9rience de navigation de l'utilisateur en suivant les sessions, en stockant des informations sur l'utilisateur, en chargeant le contenu plus rapidement, etc.<\/li>\n\n\n\n<li>Types de cookiesLes cookies peuvent \u00eatre :<strong>Cookies de premi\u00e8re partie :<\/strong>sont les cookies propri\u00e9taires utilis\u00e9s par le site pour permettre \u00e0 l'utilisateur de naviguer plus efficacement et\/ou pour surveiller les actions de l'utilisateur ;<strong>Cookies de tiers :<\/strong>sont des cookies mis en place par un site autre que celui que vous visitez actuellement afin de vous permettre de naviguer plus efficacement et\/ou de suivre vos actions.En outre, nous distinguons diff\u00e9rents types de cookies :\n<ul class=\"wp-block-list\">\n<li><strong>Cookies techniques et analytiques :<\/strong>sont des cookies relatifs aux activit\u00e9s strictement n\u00e9cessaires au fonctionnement et \u00e0 la fourniture du service (par exemple, des cookies de session pour la connexion), des cookies relatifs \u00e0 la sauvegarde des pr\u00e9f\u00e9rences et aux activit\u00e9s d'optimisation (par exemple, des cookies pour la sauvegarde du panier d'achat ou des choix de langue\/devise, etc :<ul><li><strong>Cookies de session ou de navigation :<\/strong>sont utilis\u00e9s pour suivre l'activit\u00e9 de l'utilisateur sur le web. Ils garantissent une navigation et une utilisation normales du site, en permettant, par exemple, une navigation plus rapide, la r\u00e9alisation d'un achat ou l'authentification pour acc\u00e9der \u00e0 des zones restreintes, et sont en fait n\u00e9cessaires \u00e0 son bon fonctionnement ;<\/li><li><strong>Cookies de fonctionnalit\u00e9 :<\/strong>permettre \u00e0 l'utilisateur de naviguer en fonction d'un certain nombre de crit\u00e8res s\u00e9lectionn\u00e9s (par exemple, la langue, les produits s\u00e9lectionn\u00e9s pour l'achat, etc ;<\/li><li><strong>Cookies analytiques :<\/strong>utilis\u00e9 pour collecter des informations sur l'utilisation du Site. Le Propri\u00e9taire utilise ces informations \u00e0 des fins d'analyse statistique, pour am\u00e9liorer le Site et en simplifier l'utilisation, ainsi que pour en contr\u00f4ler le bon fonctionnement. Ce type de cookies recueille des informations sous forme anonyme sur l'activit\u00e9 des utilisateurs sur le site et sur la fa\u00e7on dont ils sont arriv\u00e9s sur le site et les pages qu'ils ont visit\u00e9es. Les cookies de cette cat\u00e9gorie sont envoy\u00e9s par le site lui-m\u00eame ou par des domaines tiers. Les cookies analytiques peuvent \u00eatre :<ul><li><strong>Cookies analytiques de premi\u00e8re partie :<\/strong>assimil\u00e9s r\u00e9glementairement \u00e0 des cookies techniques s'ils sont utilis\u00e9s directement par le propri\u00e9taire du site sans profilage de l'utilisateur mais uniquement pour collecter des informations, sous forme agr\u00e9g\u00e9e et anonyme, sur le nombre d'utilisateurs et la fa\u00e7on dont ils visitent le site \u00e0 des fins statistiques et pour am\u00e9liorer les performances du site ;<\/li><li><strong>Cookies analytiques de tiers :<\/strong>sont mis \u00e0 disposition par des tiers et sont assimil\u00e9s \u00e0 des cookies techniques si les tiers n'effectuent pas de profilage de l'utilisateur en utilisant des outils appropri\u00e9s pour r\u00e9duire le pouvoir d'identification des cookies (par exemple, en masquant des parties significatives de l'adresse IP) et sans recouper les informations collect\u00e9es avec d'autres qu'ils poss\u00e8dent d\u00e9j\u00e0.<\/li><\/ul><\/li><\/ul>Pour les cookies techniques, seule la politique en mati\u00e8re de cookies est requise, sans qu'il soit n\u00e9cessaire de demander un consentement. Leur d\u00e9sactivation ou leur suppression, en acc\u00e9dant aux fonctions de votre navigateur, peut compromettre une navigation optimale sur ce Site.<\/li>\n\n\n\n<li><strong>Cookies de profilage :<\/strong>sont utilis\u00e9es pour surveiller la navigation de l'utilisateur sur le web et cr\u00e9er un profil de ses habitudes :<ul><li><strong>Cookies de profilage de premi\u00e8re partie :<\/strong>install\u00e9s par le responsable du traitement des donn\u00e9es pour cr\u00e9er des profils de l'utilisateur afin d'envoyer des messages publicitaires en fonction des pr\u00e9f\u00e9rences exprim\u00e9es lors de la navigation sur Internet. Compte tenu de leur caract\u00e8re particuli\u00e8rement envahissant dans la sph\u00e8re priv\u00e9e de l'utilisateur, la l\u00e9gislation applicable exige que l'utilisateur, apr\u00e8s avoir \u00e9t\u00e9 inform\u00e9 de mani\u00e8re ad\u00e9quate sur leur utilisation, donne son consentement ;<\/li><li><strong>Cookies de profilage de tiers :<\/strong>utilis\u00e9s par des tiers qui acc\u00e8dent aux informations en texte clair, c'est-\u00e0-dire non anonymes et non agr\u00e9g\u00e9es, et les croisent avec d'autres donn\u00e9es d\u00e9j\u00e0 en leur possession. Le Site n'a pas de contr\u00f4le direct sur les cookies individuels des tiers. L'utilisateur est donc invit\u00e9 \u00e0 v\u00e9rifier la politique de cookies du tiers sur le site.<\/li><\/ul>L'utilisation de ces cookies n\u00e9cessite le consentement pr\u00e9alable de l'utilisateur.<\/li>\n<\/ul>\n<\/li>\n\n\n\n<li>COOKIES INSTALLES Les cookies pr\u00e9sents sur ce site sont :<ul><li><strong>cookies techniques et analytiques<\/strong>n\u00e9cessaires au fonctionnement du site, \u00e0 l'analyse statistique globale, \u00e0 l'am\u00e9lioration et \u00e0 la simplification de l'utilisation du site, \u00e0 la sauvegarde des pr\u00e9f\u00e9rences de navigation et \u00e0 l'optimisation de l'exp\u00e9rience de navigation de l'utilisateur ;<\/li><li><strong>les cookies de tiers<\/strong>qui peuvent mener des activit\u00e9s de profilage et de suivi de l'utilisateur m\u00eame \u00e0 l'insu du contr\u00f4leur. Pour plus d'informations, nous vous recommandons de consulter attentivement les politiques de confidentialit\u00e9 des diff\u00e9rents services \u00e9num\u00e9r\u00e9s ci-dessous.<\/li><\/ul><br>Vous trouverez ci-dessous une liste des cookies de tiers pr\u00e9sents sur ce site :\n<ul class=\"wp-block-list\">\n<li>Google AdWords avec suivi des conversionsLe suivi des conversions Google AdWords est un service de statistiques fourni par Google Inc. qui indique ce qui se passe apr\u00e8s qu'un client a cliqu\u00e9 sur vos annonces. Pour plus d'informations, voir la page : <a href=\"https:\/\/policies.google.com\/privacy\">https:\/\/policies.google.com\/privacy<\/a><\/li>\n\n\n\n<li>Google Adwords RemarketingGoogle Adwords Remarketing est un service fourni par Google Inc. qui utilise des cookies pour \u00e9tudier et am\u00e9liorer la publicit\u00e9, avec des actions de remarketing, afin d'envoyer \u00e0 l'Utilisateur des messages en rapport avec ses int\u00e9r\u00eats.Remarketing aide \u00e0 atteindre les Utilisateurs qui ont visit\u00e9 le Site. Pour plus d'informations, veuillez consulter la page : <a href=\"https:\/\/policies.google.com\/privacy\">https:\/\/policies.google.com\/privacy<\/a><\/li>\n\n\n\n<li>Affichage de contenu sur YouTubeYouTube est un service fourni par Google Inc. qui utilise des cookies pour permettre l'affichage de contenu vid\u00e9o sur ce site web. Pour plus d'informations, veuillez consulter la page : <a href=\"https:\/\/policies.google.com\/privacy\">https:\/\/policies.google.com\/privacy<\/a><\/li>\n\n\n\n<li>Partage FacebookFacebook utilise des cookies pour offrir \u00e0 l'utilisateur des fonctionnalit\u00e9s de partage et de \"like\" sur son mur. Fourni par Facebook, Inc. Voir la page pour plus d'informations : <a href=\"https:\/\/www.facebook.com\/about\/privacy\">https:\/\/www.facebook.com\/about\/privacy<\/a><\/li>\n\n\n\n<li>Facebook loginFacebook utilise des cookies pour donner aux utilisateurs la possibilit\u00e9 de s'inscrire en utilisant leur compte Facebook. Fourni par Facebook, Inc. Pour plus d'informations, voir la page : <a href=\"https:\/\/www.facebook.com\/about\/privacy\">https:\/\/www.facebook.com\/about\/privacy<\/a><\/li>\n\n\n\n<li>Facebook RemarketingFacebook Remarketing est un service de Remarketing et de ciblage comportemental fourni par Facebook, Inc. qui relie l'activit\u00e9 de ce site au r\u00e9seau publicitaire de Facebook. Pour plus d'informations, voir la page : <a href=\"https:\/\/www.facebook.com\/about\/privacy\">https:\/\/www.facebook.com\/about\/privacy<\/a><\/li>\n\n\n\n<li>Facebook Custom AudienceFacebook Custom Audience est un service de Remarketing et de ciblage comportemental fourni par Facebook, Inc. qui relie l'activit\u00e9 de ce site au r\u00e9seau publicitaire de Facebook. Pour plus d'informations, veuillez consulter la page : <a href=\"https:\/\/www.facebook.com\/about\/privacy\">https:\/\/www.facebook.com\/about\/privacy<\/a><\/li>\n\n\n\n<li>Partage sur TwitterTwitter utilise des cookies pour offrir \u00e0 l'utilisateur une fonctionnalit\u00e9 de partage sur son mur. Fourni par Twitter Inc. Voir la page pour plus d'informations : <a href=\"https:\/\/twitter.com\/privacy\">https:\/\/twitter.com\/privacy<\/a><\/li>\n\n\n\n<li>Twitter RemarketingTwitter Remarketing est un service de Remarketing et de ciblage comportemental fourni par Twitter Inc, qui relie l'activit\u00e9 de cette Application au r\u00e9seau publicitaire de Twitter. Pour plus d'informations, veuillez consulter la page : <a href=\"https:\/\/twitter.com\/privacy\">https:\/\/twitter.com\/privacy<\/a><\/li>\n\n\n\n<li>Partage Google+Google+ utilise des cookies pour offrir \u00e0 l'utilisateur une fonctionnalit\u00e9 de partage sur son mur. Le cookie est fourni par Google Inc. Pour plus d'informations, veuillez consulter la page : <a href=\"https:\/\/policies.google.com\/privacy\">https:\/\/policies.google.com\/privacy<\/a><\/li>\n\n\n\n<li>Connexion Google+Google Inc. utilise des cookies pour permettre aux utilisateurs de s'inscrire \u00e0 l'aide de leur compte Google+. Fourni par Google Inc. Voir la page pour plus d'informations : <a href=\"https:\/\/policies.google.com\/privacy\">https:\/\/policies.google.com\/privacy<\/a><\/li>\n\n\n\n<li>InspectletAppSee est un service de suivi anonyme du comportement des utilisateurs afin d'am\u00e9liorer leur exp\u00e9rience. Pour plus d'informations, veuillez consulter : https:\/\/www.appsee.com\/legal\/privacypolicy<\/li>\n<\/ul>\n<\/li>\n\n\n\n<li>Dur\u00e9e des cookies Les cookies ont une dur\u00e9e de vie d\u00e9termin\u00e9e par la date d'expiration ou par une action sp\u00e9cifique telle que la fermeture du navigateur d\u00e9fini au moment de l'installation. Les cookies peuvent \u00eatre :<ul><li><strong>temporaire ou \u00e0 la carte :<\/strong>sont utilis\u00e9s pour stocker des informations temporaires, permettre des liens vers des actions effectu\u00e9es au cours d'une session sp\u00e9cifique et sont supprim\u00e9s de l'ordinateur lorsque le navigateur est ferm\u00e9 ;<\/li><li><strong>persistants :<\/strong>sont utilis\u00e9s pour stocker des informations, telles que le nom d'utilisateur et le mot de passe, de sorte que l'utilisateur ne doive pas les saisir \u00e0 nouveau chaque fois qu'il visite un site sp\u00e9cifique. Ils restent stock\u00e9s sur l'ordinateur m\u00eame apr\u00e8s la fermeture du navigateur.<\/li><\/ul>Ceci ne porte pas pr\u00e9judice au droit de l'utilisateur de modifier ses choix \u00e0 tout moment.<\/li>\n\n\n\n<li>Manifestation du consentementPour les cookies qui requi\u00e8rent un consentement, la premi\u00e8re fois que vous visitez le site, vous verrez automatiquement une banni\u00e8re contenant \u00e0 la fois le lien vers cette notice d'information compl\u00e8te et la demande de manifestation du consentement \u00e0 l'utilisation des cookies. Vous pouvez modifier ou r\u00e9voquer votre consentement \u00e0 tout moment.<\/li>\n\n\n\n<li>Pr\u00e9f\u00e9rences en mati\u00e8re de cookies<\/li>\n\n\n\n<li>Comment d\u00e9sactiver les cookiesVous pouvez g\u00e9rer vos pr\u00e9f\u00e9rences en mati\u00e8re de cookies directement dans votre navigateur et emp\u00eacher les tiers d'installer des cookies.Vous pouvez \u00e9galement utiliser les pr\u00e9f\u00e9rences de votre navigateur pour supprimer les cookies install\u00e9s dans le pass\u00e9, y compris le cookie dans lequel vous avez \u00e9ventuellement enregistr\u00e9 votre consentement \u00e0 l'installation de cookies par ce Site. Vous pouvez trouver des informations et exercer votre droit d'opposition au suivi des cookies dans votre navigateur aux adresses suivantes :<ul><li>Internet Explorer : <a href=\"http:\/\/windows.microsoft.com\/internet-explorer\/delete-manage-cookies\">http:\/\/windows.microsoft.com\/internet-explorer\/delete-manage-cookies<\/a><\/li><li>Google Chrome : <a href=\"https:\/\/support.google.com\/chrome\/answer\/95647\">https:\/\/support.google.com\/chrome\/answer\/95647<\/a><\/li><li>Mozilla Firefox : <a href=\"https:\/\/support.mozilla.org\/kb\/enable-and-disable-cookies-website-preferences\">https:\/\/support.mozilla.org\/kb\/enable-and-disable-cookies-website-preferences<\/a><\/li><li>Op\u00e9ra : <a href=\"https:\/\/www.opera.com\/help\/tutorials\/security\/privacy\/\">https:\/\/www.opera.com\/help\/tutorials\/security\/privacy\/<\/a><\/li><li>Apple Safari : <a href=\"https:\/\/support.apple.com\/guide\/safari\/manage-cookies-and-website-data-sfri11471\/\">https:\/\/support.apple.com\/guide\/safari\/manage-cookies-and-website-data-sfri11471<\/a><\/li><\/ul><br>Les cookies peuvent \u00e9galement \u00eatre supprim\u00e9s en demandant l'opt-out directement aupr\u00e8s du tiers ou via le site web. <a href=\"http:\/\/www.youronlinechoices.com\/\">http:\/\/www.youronlinechoices.com\/<\/a> o\u00f9 vous pouvez g\u00e9rer vos pr\u00e9f\u00e9rences en mati\u00e8re de suivi pour la plupart des outils publicitaires. Vous pouvez modifier vos param\u00e8tres de cookies Flash en cliquant sur le lien suivant <a href=\"https:\/\/www.macromedia.com\/support\/documentation\/en\/flashplayer\/help\/settings_manager07.html\">https:\/\/www.macromedia.com\/support\/documentation\/en\/flashplayer\/help\/settings_manager07.html<\/a> .<\/li>\n\n\n\n<li>Droits de l'utilisateurLes utilisateurs peuvent exercer certains droits en ce qui concerne les donn\u00e9es trait\u00e9es par le contr\u00f4leur des donn\u00e9es. En particulier, l'utilisateur a le droit de :<ul><li>retirer son consentement \u00e0 tout moment ;<\/li><li>s'opposer au traitement de leurs donn\u00e9es ;<\/li><li>l'acc\u00e8s \u00e0 leurs donn\u00e9es ;<\/li><li>v\u00e9rifier et demander la rectification ;<\/li><li>obtenir la limitation du traitement ;<\/li><li>obtenir la suppression ou le retrait de leurs donn\u00e9es \u00e0 caract\u00e8re personnel ;<\/li><li>recevoir leurs donn\u00e9es ou les faire transf\u00e9rer \u00e0 un autre responsable du traitement ;<\/li><li>d\u00e9poser une plainte aupr\u00e8s de l'autorit\u00e9 de contr\u00f4le de la protection des donn\u00e9es et\/ou intenter une action en justice.<\/li><\/ul>Pour exercer leurs droits, les utilisateurs peuvent adresser une demande aux coordonn\u00e9es du contr\u00f4leur indiqu\u00e9es dans le pr\u00e9sent document. Les demandes sont gratuites et trait\u00e9es par le responsable du traitement dans les meilleurs d\u00e9lais, en tout \u00e9tat de cause dans un d\u00e9lai de 30 jours.<\/li>\n<\/ol>","protected":false},"excerpt":{"rendered":"<p>Notre politique en mati\u00e8re de cookies vise \u00e0 d\u00e9crire les types de cookies utilis\u00e9s par le site web...<\/p>","protected":false},"author":2,"featured_media":24684,"parent":0,"menu_order":0,"comment_status":"closed","ping_status":"closed","template":"","meta":{"_seopress_robots_primary_cat":"","content-type":"","footnotes":""},"class_list":["post-14815","page","type-page","status-publish","has-post-thumbnail","hentry"],"pp_statuses_selecting_workflow":false,"pp_workflow_action":"current","pp_status_selection":"publish","_links":{"self":[{"href":"https:\/\/movery.it\/fr\/wp-json\/wp\/v2\/pages\/14815","targetHints":{"allow":["GET"]}}],"collection":[{"href":"https:\/\/movery.it\/fr\/wp-json\/wp\/v2\/pages"}],"about":[{"href":"https:\/\/movery.it\/fr\/wp-json\/wp\/v2\/types\/page"}],"author":[{"embeddable":true,"href":"https:\/\/movery.it\/fr\/wp-json\/wp\/v2\/users\/2"}],"replies":[{"embeddable":true,"href":"https:\/\/movery.it\/fr\/wp-json\/wp\/v2\/comments?post=14815"}],"version-history":[{"count":1,"href":"https:\/\/movery.it\/fr\/wp-json\/wp\/v2\/pages\/14815\/revisions"}],"predecessor-version":[{"id":32471,"href":"https:\/\/movery.it\/fr\/wp-json\/wp\/v2\/pages\/14815\/revisions\/32471"}],"wp:featuredmedia":[{"embeddable":true,"href":"https:\/\/movery.it\/fr\/wp-json\/wp\/v2\/media\/24684"}],"wp:attachment":[{"href":"https:\/\/movery.it\/fr\/wp-json\/wp\/v2\/media?parent=14815"}],"curies":[{"name":"wp","href":"https:\/\/api.w.org\/{rel}","templated":true}]}}