
{"id":14819,"date":"2023-01-24T14:34:59","date_gmt":"2023-01-24T13:34:59","guid":{"rendered":"http:\/\/shop.movery.it\/?page_id=14819"},"modified":"2024-08-26T08:58:59","modified_gmt":"2024-08-26T07:58:59","slug":"soddisfatti-o-rimborsati","status":"publish","type":"page","link":"https:\/\/movery.it\/fr\/soddisfatti-o-rimborsati\/","title":{"rendered":"Satisfait ou rembours\u00e9"},"content":{"rendered":"<div data-elementor-type=\"wp-page\" data-elementor-id=\"14819\" class=\"elementor elementor-14819\">\n\t\t\t\t<div class=\"elementor-element elementor-element-df5a19c e-flex e-con-boxed e-con e-parent\" data-id=\"df5a19c\" data-element_type=\"container\">\n\t\t\t\t\t<div class=\"e-con-inner\">\n\t\t<div class=\"elementor-element elementor-element-8c5334b feedback_title e-flex e-con-boxed e-con e-child\" data-id=\"8c5334b\" data-element_type=\"container\">\n\t\t\t\t\t<div class=\"e-con-inner\">\n\t\t<div class=\"elementor-element elementor-element-f68cbc0 e-con-full e-flex e-con e-child\" data-id=\"f68cbc0\" data-element_type=\"container\">\n\t\t\t\t<div class=\"elementor-element elementor-element-6c038c2 elementor-widget elementor-widget-image\" data-id=\"6c038c2\" data-element_type=\"widget\" data-widget_type=\"image.default\">\n\t\t\t\t<div class=\"elementor-widget-container\">\n\t\t\t\t\t\t\t\t\t\t\t\t\t<img fetchpriority=\"high\" decoding=\"async\" width=\"598\" height=\"457\" src=\"https:\/\/movery.it\/wp-content\/uploads\/2023\/02\/money-back-guarantee-hero.png\" class=\"attachment-full size-full wp-image-15072\" alt=\"\" srcset=\"https:\/\/movery.it\/wp-content\/uploads\/2023\/02\/money-back-guarantee-hero.png 598w, https:\/\/movery.it\/wp-content\/uploads\/2023\/02\/money-back-guarantee-hero-768x586.png 768w, https:\/\/movery.it\/wp-content\/uploads\/2023\/02\/money-back-guarantee-hero-600x458.png 600w\" sizes=\"(max-width: 598px) 100vw, 598px\" \/>\t\t\t\t\t\t\t\t\t\t\t\t\t<\/div>\n\t\t\t\t<\/div>\n\t\t\t\t<\/div>\n\t\t<div class=\"elementor-element elementor-element-c74cf4b e-con-full e-flex e-con e-child\" data-id=\"c74cf4b\" data-element_type=\"container\">\n\t\t\t\t<div class=\"elementor-element elementor-element-6b83c38 elementor-widget-tablet__width-inherit elementor-widget elementor-widget-text-editor\" data-id=\"6b83c38\" data-element_type=\"widget\" data-widget_type=\"text-editor.default\">\n\t\t\t\t<div class=\"elementor-widget-container\">\n\t\t\t\t\t\t\t<h1>Nous garantissons des exp\u00e9riences incroyables\u00a0: Satisfait ou Rembours\u00e9<\/h1><p>Movery s'assure de vous offrir la meilleure exp\u00e9rience possible. C'est pourquoi vous pouvez nous signaler lorsqu'une activit\u00e9 ne s'est pas d\u00e9roul\u00e9e comme pr\u00e9vu.<\/p><p>Une fois les probl\u00e8mes d\u00e9tect\u00e9s et v\u00e9rifi\u00e9s, sur la base des r\u00e9ponses de l'utilisateur et du prestataire de services, Movery proc\u00e9dera \u00e0 la r\u00e9servation d'un coupon de r\u00e9duction pour le client valable pour l'achat d'une nouvelle exp\u00e9rience ou au remboursement du montant.<\/p>\t\t\t\t\t\t<\/div>\n\t\t\t\t<\/div>\n\t\t\t\t<\/div>\n\t\t\t\t\t<\/div>\n\t\t\t\t<\/div>\n\t\t\t\t\t<\/div>\n\t\t\t\t<\/div>\n\t\t<div class=\"elementor-element elementor-element-54672db e-con-full no-repit money_back_bg e-flex e-con e-parent\" data-id=\"54672db\" data-element_type=\"container\" data-settings=\"{&quot;background_background&quot;:&quot;slideshow&quot;,&quot;background_slideshow_gallery&quot;:[{&quot;id&quot;:23833,&quot;url&quot;:&quot;https:\\\/\\\/cdn-movery.s3.eu-west-1.amazonaws.com\\\/wp-content\\\/uploads\\\/2023\\\/04\\\/27090336\\\/money-back-guarantee-bubble.png&quot;}],&quot;background_slideshow_slide_duration&quot;:0,&quot;background_slideshow_transition_duration&quot;:0,&quot;background_slideshow_slide_transition&quot;:&quot;fade&quot;}\">\n\t\t<div class=\"elementor-element elementor-element-4177912 e-flex e-con-boxed e-con e-child\" data-id=\"4177912\" data-element_type=\"container\">\n\t\t\t\t\t<div class=\"e-con-inner\">\n\t\t\t\t<div class=\"elementor-element elementor-element-7659dce money_back elementor-widget elementor-widget-text-editor\" data-id=\"7659dce\" data-element_type=\"widget\" data-widget_type=\"text-editor.default\">\n\t\t\t\t<div class=\"elementor-widget-container\">\n\t\t\t\t\t\t\t<h2 class=\"wp-block-heading\">Termes et conditions<\/h2>\n<p>L'initiative de remboursement est toujours valable pour toutes les exp\u00e9riences, visites et activit\u00e9s sur la plateforme. Les clients qui ach\u00e8tent l'une de ces activit\u00e9s peuvent, s'ils ne sont pas satisfaits, demander le remboursement du montant pay\u00e9 au moment de la r\u00e9servation, sous certaines conditions.<\/p>\n\n<p>Toute insatisfaction concernant le service doit \u00eatre signal\u00e9e au service client\u00e8le au plus tard \u00e0 la fin de l'activit\u00e9. Si l'activit\u00e9 dure plus d'une journ\u00e9e, il sera possible de demander un remboursement au plus tard 24 heures apr\u00e8s le d\u00e9but de l'activit\u00e9.<\/p>\n\n<p>Pour demander un remboursement, il sera n\u00e9cessaire de remplir toutes les parties du formulaire en ligne auquel le client n'aura acc\u00e8s qu'apr\u00e8s avoir r\u00e9serv\u00e9 l'activit\u00e9. Les donn\u00e9es communiqu\u00e9es avec le formulaire de demande de remboursement feront l'objet d'un traitement informatique et\/ou papier dans le seul but de g\u00e9rer les activit\u00e9s de remboursement. Le client doit v\u00e9rifier qu'il remplit toutes les conditions avant de proc\u00e9der \u00e0 la demande de remboursement.<\/p>\n\n<p>Dans le cas contraire, il ne sera pas possible d'obtenir un remboursement. Suite \u00e0 la soumission du formulaire, une v\u00e9rification sera lanc\u00e9e dans le but de v\u00e9rifier les conditions \u00e0 travers un entretien avec le client et le partenaire en charge de la prestation du service.<\/p>\n\n<p>Le remboursement portera uniquement sur le montant pay\u00e9 par le client au moment de l'achat. Toutes les d\u00e9penses engag\u00e9es par le consommateur en dehors de l'activit\u00e9 achet\u00e9e sont exclues.<\/p>\n\n<p>Dans le cas o\u00f9 du mat\u00e9riel ou des v\u00eatements particuliers sont demand\u00e9s pour l'activit\u00e9 \u00e0 r\u00e9aliser et que ceux-ci sont \u00e0 la charge du client, il n'y aura aucun remboursement si l'activit\u00e9 est refus\u00e9e.<\/p>\n\n<p>Toutefois, si l'un de nos partenaires ne dispose pas du mat\u00e9riel inclus et que vous \u00eates exclu de l'activit\u00e9, un remboursement sera effectu\u00e9. Le remboursement aura lieu dans un d\u00e9lai de 30 jours ouvrables \u00e0 compter du moment de la communication de l'insatisfaction par la r\u00e9ception d'un coupon d'une valeur \u00e9gale au montant d\u00e9pens\u00e9 ou le remboursement d'une partie ou de la totalit\u00e9 du montant d\u00e9pens\u00e9.<\/p>\n\n<p>Suite \u00e0 l'insatisfaction signal\u00e9e, l'activit\u00e9 achet\u00e9e par le consommateur sera interrompue. Le consommateur qui refuse de mettre fin \u00e0 l'activit\u00e9 de mani\u00e8re anticip\u00e9e ne pourra plus pr\u00e9tendre \u00e0 un remboursement.<\/p>\n\n<p>L'octroi d'un remboursement est \u00e0 la discr\u00e9tion du personnel Movery en charge des proc\u00e9dures de contr\u00f4le. Les produits sont exclus de la politique de satisfaction ou de remboursement.<\/p>\n\n<hr class=\"wp-block-separator has-text-color has-cyan-bluish-gray-color has-alpha-channel-opacity has-cyan-bluish-gray-background-color has-background is-style-wide\" \/>\t\t\t\t\t\t<\/div>\n\t\t\t\t<\/div>\n\t\t\t\t\t<\/div>\n\t\t\t\t<\/div>\n\t\t\t\t<\/div>\n\t\t<div class=\"elementor-element elementor-element-521c779 money_back_form e-flex e-con-boxed e-con e-parent\" data-id=\"521c779\" data-element_type=\"container\">\n\t\t\t\t\t<div class=\"e-con-inner\">\n\t\t<div class=\"elementor-element elementor-element-d4b9b54 e-con-full e-flex e-con e-child\" data-id=\"d4b9b54\" data-element_type=\"container\">\n\t\t\t\t<div class=\"elementor-element elementor-element-d76e088 elementor-widget elementor-widget-text-editor\" data-id=\"d76e088\" data-element_type=\"widget\" data-widget_type=\"text-editor.default\">\n\t\t\t\t<div class=\"elementor-widget-container\">\n\t\t\t\t\t\t\t<h2 class=\"wp-block-heading\">Vous souhaitez demander un remboursement ?<\/h2><p>Rien de plus simple !<br \/>Remplissez le formulaire avec les donn\u00e9es demand\u00e9es. Une fois que nous aurons re\u00e7u votre demande, nous \u00e9valuerons votre cas et proc\u00e9derons \u00e0 l'\u00e9mission du bon dans un d\u00e9lai de 30 jours ouvrables.<\/p>\t\t\t\t\t\t<\/div>\n\t\t\t\t<\/div>\n\t\t\t\t<\/div>\n\t\t<div class=\"elementor-element elementor-element-772315e e-con-full e-flex e-con e-child\" data-id=\"772315e\" data-element_type=\"container\">\n\t\t\t\t<div class=\"elementor-element elementor-element-546654e elementor-widget elementor-widget-shortcode\" data-id=\"546654e\" data-element_type=\"widget\" data-widget_type=\"shortcode.default\">\n\t\t\t\t<div class=\"elementor-widget-container\">\n\t\t\t\t\t<div class=\"elementor-shortcode\">\n<div class=\"wpcf7 no-js\" id=\"wpcf7-f24361-o1\" lang=\"it-IT\" dir=\"ltr\" data-wpcf7-id=\"24361\">\n<div class=\"screen-reader-response\"><p role=\"status\" aria-live=\"polite\" aria-atomic=\"true\"><\/p> <ul><\/ul><\/div>\n<form action=\"\/fr\/wp-json\/wp\/v2\/pages\/14819#wpcf7-f24361-o1\" method=\"post\" class=\"wpcf7-form init\" aria-label=\"Formulaire de contact\" novalidate=\"novalidate\" data-status=\"init\" data-trp-original-action=\"\/fr\/wp-json\/wp\/v2\/pages\/14819#wpcf7-f24361-o1\">\n<div style=\"display: none;\">\n<input type=\"hidden\" name=\"_wpcf7\" value=\"24361\" \/>\n<input type=\"hidden\" name=\"_wpcf7_version\" value=\"6.0.3\" \/>\n<input type=\"hidden\" name=\"_wpcf7_locale\" value=\"it_IT\" \/>\n<input type=\"hidden\" name=\"_wpcf7_unit_tag\" value=\"wpcf7-f24361-o1\" \/>\n<input type=\"hidden\" name=\"_wpcf7_container_post\" value=\"0\" \/>\n<input type=\"hidden\" name=\"_wpcf7_posted_data_hash\" value=\"\" \/>\n<input type=\"hidden\" name=\"_wpcf7_recaptcha_response\" value=\"\" \/>\n<\/div>\n<div class=\"rimborso_form\">\n\t<p><span class=\"wpcf7-form-control-wrap\" data-name=\"nomeCognome\"><input size=\"40\" maxlength=\"400\" class=\"wpcf7-form-control wpcf7-text wpcf7-validates-as-required\" aria-required=\"true\" aria-invalid=\"false\" placeholder=\"Nom et pr\u00e9nom\" value=\"\" type=\"text\" name=\"nomeCognome\" \/><\/span><br \/>\n<span class=\"wpcf7-form-control-wrap\" data-name=\"email\"><input size=\"40\" maxlength=\"400\" class=\"wpcf7-form-control wpcf7-email wpcf7-validates-as-required wpcf7-text wpcf7-validates-as-email\" aria-required=\"true\" aria-invalid=\"false\" placeholder=\"Courriel\" value=\"\" type=\"email\" name=\"email\" \/><\/span><br \/>\n<span class=\"wpcf7-form-control-wrap\" data-name=\"attivit\"><input size=\"40\" maxlength=\"400\" class=\"wpcf7-form-control wpcf7-text wpcf7-validates-as-required\" aria-required=\"true\" aria-invalid=\"false\" placeholder=\"Activit\u00e9 r\u00e9alis\u00e9e\" value=\"\" type=\"text\" name=\"attivit\" \/><\/span><br \/>\n<label><span class=\"label_text\">Quand l'as-tu fait?<\/span> <span class=\"wpcf7-form-control-wrap\" data-name=\"quando\"><input class=\"wpcf7-form-control wpcf7-date wpcf7-validates-as-required wpcf7-validates-as-date\" aria-required=\"true\" aria-invalid=\"false\" value=\"\" type=\"date\" name=\"quando\" \/><\/span><\/label><br \/>\n<label><span class=\"label_text\">\u00c0 quelle heure?<\/span> <span class=\"wpcf7-form-control-wrap\" data-name=\"orario\"><input class=\"wpcf7-form-control wpcf7-number wpcf7-validates-as-required wpcf7-validates-as-number\" min=\"08\" max=\"22\" aria-required=\"true\" aria-invalid=\"false\" placeholder=\"--:--\" value=\"\" type=\"number\" name=\"orario\" \/><\/span><\/label><br \/>\n<span class=\"wpcf7-form-control-wrap\" data-name=\"describe\"><textarea cols=\"40\" rows=\"2\" maxlength=\"2000\" class=\"wpcf7-form-control wpcf7-textarea wpcf7-validates-as-required\" aria-required=\"true\" aria-invalid=\"false\" placeholder=\"Dites-nous ce qui s&#039;est pass\u00e9\" name=\"describe\"><\/textarea><\/span>\n\t<\/p>\n<\/div>\n<div class=\"rimborso_form_submit\">\n\t<p><span class=\"wpcf7-form-control-wrap\" data-name=\"privacy\"><span class=\"wpcf7-form-control wpcf7-acceptance\"><span class=\"wpcf7-list-item\"><label><input type=\"checkbox\" name=\"privacy\" value=\"1\" aria-invalid=\"false\" \/><span class=\"wpcf7-list-item-label\">Je consens au traitement de mes donn\u00e9es personnelles et d\u00e9clare avoir pris connaissance de l'avis de la Commission europ\u00e9enne. <a href=\"https:\/\/movery.it\/fr\/privacy-policy\/\">Politique de confidentialit\u00e9<\/a><\/span><\/label><\/span><\/span><\/span><br \/>\n\t<span class=\"wpcf7-form-control-wrap recaptcha\" data-name=\"recaptcha\"><span data-sitekey=\"6Ldocv8pAAAAAFSzsm48uEP7NOsz3Db9eygMjepS\" class=\"wpcf7-form-control wpcf7-recaptcha g-recaptcha\"><\/span>\r\n<noscript>\r\n\t<div class=\"grecaptcha-noscript\">\r\n\t\t<iframe src=\"https:\/\/www.google.com\/recaptcha\/api\/fallback?k=6Ldocv8pAAAAAFSzsm48uEP7NOsz3Db9eygMjepS\" frameborder=\"0\" scrolling=\"no\" width=\"310\" height=\"430\">\r\n\t\t<\/iframe>\r\n\t\t<textarea name=\"g-recaptcha-response\" rows=\"3\" cols=\"40\" placeholder=\"R\u00e9ponse reCaptcha ici\">\r\n\t\t<\/textarea>\r\n\t<\/div>\r\n<\/noscript>\r\n<\/span><br \/>\n<input class=\"wpcf7-form-control wpcf7-submit has-spinner\" type=\"submit\" value=\"Envoyer\" \/>\n\t<\/p>\n<\/div><div class=\"wpcf7-response-output\" aria-hidden=\"true\"><\/div>\n<input type=\"hidden\" name=\"trp-form-language\" value=\"fr\"\/><\/form>\n<\/div>\n<\/div>\n\t\t\t\t<\/div>\n\t\t\t\t<\/div>\n\t\t\t\t<\/div>\n\t\t\t\t\t<\/div>\n\t\t\t\t<\/div>\n\t\t<div class=\"elementor-element elementor-element-a373cd0 e-flex e-con-boxed e-con e-parent\" data-id=\"a373cd0\" data-element_type=\"container\">\n\t\t\t\t\t<div class=\"e-con-inner\">\n\t\t\t\t<div class=\"elementor-element elementor-element-964e493 elementor-widget-divider--view-line elementor-widget elementor-widget-divider\" data-id=\"964e493\" data-element_type=\"widget\" data-widget_type=\"divider.default\">\n\t\t\t\t<div class=\"elementor-widget-container\">\n\t\t\t\t\t<div class=\"elementor-divider\">\n\t\t\t<span class=\"elementor-divider-separator\">\n\t\t\t\t\t\t<\/span>\n\t\t<\/div>\n\t\t\t\t<\/div>\n\t\t\t\t<\/div>\n\t\t\t\t<div class=\"elementor-element elementor-element-dfd871d elementor-widget elementor-widget-spacer\" data-id=\"dfd871d\" data-element_type=\"widget\" data-widget_type=\"spacer.default\">\n\t\t\t\t<div class=\"elementor-widget-container\">\n\t\t\t\t\t<div class=\"elementor-spacer\">\n\t\t\t<div class=\"elementor-spacer-inner\"><\/div>\n\t\t<\/div>\n\t\t\t\t<\/div>\n\t\t\t\t<\/div>\n\t\t\t\t\t<\/div>\n\t\t\t\t<\/div>\n\t\t<div class=\"elementor-element elementor-element-55d4113 e-flex e-con-boxed e-con e-parent\" data-id=\"55d4113\" data-element_type=\"container\">\n\t\t\t\t\t<div class=\"e-con-inner\">\n\t\t\t\t<div class=\"elementor-element elementor-element-653a196 elementor-widget elementor-widget-shortcode\" data-id=\"653a196\" data-element_type=\"widget\" data-widget_type=\"shortcode.default\">\n\t\t\t\t<div class=\"elementor-widget-container\">\n\t\t\t\t\t<div class=\"elementor-shortcode\"><\/div>\n\t\t\t\t<\/div>\n\t\t\t\t<\/div>\n\t\t\t\t\t<\/div>\n\t\t\t\t<\/div>\n\t\t<div class=\"elementor-element elementor-element-76e69e9 e-flex e-con-boxed e-con e-parent\" data-id=\"76e69e9\" data-element_type=\"container\" id=\"newsletter_cf7\">\n\t\t\t\t\t<div class=\"e-con-inner\">\n\t\t\t\t<div class=\"elementor-element elementor-element-38b972d elementor-widget__width-initial elementor-widget elementor-widget-heading\" data-id=\"38b972d\" data-element_type=\"widget\" data-widget_type=\"heading.default\">\n\t\t\t\t<div class=\"elementor-widget-container\">\n\t\t\t<h2 class=\"elementor-heading-title elementor-size-large\">Laissez votre adresse \u00e9lectronique pour recevoir les mises \u00e0 jour du projet<\/h2>\t\t<\/div>\n\t\t\t\t<\/div>\n\t\t\t\t<div class=\"elementor-element elementor-element-96df1f8 elementor-widget elementor-widget-shortcode\" data-id=\"96df1f8\" data-element_type=\"widget\" data-widget_type=\"shortcode.default\">\n\t\t\t\t<div class=\"elementor-widget-container\">\n\t\t\t\t\t<div class=\"elementor-shortcode\">\n<div class=\"wpcf7 no-js\" id=\"wpcf7-f30892-o2\" lang=\"it-IT\" dir=\"ltr\" data-wpcf7-id=\"30892\">\n<div class=\"screen-reader-response\"><p role=\"status\" aria-live=\"polite\" aria-atomic=\"true\"><\/p> <ul><\/ul><\/div>\n<form action=\"\/fr\/wp-json\/wp\/v2\/pages\/14819#wpcf7-f30892-o2\" method=\"post\" class=\"wpcf7-form init\" aria-label=\"Formulaire de contact\" novalidate=\"novalidate\" data-status=\"init\" data-trp-original-action=\"\/fr\/wp-json\/wp\/v2\/pages\/14819#wpcf7-f30892-o2\">\n<div style=\"display: none;\">\n<input type=\"hidden\" name=\"_wpcf7\" value=\"30892\" \/>\n<input type=\"hidden\" name=\"_wpcf7_version\" value=\"6.0.3\" \/>\n<input type=\"hidden\" name=\"_wpcf7_locale\" value=\"it_IT\" \/>\n<input type=\"hidden\" name=\"_wpcf7_unit_tag\" value=\"wpcf7-f30892-o2\" \/>\n<input type=\"hidden\" name=\"_wpcf7_container_post\" value=\"0\" \/>\n<input type=\"hidden\" name=\"_wpcf7_posted_data_hash\" value=\"\" \/>\n<input type=\"hidden\" name=\"_wpcf7_recaptcha_response\" value=\"\" \/>\n<\/div>\n<div class=\"newsletter_form\">\n\t<p><span class=\"wpcf7-form-control-wrap\" data-name=\"email_nl\"><input size=\"40\" maxlength=\"400\" class=\"wpcf7-form-control wpcf7-email wpcf7-validates-as-required wpcf7-text wpcf7-validates-as-email email_nl\" aria-required=\"true\" aria-invalid=\"false\" placeholder=\"example@email.com\" value=\"\" type=\"email\" name=\"email_nl\" \/><\/span><br \/>\n\t<span class=\"wpcf7-form-control-wrap recaptcha\" data-name=\"recaptcha\"><span data-sitekey=\"6Ldocv8pAAAAAFSzsm48uEP7NOsz3Db9eygMjepS\" class=\"wpcf7-form-control wpcf7-recaptcha g-recaptcha\"><\/span>\r\n<noscript>\r\n\t<div class=\"grecaptcha-noscript\">\r\n\t\t<iframe src=\"https:\/\/www.google.com\/recaptcha\/api\/fallback?k=6Ldocv8pAAAAAFSzsm48uEP7NOsz3Db9eygMjepS\" frameborder=\"0\" scrolling=\"no\" width=\"310\" height=\"430\">\r\n\t\t<\/iframe>\r\n\t\t<textarea name=\"g-recaptcha-response\" rows=\"3\" cols=\"40\" placeholder=\"R\u00e9ponse reCaptcha ici\">\r\n\t\t<\/textarea>\r\n\t<\/div>\r\n<\/noscript>\r\n<\/span>\n\t<\/p>\n\t<div class=\"nl_form_btn\">\n\t\t<p><input class=\"wpcf7-form-control wpcf7-submit has-spinner nl_submit\" type=\"submit\" value=\"S&#039;inscrire \u00e0 la lettre d&#039;information\" \/>\n\t\t<\/p>\n\t<\/div>\n\t<p><span class=\"wpcf7-form-control-wrap\" data-name=\"privacy\"><span class=\"wpcf7-form-control wpcf7-acceptance\"><span class=\"wpcf7-list-item\"><label><input type=\"checkbox\" name=\"privacy\" value=\"1\" aria-invalid=\"false\" \/><span class=\"wpcf7-list-item-label\">Je consens au traitement de mes donn\u00e9es personnelles et d\u00e9clare avoir pris connaissance de l'avis de la Commission europ\u00e9enne. <a href=\"https:\/\/movery.it\/fr\/privacy-policy\/\">Politique de confidentialit\u00e9<\/a><\/span><\/label><\/span><\/span><\/span>\n\t<\/p>\n<\/div><div class=\"wpcf7-response-output\" aria-hidden=\"true\"><\/div>\n<input type=\"hidden\" name=\"trp-form-language\" value=\"fr\"\/><\/form>\n<\/div>\n<\/div>\n\t\t\t\t<\/div>\n\t\t\t\t<\/div>\n\t\t\t\t\t<\/div>\n\t\t\t\t<\/div>\n\t\t\t\t<\/div>","protected":false},"excerpt":{"rendered":"<p>Nous garantissons des exp\u00e9riences incroyables : satisfaits ou rembours\u00e9s Movery s'assure de vous offrir la meilleure exp\u00e9rience possible....<\/p>","protected":false},"author":2,"featured_media":0,"parent":0,"menu_order":0,"comment_status":"closed","ping_status":"closed","template":"template-fullwidth.php","meta":{"_seopress_robots_primary_cat":"","_seopress_titles_title":"Esperienze incredibili garantite: Soddisfatti o rimborsati","_seopress_titles_desc":"Movery garantisce la migliore esperienza possibile. Se un&#039;attivit\u00e0 non dovesse essere all&#039;altezza, offriremo un buono sconto per una nuova esperienza o un rimborso. Si applicano i termini e le condizioni.","_seopress_robots_index":"","content-type":"","footnotes":""},"class_list":["post-14819","page","type-page","status-publish","has-post-thumbnail","hentry"],"pp_statuses_selecting_workflow":false,"pp_workflow_action":"current","pp_status_selection":"publish","_links":{"self":[{"href":"https:\/\/movery.it\/fr\/wp-json\/wp\/v2\/pages\/14819","targetHints":{"allow":["GET"]}}],"collection":[{"href":"https:\/\/movery.it\/fr\/wp-json\/wp\/v2\/pages"}],"about":[{"href":"https:\/\/movery.it\/fr\/wp-json\/wp\/v2\/types\/page"}],"author":[{"embeddable":true,"href":"https:\/\/movery.it\/fr\/wp-json\/wp\/v2\/users\/2"}],"replies":[{"embeddable":true,"href":"https:\/\/movery.it\/fr\/wp-json\/wp\/v2\/comments?post=14819"}],"version-history":[{"count":9,"href":"https:\/\/movery.it\/fr\/wp-json\/wp\/v2\/pages\/14819\/revisions"}],"predecessor-version":[{"id":39944,"href":"https:\/\/movery.it\/fr\/wp-json\/wp\/v2\/pages\/14819\/revisions\/39944"}],"wp:attachment":[{"href":"https:\/\/movery.it\/fr\/wp-json\/wp\/v2\/media?parent=14819"}],"curies":[{"name":"wp","href":"https:\/\/api.w.org\/{rel}","templated":true}]}}