
{"id":24568,"date":"2023-05-09T09:21:26","date_gmt":"2023-05-09T08:21:26","guid":{"rendered":"https:\/\/shop.movery.it\/?page_id=24568"},"modified":"2024-03-19T09:59:45","modified_gmt":"2024-03-19T08:59:45","slug":"chi-siamo","status":"publish","type":"page","link":"https:\/\/movery.it\/fr\/chi-siamo\/","title":{"rendered":"A propos de nous"},"content":{"rendered":"<div data-elementor-type=\"wp-page\" data-elementor-id=\"24568\" class=\"elementor elementor-24568\">\n\t\t\t\t<div class=\"elementor-element elementor-element-032d118 e-flex e-con-boxed e-con e-parent\" data-id=\"032d118\" data-element_type=\"container\">\n\t\t\t\t\t<div class=\"e-con-inner\">\n\t\t\t\t\t<\/div>\n\t\t\t\t<\/div>\n\t\t<div class=\"elementor-element elementor-element-abd7905 partner_title e-flex e-con-boxed e-con e-parent\" data-id=\"abd7905\" data-element_type=\"container\">\n\t\t\t\t\t<div class=\"e-con-inner\">\n\t\t<div class=\"elementor-element elementor-element-0003ffc e-con-full e-flex e-con e-child\" data-id=\"0003ffc\" data-element_type=\"container\">\n\t\t\t\t<div class=\"elementor-element elementor-element-4ee3946 elementor-widget elementor-widget-image\" data-id=\"4ee3946\" data-element_type=\"widget\" data-widget_type=\"image.default\">\n\t\t\t\t<div class=\"elementor-widget-container\">\n\t\t\t\t\t\t\t\t\t\t\t\t\t<img fetchpriority=\"high\" decoding=\"async\" width=\"773\" height=\"623\" src=\"https:\/\/movery.it\/wp-content\/uploads\/2023\/05\/bg-main-top.svg\" class=\"attachment-full size-full wp-image-24579\" alt=\"\" \/>\t\t\t\t\t\t\t\t\t\t\t\t\t<\/div>\n\t\t\t\t<\/div>\n\t\t\t\t<\/div>\n\t\t<div class=\"elementor-element elementor-element-7186c9b e-con-full e-flex e-con e-child\" data-id=\"7186c9b\" data-element_type=\"container\">\n\t\t\t\t<div class=\"elementor-element elementor-element-0682b47 elementor-widget elementor-widget-text-editor\" data-id=\"0682b47\" data-element_type=\"widget\" data-widget_type=\"text-editor.default\">\n\t\t\t\t<div class=\"elementor-widget-container\">\n\t\t\t\t\t\t\t<h2>Qu'est-ce que Movery ? <\/h2><p class=\"mark-book\">Nous aimons voyager, c'est pourquoi nous vous aidons \u00e0 vous organiser pour le faire. Movery amplifie votre exp\u00e9rience de voyage : il vous permet de <strong>trouver de nouvelles voies<\/strong>, <strong>cr\u00e9ez votre circuit<\/strong> personnel et <strong>le partager<\/strong> avec vos compagnons d'aventure. Dites au territoire de vous montrer un <strong>nouveau point de vue<\/strong>en mettant en lumi\u00e8re les <strong>histoires vraies de lieux<\/strong> et les personnes qui les habitent.<\/p>\t\t\t\t\t\t<\/div>\n\t\t\t\t<\/div>\n\t\t\t\t<\/div>\n\t\t\t\t\t<\/div>\n\t\t\t\t<\/div>\n\t\t<div class=\"elementor-element elementor-element-16d5ab1 partner_marketing chisiamo  e-flex e-con-boxed e-con e-parent\" data-id=\"16d5ab1\" data-element_type=\"container\">\n\t\t\t\t\t<div class=\"e-con-inner\">\n\t\t<div class=\"elementor-element elementor-element-6991e78 e-con-full e-flex e-con e-child\" data-id=\"6991e78\" data-element_type=\"container\">\n\t\t\t\t<div class=\"elementor-element elementor-element-1ceda71 elementor-widget elementor-widget-text-editor\" data-id=\"1ceda71\" data-element_type=\"widget\" data-widget_type=\"text-editor.default\">\n\t\t\t\t<div class=\"elementor-widget-container\">\n\t\t\t\t\t\t\t<h2 _ngcontent-serverapp-c153=\"\" class=\"mark-bold\">\n            Pourquoi nous faisons nos premiers pas en Campanie\n          <\/h2>\t\t\t\t\t\t<\/div>\n\t\t\t\t<\/div>\n\t\t\t\t<\/div>\n\t\t<div class=\"elementor-element elementor-element-05da50f e-con-full e-flex e-con e-child\" data-id=\"05da50f\" data-element_type=\"container\">\n\t\t\t\t<div class=\"elementor-element elementor-element-e57d029 elementor-widget elementor-widget-text-editor\" data-id=\"e57d029\" data-element_type=\"widget\" data-widget_type=\"text-editor.default\">\n\t\t\t\t<div class=\"elementor-widget-container\">\n\t\t\t\t\t\t\t<p _ngcontent-serverapp-c153=\"\" class=\"mark-book mb-0\">\n              Les lieux de notre territoire exsudent l'histoire et la culture de chaque pierre, mais ils sont encore peu connus. C'est pourquoi nous avons d\u00e9cid\u00e9 de partir de chez nous, en profitant des nouvelles formes de narration offertes par la technologie pour raconter leur beaut\u00e9. Nous rendons l'actualit\u00e9 de nos lieux, riches en histoire et en art, accessible \u00e0 tous pour augmenter leur attractivit\u00e9 touristique, en proposant des itin\u00e9raires de voyage alternatifs et de nouveaux modes de partage. Le projet s'\u00e9tendra ensuite progressivement \u00e0 l'ensemble de l'Italie.\n          <\/p>\t\t\t\t\t\t<\/div>\n\t\t\t\t<\/div>\n\t\t\t\t<\/div>\n\t\t\t\t\t<\/div>\n\t\t\t\t<\/div>\n\t\t<div class=\"elementor-element elementor-element-7b59d38 chi-siamo-servizi e-flex e-con-boxed e-con e-parent\" data-id=\"7b59d38\" data-element_type=\"container\">\n\t\t\t\t\t<div class=\"e-con-inner\">\n\t\t<div class=\"elementor-element elementor-element-07fefab e-con-full e-flex e-con e-child\" data-id=\"07fefab\" data-element_type=\"container\">\n\t\t\t\t<div class=\"elementor-element elementor-element-f8cec2d elementor-widget elementor-widget-image\" data-id=\"f8cec2d\" data-element_type=\"widget\" data-widget_type=\"image.default\">\n\t\t\t\t<div class=\"elementor-widget-container\">\n\t\t\t\t\t\t\t\t\t\t\t\t\t<img decoding=\"async\" width=\"73\" height=\"70\" src=\"https:\/\/movery.it\/wp-content\/uploads\/2023\/05\/ico-associazioni.svg\" class=\"attachment-thumbnail size-thumbnail wp-image-24634\" alt=\"\" \/>\t\t\t\t\t\t\t\t\t\t\t\t\t<\/div>\n\t\t\t\t<\/div>\n\t\t\t\t<div class=\"elementor-element elementor-element-06a58ba elementor-widget elementor-widget-heading\" data-id=\"06a58ba\" data-element_type=\"widget\" data-widget_type=\"heading.default\">\n\t\t\t\t<div class=\"elementor-widget-container\">\n\t\t\t<h5 class=\"elementor-heading-title elementor-size-medium\">Aidez-nous \u00e0 atteindre de nouveaux objectifs<\/h5>\t\t<\/div>\n\t\t\t\t<\/div>\n\t\t\t\t<div class=\"elementor-element elementor-element-89c1ec4 elementor-widget elementor-widget-text-editor\" data-id=\"89c1ec4\" data-element_type=\"widget\" data-widget_type=\"text-editor.default\">\n\t\t\t\t<div class=\"elementor-widget-container\">\n\t\t\t\t\t\t\t<p _ngcontent-serverapp-c153=\"\" class=\"mark-book\">Movery souhaite \u00e9tablir des collaborations et des synergies avec les acteurs d\u00e9j\u00e0 impliqu\u00e9s sur le territoire. Contactez-nous si vous \u00eates une association impliqu\u00e9e dans la promotion du territoire ou une municipalit\u00e9 int\u00e9ress\u00e9e par la promotion du tourisme et que vous souhaitez participer au projet.<\/p>\t\t\t\t\t\t<\/div>\n\t\t\t\t<\/div>\n\t\t\t\t<div class=\"elementor-element elementor-element-8dcfa58 elementor-button-info btn-chi-siamo elementor-widget elementor-widget-button\" data-id=\"8dcfa58\" data-element_type=\"widget\" data-widget_type=\"button.default\">\n\t\t\t\t<div class=\"elementor-widget-container\">\n\t\t\t\t\t\t\t<div class=\"elementor-button-wrapper\">\n\t\t\t\t\t<a class=\"elementor-button elementor-button-link elementor-size-md\" href=\"https:\/\/movery.it\/fr\/diventa-partner\/\">\n\t\t\t\t\t\t<span class=\"elementor-button-content-wrapper\">\n\t\t\t\t\t\t<span class=\"elementor-button-icon\">\n\t\t\t\t<svg xmlns=\"http:\/\/www.w3.org\/2000\/svg\" width=\"8\" height=\"18\" viewbox=\"0 0 8 18\" fill=\"none\"><path d=\"M2 16L7 9L2 2\" stroke=\"#00CEAF\" stroke-width=\"1.5\" stroke-miterlimit=\"10\" stroke-linecap=\"square\"><\/path><\/svg>\t\t\t<\/span>\n\t\t\t\t\t\t\t\t\t<span class=\"elementor-button-text\">Devenir partenaire<\/span>\n\t\t\t\t\t<\/span>\n\t\t\t\t\t<\/a>\n\t\t\t\t<\/div>\n\t\t\t\t\t\t<\/div>\n\t\t\t\t<\/div>\n\t\t\t\t<\/div>\n\t\t<div class=\"elementor-element elementor-element-d43f261 e-con-full e-flex e-con e-child\" data-id=\"d43f261\" data-element_type=\"container\">\n\t\t\t\t<div class=\"elementor-element elementor-element-9c4ce8f elementor-widget elementor-widget-image\" data-id=\"9c4ce8f\" data-element_type=\"widget\" data-widget_type=\"image.default\">\n\t\t\t\t<div class=\"elementor-widget-container\">\n\t\t\t\t\t\t\t\t\t\t\t\t\t<img decoding=\"async\" width=\"58\" height=\"72\" src=\"https:\/\/movery.it\/wp-content\/uploads\/2023\/05\/ico-copywriter.svg\" class=\"attachment-thumbnail size-thumbnail wp-image-24631\" alt=\"\" \/>\t\t\t\t\t\t\t\t\t\t\t\t\t<\/div>\n\t\t\t\t<\/div>\n\t\t\t\t<div class=\"elementor-element elementor-element-c136f75 elementor-widget elementor-widget-heading\" data-id=\"c136f75\" data-element_type=\"widget\" data-widget_type=\"heading.default\">\n\t\t\t\t<div class=\"elementor-widget-container\">\n\t\t\t<h5 class=\"elementor-heading-title elementor-size-medium\">\u00c9crire sur le territoire<\/h5>\t\t<\/div>\n\t\t\t\t<\/div>\n\t\t\t\t<div class=\"elementor-element elementor-element-2a779c2 elementor-widget elementor-widget-text-editor\" data-id=\"2a779c2\" data-element_type=\"widget\" data-widget_type=\"text-editor.default\">\n\t\t\t\t<div class=\"elementor-widget-container\">\n\t\t\t\t\t\t\t<p class=\"mark-book\">Vous souhaitez devenir reporter voyageur et nous aider \u00e0 proposer de nouvelles exp\u00e9riences de voyage ? Nous avons besoin de personnes amoureuses de la r\u00e9gion, capables de la raconter \u00e0 travers leur \u00e9criture et ayant des comp\u00e9tences en histoire, en art et en architecture.<\/p>\t\t\t\t\t\t<\/div>\n\t\t\t\t<\/div>\n\t\t\t\t<div class=\"elementor-element elementor-element-818fad0 elementor-button-info btn-chi-siamo elementor-widget elementor-widget-button\" data-id=\"818fad0\" data-element_type=\"widget\" data-widget_type=\"button.default\">\n\t\t\t\t<div class=\"elementor-widget-container\">\n\t\t\t\t\t\t\t<div class=\"elementor-button-wrapper\">\n\t\t\t\t\t<a class=\"elementor-button elementor-button-link elementor-size-md\" href=\"mailto:redazione@movery.it?subject=Scrittori\">\n\t\t\t\t\t\t<span class=\"elementor-button-content-wrapper\">\n\t\t\t\t\t\t<span class=\"elementor-button-icon\">\n\t\t\t\t<svg xmlns=\"http:\/\/www.w3.org\/2000\/svg\" width=\"8\" height=\"18\" viewbox=\"0 0 8 18\" fill=\"none\"><path d=\"M2 16L7 9L2 2\" stroke=\"#00CEAF\" stroke-width=\"1.5\" stroke-miterlimit=\"10\" stroke-linecap=\"square\"><\/path><\/svg>\t\t\t<\/span>\n\t\t\t\t\t\t\t\t\t<span class=\"elementor-button-text\">Rejoindre l'\u00e9quipe \u00e9ditoriale<\/span>\n\t\t\t\t\t<\/span>\n\t\t\t\t\t<\/a>\n\t\t\t\t<\/div>\n\t\t\t\t\t\t<\/div>\n\t\t\t\t<\/div>\n\t\t\t\t<\/div>\n\t\t<div class=\"elementor-element elementor-element-e54c5ec e-con-full e-flex e-con e-child\" data-id=\"e54c5ec\" data-element_type=\"container\">\n\t\t\t\t<div class=\"elementor-element elementor-element-8bed4cd elementor-widget elementor-widget-image\" data-id=\"8bed4cd\" data-element_type=\"widget\" data-widget_type=\"image.default\">\n\t\t\t\t<div class=\"elementor-widget-container\">\n\t\t\t\t\t\t\t\t\t\t\t\t\t<img loading=\"lazy\" decoding=\"async\" width=\"68\" height=\"71\" src=\"https:\/\/movery.it\/wp-content\/uploads\/2023\/05\/ico-negozio.svg\" class=\"attachment-thumbnail size-thumbnail wp-image-24628\" alt=\"\" \/>\t\t\t\t\t\t\t\t\t\t\t\t\t<\/div>\n\t\t\t\t<\/div>\n\t\t\t\t<div class=\"elementor-element elementor-element-37f8f9e elementor-widget elementor-widget-heading\" data-id=\"37f8f9e\" data-element_type=\"widget\" data-widget_type=\"heading.default\">\n\t\t\t\t<div class=\"elementor-widget-container\">\n\t\t\t<h5 class=\"elementor-heading-title elementor-size-medium\">Aidez-nous \u00e0 atteindre de nouveaux objectifs<\/h5>\t\t<\/div>\n\t\t\t\t<\/div>\n\t\t\t\t<div class=\"elementor-element elementor-element-c334a57 elementor-widget elementor-widget-text-editor\" data-id=\"c334a57\" data-element_type=\"widget\" data-widget_type=\"text-editor.default\">\n\t\t\t\t<div class=\"elementor-widget-container\">\n\t\t\t\t\t\t\t<p _ngcontent-serverapp-c153=\"\" class=\"mark-book\">Vous avez une entreprise artisanale locale ou vous vendez des produits typiques ? Placez votre boutique sur Movery pour offrir aux d\u00e9m\u00e9nageurs quelque chose d'unique qui leur permettra de se souvenir de leur voyage et de d\u00e9couvrir l'endroit qu'ils ont visit\u00e9.<\/p>\t\t\t\t\t\t<\/div>\n\t\t\t\t<\/div>\n\t\t\t\t<div class=\"elementor-element elementor-element-58a0352 elementor-button-info btn-chi-siamo elementor-widget elementor-widget-button\" data-id=\"58a0352\" data-element_type=\"widget\" data-widget_type=\"button.default\">\n\t\t\t\t<div class=\"elementor-widget-container\">\n\t\t\t\t\t\t\t<div class=\"elementor-button-wrapper\">\n\t\t\t\t\t<a class=\"elementor-button elementor-button-link elementor-size-md\" href=\"https:\/\/movery.it\/fr\/diventa-partner\/\">\n\t\t\t\t\t\t<span class=\"elementor-button-content-wrapper\">\n\t\t\t\t\t\t<span class=\"elementor-button-icon\">\n\t\t\t\t<svg xmlns=\"http:\/\/www.w3.org\/2000\/svg\" width=\"8\" height=\"18\" viewbox=\"0 0 8 18\" fill=\"none\"><path d=\"M2 16L7 9L2 2\" stroke=\"#00CEAF\" stroke-width=\"1.5\" stroke-miterlimit=\"10\" stroke-linecap=\"square\"><\/path><\/svg>\t\t\t<\/span>\n\t\t\t\t\t\t\t\t\t<span class=\"elementor-button-text\">Ajoutez votre activit\u00e9<\/span>\n\t\t\t\t\t<\/span>\n\t\t\t\t\t<\/a>\n\t\t\t\t<\/div>\n\t\t\t\t\t\t<\/div>\n\t\t\t\t<\/div>\n\t\t\t\t<\/div>\n\t\t\t\t\t<\/div>\n\t\t\t\t<\/div>\n\t\t<div class=\"elementor-element elementor-element-fe1fca3 chi-siamo-campania e-con-full e-flex e-con e-parent\" data-id=\"fe1fca3\" data-element_type=\"container\" data-settings=\"{&quot;background_background&quot;:&quot;slideshow&quot;,&quot;background_slideshow_gallery&quot;:[{&quot;id&quot;:24687,&quot;url&quot;:&quot;https:\\\/\\\/cdn-movery.s3.eu-west-1.amazonaws.com\\\/wp-content\\\/uploads\\\/2023\\\/05\\\/09103609\\\/bg-main-hero.jpg&quot;}],&quot;background_slideshow_loop&quot;:&quot;yes&quot;,&quot;background_slideshow_slide_duration&quot;:5000,&quot;background_slideshow_slide_transition&quot;:&quot;fade&quot;,&quot;background_slideshow_transition_duration&quot;:500}\">\n\t\t<div class=\"elementor-element elementor-element-c986bf4 e-flex e-con-boxed e-con e-child\" data-id=\"c986bf4\" data-element_type=\"container\">\n\t\t\t\t\t<div class=\"e-con-inner\">\n\t\t<div class=\"elementor-element elementor-element-577c72a e-con-full e-flex e-con e-child\" data-id=\"577c72a\" data-element_type=\"container\">\n\t\t\t\t<div class=\"elementor-element elementor-element-bd87cdb elementor-widget elementor-widget-text-editor\" data-id=\"bd87cdb\" data-element_type=\"widget\" data-widget_type=\"text-editor.default\">\n\t\t\t\t<div class=\"elementor-widget-container\">\n\t\t\t\t\t\t\t<h2 _ngcontent-serverapp-c153=\"\" class=\"mark-bold\">\n            Pourquoi nous faisons nos premiers pas en Campanie\n          <\/h2>\t\t\t\t\t\t<\/div>\n\t\t\t\t<\/div>\n\t\t\t\t<div class=\"elementor-element elementor-element-2e7648a elementor-widget elementor-widget-text-editor\" data-id=\"2e7648a\" data-element_type=\"widget\" data-widget_type=\"text-editor.default\">\n\t\t\t\t<div class=\"elementor-widget-container\">\n\t\t\t\t\t\t\t<p _ngcontent-serverapp-c153=\"\" class=\"mark-book mb-0\">\n              Les lieux de notre territoire exsudent l'histoire et la culture de chaque pierre, mais ils sont encore peu connus. C'est pourquoi nous avons d\u00e9cid\u00e9 de partir de chez nous, en profitant des nouvelles formes de narration offertes par la technologie pour raconter leur beaut\u00e9. Nous rendons l'actualit\u00e9 de nos lieux, riches en histoire et en art, accessible \u00e0 tous pour augmenter leur attractivit\u00e9 touristique, en proposant des itin\u00e9raires de voyage alternatifs et de nouveaux modes de partage. Le projet s'\u00e9tendra ensuite progressivement \u00e0 l'ensemble de l'Italie.\n          <\/p>\t\t\t\t\t\t<\/div>\n\t\t\t\t<\/div>\n\t\t\t\t<\/div>\n\t\t\t\t\t<\/div>\n\t\t\t\t<\/div>\n\t\t\t\t<\/div>\n\t\t<div class=\"elementor-element elementor-element-eb48c53 e-flex e-con-boxed e-con e-parent\" data-id=\"eb48c53\" data-element_type=\"container\" id=\"newsletter_cf7\">\n\t\t\t\t\t<div class=\"e-con-inner\">\n\t\t<div class=\"elementor-element elementor-element-162db38 e-flex e-con-boxed e-con e-child\" data-id=\"162db38\" data-element_type=\"container\">\n\t\t\t\t\t<div class=\"e-con-inner\">\n\t\t\t\t<div class=\"elementor-element elementor-element-b0676f3 elementor-widget__width-initial elementor-widget elementor-widget-heading\" data-id=\"b0676f3\" data-element_type=\"widget\" data-widget_type=\"heading.default\">\n\t\t\t\t<div class=\"elementor-widget-container\">\n\t\t\t<h2 class=\"elementor-heading-title elementor-size-large\">Laissez votre adresse \u00e9lectronique pour recevoir les mises \u00e0 jour du projet<\/h2>\t\t<\/div>\n\t\t\t\t<\/div>\n\t\t\t\t<div class=\"elementor-element elementor-element-3249192 elementor-widget elementor-widget-shortcode\" data-id=\"3249192\" data-element_type=\"widget\" data-widget_type=\"shortcode.default\">\n\t\t\t\t<div class=\"elementor-widget-container\">\n\t\t\t\t\t<div class=\"elementor-shortcode\">\n<div class=\"wpcf7 no-js\" id=\"wpcf7-f30892-o1\" lang=\"it-IT\" dir=\"ltr\" data-wpcf7-id=\"30892\">\n<div class=\"screen-reader-response\"><p role=\"status\" aria-live=\"polite\" aria-atomic=\"true\"><\/p> <ul><\/ul><\/div>\n<form action=\"\/fr\/wp-json\/wp\/v2\/pages\/24568#wpcf7-f30892-o1\" method=\"post\" class=\"wpcf7-form init\" aria-label=\"Formulaire de contact\" novalidate=\"novalidate\" data-status=\"init\" data-trp-original-action=\"\/fr\/wp-json\/wp\/v2\/pages\/24568#wpcf7-f30892-o1\">\n<div style=\"display: none;\">\n<input type=\"hidden\" name=\"_wpcf7\" value=\"30892\" \/>\n<input type=\"hidden\" name=\"_wpcf7_version\" value=\"6.0.3\" \/>\n<input type=\"hidden\" name=\"_wpcf7_locale\" value=\"it_IT\" \/>\n<input type=\"hidden\" name=\"_wpcf7_unit_tag\" value=\"wpcf7-f30892-o1\" \/>\n<input type=\"hidden\" name=\"_wpcf7_container_post\" value=\"0\" \/>\n<input type=\"hidden\" name=\"_wpcf7_posted_data_hash\" value=\"\" \/>\n<input type=\"hidden\" name=\"_wpcf7_recaptcha_response\" value=\"\" \/>\n<\/div>\n<div class=\"newsletter_form\">\n\t<p><span class=\"wpcf7-form-control-wrap\" data-name=\"email_nl\"><input size=\"40\" maxlength=\"400\" class=\"wpcf7-form-control wpcf7-email wpcf7-validates-as-required wpcf7-text wpcf7-validates-as-email email_nl\" aria-required=\"true\" aria-invalid=\"false\" placeholder=\"example@email.com\" value=\"\" type=\"email\" name=\"email_nl\" \/><\/span><br \/>\n\t<span class=\"wpcf7-form-control-wrap recaptcha\" data-name=\"recaptcha\"><span data-sitekey=\"6Ldocv8pAAAAAFSzsm48uEP7NOsz3Db9eygMjepS\" class=\"wpcf7-form-control wpcf7-recaptcha g-recaptcha\"><\/span>\r\n<noscript>\r\n\t<div class=\"grecaptcha-noscript\">\r\n\t\t<iframe src=\"https:\/\/www.google.com\/recaptcha\/api\/fallback?k=6Ldocv8pAAAAAFSzsm48uEP7NOsz3Db9eygMjepS\" frameborder=\"0\" scrolling=\"no\" width=\"310\" height=\"430\">\r\n\t\t<\/iframe>\r\n\t\t<textarea name=\"g-recaptcha-response\" rows=\"3\" cols=\"40\" placeholder=\"R\u00e9ponse reCaptcha ici\">\r\n\t\t<\/textarea>\r\n\t<\/div>\r\n<\/noscript>\r\n<\/span>\n\t<\/p>\n\t<div class=\"nl_form_btn\">\n\t\t<p><input class=\"wpcf7-form-control wpcf7-submit has-spinner nl_submit\" type=\"submit\" value=\"S&#039;inscrire \u00e0 la lettre d&#039;information\" \/>\n\t\t<\/p>\n\t<\/div>\n\t<p><span class=\"wpcf7-form-control-wrap\" data-name=\"privacy\"><span class=\"wpcf7-form-control wpcf7-acceptance\"><span class=\"wpcf7-list-item\"><label><input type=\"checkbox\" name=\"privacy\" value=\"1\" aria-invalid=\"false\" \/><span class=\"wpcf7-list-item-label\">Je consens au traitement de mes donn\u00e9es personnelles et d\u00e9clare avoir pris connaissance de l'avis de la Commission europ\u00e9enne. <a href=\"https:\/\/movery.it\/fr\/privacy-policy\/\">Politique de confidentialit\u00e9<\/a><\/span><\/label><\/span><\/span><\/span>\n\t<\/p>\n<\/div><div class=\"wpcf7-response-output\" aria-hidden=\"true\"><\/div>\n<input type=\"hidden\" name=\"trp-form-language\" value=\"fr\"\/><\/form>\n<\/div>\n<\/div>\n\t\t\t\t<\/div>\n\t\t\t\t<\/div>\n\t\t\t\t\t<\/div>\n\t\t\t\t<\/div>\n\t\t\t\t\t<\/div>\n\t\t\t\t<\/div>\n\t\t\t\t<\/div>","protected":false},"excerpt":{"rendered":"<p>Qu'est-ce que Movery ? Nous aimons voyager, c'est pourquoi nous facilitons l'organisation de...<\/p>","protected":false},"author":3,"featured_media":0,"parent":0,"menu_order":0,"comment_status":"closed","ping_status":"closed","template":"elementor_header_footer","meta":{"_seopress_robots_primary_cat":"","_seopress_titles_title":"Scopri Movery: viaggiare in modo facile e condiviso","_seopress_titles_desc":"Movery ti permette di trovare nuovi percorsi, creare il tuo tour personale e condividerlo con i tuoi compagni di avventura. Scopri le vere storie dei luoghi e delle persone che li abitano e aiutaci a raggiungere nuove mete in Italia.","_seopress_robots_index":"","content-type":"","footnotes":""},"class_list":["post-24568","page","type-page","status-publish","has-post-thumbnail","hentry"],"pp_statuses_selecting_workflow":false,"pp_workflow_action":"current","pp_status_selection":"publish","_links":{"self":[{"href":"https:\/\/movery.it\/fr\/wp-json\/wp\/v2\/pages\/24568","targetHints":{"allow":["GET"]}}],"collection":[{"href":"https:\/\/movery.it\/fr\/wp-json\/wp\/v2\/pages"}],"about":[{"href":"https:\/\/movery.it\/fr\/wp-json\/wp\/v2\/types\/page"}],"author":[{"embeddable":true,"href":"https:\/\/movery.it\/fr\/wp-json\/wp\/v2\/users\/3"}],"replies":[{"embeddable":true,"href":"https:\/\/movery.it\/fr\/wp-json\/wp\/v2\/comments?post=24568"}],"version-history":[{"count":5,"href":"https:\/\/movery.it\/fr\/wp-json\/wp\/v2\/pages\/24568\/revisions"}],"predecessor-version":[{"id":33932,"href":"https:\/\/movery.it\/fr\/wp-json\/wp\/v2\/pages\/24568\/revisions\/33932"}],"wp:attachment":[{"href":"https:\/\/movery.it\/fr\/wp-json\/wp\/v2\/media?parent=24568"}],"curies":[{"name":"wp","href":"https:\/\/api.w.org\/{rel}","templated":true}]}}