
{"id":3,"date":"2022-04-01T08:50:15","date_gmt":"2022-04-01T08:50:15","guid":{"rendered":"https:\/\/modtel.wpengine.com\/?page_id=3"},"modified":"2023-12-28T17:07:55","modified_gmt":"2023-12-28T16:07:55","slug":"privacy-policy","status":"publish","type":"page","link":"https:\/\/movery.it\/fr\/privacy-policy\/","title":{"rendered":"Politique de confidentialit\u00e9"},"content":{"rendered":"<p>Ce document a pour objet d'informer les Utilisateurs sur les Donn\u00e9es Personnelles collect\u00e9es par le site internet et l'application Movery (ci-dessous)&nbsp;<strong>\"Application\"<\/strong>&nbsp;).<\/p>\n\n\n\n<p>Le Responsable du traitement, tel qu'identifi\u00e9 ult\u00e9rieurement, pourra modifier ou simplement mettre \u00e0 jour, en tout ou partie, ces Informations en en informant les Utilisateurs. Les modifications et mises \u00e0 jour seront contraignantes d\u00e8s leur publication sur l\u2019Application. L\u2019Utilisateur est donc invit\u00e9 \u00e0 lire la Politique de Confidentialit\u00e9 \u00e0 chaque fois qu\u2019il acc\u00e8de \u00e0 l\u2019Application.<\/p>\n\n\n\n<p>En cas de non-acceptation des modifications apport\u00e9es \u00e0 la pr\u00e9sente Politique de Confidentialit\u00e9, l'Utilisateur est tenu de cesser d'utiliser cette Application et peut demander au Responsable du Traitement de supprimer ses Donn\u00e9es Personnelles.<\/p>\n\n\n\n<ol class=\"wp-block-list\">\n<li>Donn\u00e9es personnelles collect\u00e9es par l'ApplicationLe Propri\u00e9taire collecte les types de donn\u00e9es personnelles suivants :\n<ol class=\"wp-block-list\" style=\"list-style-type:upper-alpha\">\n<li><strong>Contenus et informations fournis volontairement par l'Utilisateur<\/strong><ul><li><strong>Coordonn\u00e9es et contenu :<\/strong>l'utilisateur fournit volontairement \u00e0 l'application lors de son utilisation, comme par exemple les donn\u00e9es personnelles, les coordonn\u00e9es, les identifiants d'acc\u00e8s aux services et\/ou produits fournis, les int\u00e9r\u00eats et pr\u00e9f\u00e9rences personnels et autres contenus personnels, etc.<\/li><\/ul>Le d\u00e9faut de l'Utilisateur de fournir des Donn\u00e9es Personnelles, pour lesquelles il existe une obligation l\u00e9gale ou contractuelle ou si elles constituent une condition n\u00e9cessaire \u00e0 l'utilisation du service ou \u00e0 la conclusion du contrat, rendra impossible pour le Propri\u00e9taire de fournir ou en partie ses services. L'Utilisateur qui communique les Donn\u00e9es Personnelles de tiers au Propri\u00e9taire est directement et exclusivement responsable de leur origine, collecte, traitement, communication ou diffusion.<\/li>\n\n\n\n<li><strong>Donn\u00e9es et contenus acquis automatiquement lors de l'utilisation de l'Application<\/strong>\n<ul class=\"wp-block-list\">\n<li><strong>Donn\u00e9es techniques:<\/strong>les syst\u00e8mes informatiques et les proc\u00e9dures logicielles utilis\u00e9s pour faire fonctionner cette Application peuvent acqu\u00e9rir, au cours de leur fonctionnement normal, certaines Donn\u00e9es Personnelles dont la transmission est implicite dans l'utilisation des protocoles de communication Internet. Il s'agit d'informations qui ne sont pas collect\u00e9es pour \u00eatre associ\u00e9es \u00e0 des Utilisateurs identifi\u00e9s, mais qui, par leur nature m\u00eame, pourraient, par le biais de traitements et d'associations avec des Donn\u00e9es d\u00e9tenues par des tiers, permettre d'identifier les Utilisateurs. Cette cat\u00e9gorie comprend les adresses IP, ou les noms de domaine utilis\u00e9s par les Utilisateurs qui se connectent \u00e0 l'Application, les adresses en notation URI (Uniform Resource Identifier) \u200b\u200b\u200b\u200bdes ressources demand\u00e9es, l'heure de la demande, la m\u00e9thode utilis\u00e9e pour soumettre le requ\u00eate au serveur, la taille du fichier obtenu, etc.<\/li>\n\n\n\n<li><strong>Des donn\u00e9es d'utilisation:<\/strong>Des donn\u00e9es relatives \u00e0 l'utilisation de l'Application par l'Utilisateur peuvent \u00e9galement \u00eatre collect\u00e9es, telles que les pages visit\u00e9es, les actions r\u00e9alis\u00e9es, les fonctions et services utilis\u00e9s.<\/li>\n\n\n\n<li><strong>Donn\u00e9es de g\u00e9olocalisation :<\/strong>l'Application peut collecter des Donn\u00e9es de localisation, qui peuvent \u00eatre pr\u00e9cises ou impr\u00e9cises. Les donn\u00e9es de localisation pr\u00e9cises peuvent \u00eatre des donn\u00e9es GNSS (Global Navigation Satellite System), par exemple des donn\u00e9es GPS, ainsi que des donn\u00e9es qui identifient le r\u00e9p\u00e9teur le plus proche, les points d'acc\u00e8s Wi-Fi et Bluetooth, communiqu\u00e9es lorsque vous activez des produits ou des fonctionnalit\u00e9s de localisation.<\/li>\n<\/ul>\n<\/li>\n\n\n\n<li><strong>Donn\u00e9es personnelles collect\u00e9es via des cookies ou des technologies similaires<\/strong>Cette Application utilise des cookies, des balises Web, des identifiants uniques et d'autres technologies similaires pour collecter des donn\u00e9es sur les pages, les liens visit\u00e9s et d'autres actions que vous effectuez lorsque vous utilisez nos Services, dans le contenu publicitaire ou les e-mails. Ils sont stock\u00e9s avant d'\u00eatre retransmis vers les m\u00eames sites lors de la prochaine visite du m\u00eame Utilisateur. L\u2019Utilisateur peut consulter la Politique Cookie compl\u00e8te \u00e0 l\u2019adresse suivante :&nbsp;<a href=\"https:\/\/movery.it\/fr\/cookie-policy\/\">https:\/\/movery.it\/cookie-policy.<\/a><\/li>\n<\/ol>\n<\/li>\n\n\n\n<li>Finalit\u00e9 Les Donn\u00e9es Personnelles collect\u00e9es pourront \u00eatre utilis\u00e9es pour l\u2019ex\u00e9cution d\u2019obligations contractuelles et pr\u00e9contractuelles et pour des obligations l\u00e9gales ainsi qu\u2019aux fins suivantes :\n<ul class=\"wp-block-list\">\n<li>Enregistrement et authentification des utilisateurs<\/li>\n\n\n\n<li>accompagnement et contact avec l'Utilisateur<\/li>\n\n\n\n<li>interaction avec le chat en direct<\/li>\n\n\n\n<li>personnalisation de l'exp\u00e9rience utilisateur de l'Utilisateur<\/li>\n\n\n\n<li>surveillance, analyse et suivi du comportement des utilisateurs<\/li>\n\n\n\n<li>suivi technique de l'infrastructure pour la maintenance, le d\u00e9pannage et l'am\u00e9lioration des performances<\/li>\n\n\n\n<li>remarketing et ciblage comportemental<\/li>\n\n\n\n<li>envoyer des emails ou des newsletters et g\u00e9rer des listes de diffusion<\/li>\n\n\n\n<li>suivi technique de l'infrastructure pour la maintenance, le d\u00e9pannage et l'am\u00e9lioration des performances<\/li>\n\n\n\n<li>gestion de l'infrastructure de stockage, d'h\u00e9bergement et backend<\/li>\n<\/ul>\n<\/li>\n\n\n\n<li>Modalit\u00e9s de traitement Le traitement des Donn\u00e9es Personnelles est effectu\u00e9 \u00e0 l'aide d'outils informatiques et\/ou t\u00e9l\u00e9matiques, avec des modalit\u00e9s organisationnelles et avec une logique strictement li\u00e9e aux finalit\u00e9s indiqu\u00e9es. Dans certains cas, les sujets impliqu\u00e9s dans l'organisation du Responsable du Traitement peuvent \u00e9galement avoir acc\u00e8s aux Donn\u00e9es Personnelles. (comme par exemple les gestionnaires du personnel, les employ\u00e9s du secteur commercial, les administrateurs syst\u00e8me, etc.) ou des parties externes (comme les soci\u00e9t\u00e9s informatiques, les prestataires de services, les coursiers postaux, les fournisseurs d'h\u00e9bergement, etc.). Si n\u00e9cessaire, ces sujets peuvent \u00eatre nomm\u00e9s sous-traitants par le Propri\u00e9taire, ainsi qu'acc\u00e9der aux donn\u00e9es personnelles des utilisateurs chaque fois que cela est n\u00e9cessaire et seront contractuellement tenus de garder les donn\u00e9es personnelles confidentielles. La liste mise \u00e0 jour des Managers peut \u00eatre demand\u00e9e par e-mail \u00e0 info@shop.movery.it.<\/li>\n\n\n\n<li>Base juridique du traitement Le Responsable du traitement traite les Donn\u00e9es personnelles relatives \u00e0 l'Utilisateur si l'une des conditions suivantes est remplie :<ul><li>l'Utilisateur a donn\u00e9 son consentement pour une ou plusieurs finalit\u00e9s sp\u00e9cifiques<\/li><li>le traitement est n\u00e9cessaire pour remplir une obligation l\u00e9gale \u00e0 laquelle le responsable du traitement est soumis<\/li><\/ul>Cependant, il est toujours possible de demander au responsable du traitement de clarifier la base juridique concr\u00e8te de chaque traitement.<\/li>\n\n\n\n<li>Lieu Les Donn\u00e9es sont trait\u00e9es dans les bureaux op\u00e9rationnels du Propri\u00e9taire et dans tout autre lieu o\u00f9 se trouvent les parties impliqu\u00e9es dans le traitement. Pour plus d'informations, contactez le Propri\u00e9taire \u00e0 l'adresse e-mail suivante info@shop.movery.it ou \u00e0 l'adresse postale suivante Via Tre Piccioni 63 \u2013 80078 Pozzuoli.<\/li>\n\n\n\n<li>Mesures de s\u00e9curit\u00e9 Le Traitement est effectu\u00e9 selon des m\u00e9thodes et avec des outils adapt\u00e9s pour garantir la s\u00e9curit\u00e9 et la confidentialit\u00e9 des Donn\u00e9es elles-m\u00eames, le Responsable du Traitement ayant adopt\u00e9 des mesures techniques et organisationnelles ad\u00e9quates qui garantissent et permettent de d\u00e9montrer que le Traitement est effectu\u00e9. conform\u00e9ment \u00e0 la l\u00e9gislation de r\u00e9f\u00e9rence.<\/li>\n\n\n\n<li>Dur\u00e9e de conservation des donn\u00e9esLe Responsable du traitement traitera les Donn\u00e9es personnelles pendant le temps n\u00e9cessaire \u00e0 la r\u00e9alisation des finalit\u00e9s li\u00e9es \u00e0 l'ex\u00e9cution du contrat entre le Responsable du traitement et l'Utilisateur au plus tard 10 ans \u00e0 compter de la fin de la relation avec l'Utilisateur et dans tous les cas jusqu'\u00e0 l'expiration du d\u00e9lai de prescription pr\u00e9vu par la r\u00e9glementation en vigueur. Lorsque le traitement des Donn\u00e9es Personnelles est n\u00e9cessaire \u00e0 la poursuite d'un int\u00e9r\u00eat l\u00e9gitime du Propri\u00e9taire, les Donn\u00e9es Personnelles seront conserv\u00e9es jusqu'\u00e0 ce que cet int\u00e9r\u00eat soit satisfait. Les donn\u00e9es personnelles sont bas\u00e9es sur le consentement de l'utilisateur, le propri\u00e9taire peut conserver les donn\u00e9es personnelles jusqu'\u00e0 leur r\u00e9vocation par l'utilisateur. Les donn\u00e9es personnelles peuvent \u00eatre conserv\u00e9es pendant une p\u00e9riode plus longue si n\u00e9cessaire pour se conformer \u00e0 une obligation l\u00e9gale ou sur ordre d'une autorit\u00e9. Toutes les donn\u00e9es Donn\u00e9es personnelles seront supprim\u00e9s \u00e0 l\u2019expiration de la p\u00e9riode de conservation. Pass\u00e9 ce d\u00e9lai, le droit d'acc\u00e8s, d'annulation, de rectification et le droit \u00e0 la portabilit\u00e9 des donn\u00e9es ne pourront plus \u00eatre exerc\u00e9s.<\/li>\n\n\n\n<li>Processus d\u00e9cisionnels automatis\u00e9s Toutes les donn\u00e9es collect\u00e9es ne seront soumises \u00e0 aucun processus d\u00e9cisionnel automatis\u00e9, y compris le profilage, qui pourrait produire des effets juridiques pour la personne ou qui pourrait l'affecter de mani\u00e8re significative.<\/li>\n\n\n\n<li>Droits de l'utilisateurLes utilisateurs peuvent exercer certains droits en ce qui concerne les donn\u00e9es trait\u00e9es par le contr\u00f4leur des donn\u00e9es. En particulier, l'utilisateur a le droit de :<ul><li>retirer son consentement \u00e0 tout moment ;<\/li><li>s'opposer au traitement de leurs donn\u00e9es ;<\/li><li>l'acc\u00e8s \u00e0 leurs donn\u00e9es ;<\/li><li>v\u00e9rifier et demander une rectification ;<\/li><li>obtenir la limitation du traitement ;<\/li><li>obtenir la suppression de vos Donn\u00e9es Personnelles ;<\/li><li>recevoir leurs donn\u00e9es ou les faire transf\u00e9rer \u00e0 un autre responsable du traitement ;<\/li><li>d\u00e9poser une plainte aupr\u00e8s de l\u2019Autorit\u00e9 de contr\u00f4le de la protection des donn\u00e9es personnelles et\/ou engager une action en justice.<\/li><\/ul>Pour exercer leurs droits, les utilisateurs peuvent adresser une demande aux coordonn\u00e9es du contr\u00f4leur indiqu\u00e9es dans le pr\u00e9sent document. Les demandes sont gratuites et trait\u00e9es par le responsable du traitement dans les meilleurs d\u00e9lais, en tout \u00e9tat de cause dans un d\u00e9lai de 30 jours.<\/li>\n\n\n\n<li>Responsable du traitement Le responsable du traitement est 4Hands SRL, dont le si\u00e8ge social est situ\u00e9 Via Tre Piccioni 63, code fiscal\/num\u00e9ro de TVA 08804201211, NA \u2013 986404, adresse e-mail\u00a0<a href=\"mailto:info@movery.it\">info@movery.it<\/a>\u00a0adresse PEC\u00a0<a href=\"mailto:4handssas@pec.it\">4handssas@pec.it<\/a>\u00a0.<\/li>\n<\/ol>","protected":false},"excerpt":{"rendered":"<p>L'objectif de ce document est d'informer les utilisateurs sur les donn\u00e9es personnelles collect\u00e9es...<\/p>","protected":false},"author":1,"featured_media":24670,"parent":0,"menu_order":0,"comment_status":"closed","ping_status":"open","template":"","meta":{"_seopress_robots_primary_cat":"","_seopress_titles_title":"","_seopress_titles_desc":"","_seopress_robots_index":"","content-type":"","footnotes":""},"class_list":["post-3","page","type-page","status-publish","has-post-thumbnail","hentry"],"pp_statuses_selecting_workflow":false,"pp_workflow_action":"current","pp_status_selection":"publish","_links":{"self":[{"href":"https:\/\/movery.it\/fr\/wp-json\/wp\/v2\/pages\/3","targetHints":{"allow":["GET"]}}],"collection":[{"href":"https:\/\/movery.it\/fr\/wp-json\/wp\/v2\/pages"}],"about":[{"href":"https:\/\/movery.it\/fr\/wp-json\/wp\/v2\/types\/page"}],"author":[{"embeddable":true,"href":"https:\/\/movery.it\/fr\/wp-json\/wp\/v2\/users\/1"}],"replies":[{"embeddable":true,"href":"https:\/\/movery.it\/fr\/wp-json\/wp\/v2\/comments?post=3"}],"version-history":[{"count":3,"href":"https:\/\/movery.it\/fr\/wp-json\/wp\/v2\/pages\/3\/revisions"}],"predecessor-version":[{"id":31706,"href":"https:\/\/movery.it\/fr\/wp-json\/wp\/v2\/pages\/3\/revisions\/31706"}],"wp:featuredmedia":[{"embeddable":true,"href":"https:\/\/movery.it\/fr\/wp-json\/wp\/v2\/media\/24670"}],"wp:attachment":[{"href":"https:\/\/movery.it\/fr\/wp-json\/wp\/v2\/media?parent=3"}],"curies":[{"name":"wp","href":"https:\/\/api.w.org\/{rel}","templated":true}]}}