
{"id":34520,"date":"2024-04-09T13:16:17","date_gmt":"2024-04-09T12:16:17","guid":{"rendered":"https:\/\/movery.it\/lets-keep-in-touch\/"},"modified":"2024-04-09T13:16:17","modified_gmt":"2024-04-09T12:16:17","slug":"lets-keep-in-touch","status":"publish","type":"page","link":"https:\/\/movery.it\/fr\/lets-keep-in-touch\/","title":{"rendered":"Restons en contact"},"content":{"rendered":"<p>Bonjour [nom de l'abonn\u00e9 bwfan_]. <\/p>\n<p>Aidez-nous \u00e0 am\u00e9liorer votre exp\u00e9rience avec nous gr\u00e2ce \u00e0 une meilleure communication. Veuillez ajuster vos pr\u00e9f\u00e9rences pour l'email [bwfan_subscriber_recipient]. <\/p>\n<p>[bwfan_unsubscribe_button label=\"Update my preference\"].<\/p>","protected":false},"excerpt":{"rendered":"<p>Bonjour [bwfan_subscriber_name] Aidez-nous \u00e0 am\u00e9liorer votre exp\u00e9rience avec nous gr\u00e2ce \u00e0 une meilleure communication. Veuillez ajuster...<\/p>","protected":false},"author":29,"featured_media":0,"parent":0,"menu_order":0,"comment_status":"closed","ping_status":"closed","template":"","meta":{"_seopress_robots_primary_cat":"","_seopress_titles_title":"","_seopress_titles_desc":"","_seopress_robots_index":"","content-type":"","footnotes":""},"class_list":["post-34520","page","type-page","status-publish","has-post-thumbnail","hentry"],"pp_statuses_selecting_workflow":false,"pp_workflow_action":"current","pp_status_selection":"publish","_links":{"self":[{"href":"https:\/\/movery.it\/fr\/wp-json\/wp\/v2\/pages\/34520","targetHints":{"allow":["GET"]}}],"collection":[{"href":"https:\/\/movery.it\/fr\/wp-json\/wp\/v2\/pages"}],"about":[{"href":"https:\/\/movery.it\/fr\/wp-json\/wp\/v2\/types\/page"}],"author":[{"embeddable":true,"href":"https:\/\/movery.it\/fr\/wp-json\/wp\/v2\/users\/29"}],"replies":[{"embeddable":true,"href":"https:\/\/movery.it\/fr\/wp-json\/wp\/v2\/comments?post=34520"}],"version-history":[{"count":0,"href":"https:\/\/movery.it\/fr\/wp-json\/wp\/v2\/pages\/34520\/revisions"}],"wp:attachment":[{"href":"https:\/\/movery.it\/fr\/wp-json\/wp\/v2\/media?parent=34520"}],"curies":[{"name":"wp","href":"https:\/\/api.w.org\/{rel}","templated":true}]}}