
{"id":35916,"date":"2024-05-30T09:35:58","date_gmt":"2024-05-30T08:35:58","guid":{"rendered":"https:\/\/movery.it\/?page_id=35916"},"modified":"2024-08-20T14:13:19","modified_gmt":"2024-08-20T13:13:19","slug":"app-movery","status":"publish","type":"page","link":"https:\/\/movery.it\/fr\/app-movery\/","title":{"rendered":"Application Movery"},"content":{"rendered":"<div data-elementor-type=\"wp-page\" data-elementor-id=\"35916\" class=\"elementor elementor-35916\">\n\t\t\t\t<div class=\"elementor-element elementor-element-e43aedf e-flex e-con-boxed e-con e-parent\" data-id=\"e43aedf\" data-element_type=\"container\" id=\"movery_app_text\">\n\t\t\t\t\t<div class=\"e-con-inner\">\n\t\t<div class=\"elementor-element elementor-element-3161f2e e-con-full e-flex e-con e-child\" data-id=\"3161f2e\" data-element_type=\"container\">\n\t\t\t\t<div class=\"elementor-element elementor-element-fbc8eac elementor-widget elementor-widget-image\" data-id=\"fbc8eac\" data-element_type=\"widget\" data-widget_type=\"image.default\">\n\t\t\t\t<div class=\"elementor-widget-container\">\n\t\t\t\t\t\t\t\t\t\t\t\t\t<img fetchpriority=\"high\" decoding=\"async\" width=\"942\" height=\"628\" src=\"https:\/\/movery.it\/wp-content\/uploads\/2023\/03\/newsletter.png\" class=\"attachment-full size-full wp-image-24706\" alt=\"\" srcset=\"https:\/\/movery.it\/wp-content\/uploads\/2023\/03\/newsletter.png 942w, https:\/\/movery.it\/wp-content\/uploads\/2023\/03\/newsletter-768x512.png 768w, https:\/\/movery.it\/wp-content\/uploads\/2023\/03\/newsletter-600x400.png 600w, https:\/\/movery.it\/wp-content\/uploads\/2023\/03\/newsletter-18x12.png 18w\" sizes=\"(max-width: 942px) 100vw, 942px\" \/>\t\t\t\t\t\t\t\t\t\t\t\t\t<\/div>\n\t\t\t\t<\/div>\n\t\t\t\t<\/div>\n\t\t<div class=\"elementor-element elementor-element-b4b6e6c e-con-full e-flex e-con e-child\" data-id=\"b4b6e6c\" data-element_type=\"container\">\n\t\t\t\t<div class=\"elementor-element elementor-element-809cd9e elementor-widget elementor-widget-heading\" data-id=\"809cd9e\" data-element_type=\"widget\" data-widget_type=\"heading.default\">\n\t\t\t\t<div class=\"elementor-widget-container\">\n\t\t\t<h2 class=\"elementor-heading-title elementor-size-default\">Vivez des exp\u00e9riences uniques et authentiques gr\u00e2ce \u00e0 l'application Movery<\/h2>\t\t<\/div>\n\t\t\t\t<\/div>\n\t\t\t\t<div class=\"elementor-element elementor-element-3e244df elementor-widget elementor-widget-text-editor\" data-id=\"3e244df\" data-element_type=\"widget\" data-widget_type=\"text-editor.default\">\n\t\t\t\t<div class=\"elementor-widget-container\">\n\t\t\t\t\t\t\t<p>R\u00e9servez des visites exclusives et des activit\u00e9s locales d'un simple clic.\nDes visites gastronomiques et \u0153nologiques aux aventures dans la nature, l'application Movery est votre guide personnel pour d\u00e9couvrir les tr\u00e9sors cach\u00e9s de la r\u00e9gion, toujours \u00e0 port\u00e9e de main.<\/p>\n\n<p>\nL'\u00e9tude et la cr\u00e9ation de l'application ont \u00e9t\u00e9 confi\u00e9es \u00e0 Creact, une agence digitale sp\u00e9cialis\u00e9e dans la cr\u00e9ation d'applications. <a title=\"D\u00e9veloppement d&#039;applications Android\" href=\"https:\/\/www.creact.it\/servizi\/sviluppo-applicazioni-android\/\" target=\"_blank\" rel=\"noopener\">D\u00e9veloppement d'applications Android<\/a> et <a title=\"D\u00e9veloppement d&#039;applications iOS\" href=\"https:\/\/www.creact.it\/servizi\/sviluppo-applicazioni-iphone-ipad\/\" target=\"_blank\" rel=\"noopener\">D\u00e9veloppement d'applications iOS<\/a>.<\/p>\t\t\t\t\t\t<\/div>\n\t\t\t\t<\/div>\n\t\t\t\t<\/div>\n\t\t\t\t\t<\/div>\n\t\t\t\t<\/div>\n\t\t\t\t<\/div>","protected":false},"excerpt":{"rendered":"<p>Vivez des exp\u00e9riences uniques et authentiques gr\u00e2ce \u00e0 l'application Movery R\u00e9servez des visites exclusives et des activit\u00e9s locales avec...<\/p>","protected":false},"author":29,"featured_media":0,"parent":0,"menu_order":0,"comment_status":"closed","ping_status":"closed","template":"","meta":{"_seopress_robots_primary_cat":"","_seopress_titles_title":"","_seopress_titles_desc":"","_seopress_robots_index":"","content-type":"","footnotes":""},"class_list":["post-35916","page","type-page","status-publish","has-post-thumbnail","hentry"],"pp_statuses_selecting_workflow":false,"pp_workflow_action":"current","pp_status_selection":"publish","_links":{"self":[{"href":"https:\/\/movery.it\/fr\/wp-json\/wp\/v2\/pages\/35916","targetHints":{"allow":["GET"]}}],"collection":[{"href":"https:\/\/movery.it\/fr\/wp-json\/wp\/v2\/pages"}],"about":[{"href":"https:\/\/movery.it\/fr\/wp-json\/wp\/v2\/types\/page"}],"author":[{"embeddable":true,"href":"https:\/\/movery.it\/fr\/wp-json\/wp\/v2\/users\/29"}],"replies":[{"embeddable":true,"href":"https:\/\/movery.it\/fr\/wp-json\/wp\/v2\/comments?post=35916"}],"version-history":[{"count":19,"href":"https:\/\/movery.it\/fr\/wp-json\/wp\/v2\/pages\/35916\/revisions"}],"predecessor-version":[{"id":35975,"href":"https:\/\/movery.it\/fr\/wp-json\/wp\/v2\/pages\/35916\/revisions\/35975"}],"wp:attachment":[{"href":"https:\/\/movery.it\/fr\/wp-json\/wp\/v2\/media?parent=35916"}],"curies":[{"name":"wp","href":"https:\/\/api.w.org\/{rel}","templated":true}]}}