
{"id":37002,"date":"2024-07-05T08:58:20","date_gmt":"2024-07-05T07:58:20","guid":{"rendered":"https:\/\/movery.it\/?page_id=37002"},"modified":"2024-08-28T15:23:26","modified_gmt":"2024-08-28T14:23:26","slug":"iscriviti-a-movery","status":"publish","type":"page","link":"https:\/\/movery.it\/fr\/iscriviti-a-movery\/","title":{"rendered":"Rejoindre Movery"},"content":{"rendered":"<div data-elementor-type=\"wp-page\" data-elementor-id=\"37002\" class=\"elementor elementor-37002\">\n\t\t\t\t<div class=\"elementor-element elementor-element-4ae46c9 e-flex e-con-boxed e-con e-parent\" data-id=\"4ae46c9\" data-element_type=\"container\">\n\t\t\t\t\t<div class=\"e-con-inner\">\n\t\t<div class=\"elementor-element elementor-element-3364fff regala_movery_text e-flex e-con-boxed e-con e-child\" data-id=\"3364fff\" data-element_type=\"container\">\n\t\t\t\t\t<div class=\"e-con-inner\">\n\t\t<div class=\"elementor-element elementor-element-09121f7 e-con-full e-flex e-con e-child\" data-id=\"09121f7\" data-element_type=\"container\">\n\t\t\t\t<div class=\"elementor-element elementor-element-4f461ee elementor-widget elementor-widget-image\" data-id=\"4f461ee\" data-element_type=\"widget\" data-widget_type=\"image.default\">\n\t\t\t\t<div class=\"elementor-widget-container\">\n\t\t\t\t\t\t\t\t\t\t\t\t\t<img fetchpriority=\"high\" decoding=\"async\" width=\"1768\" height=\"952\" src=\"https:\/\/movery.it\/wp-content\/uploads\/2024\/07\/movery-abbonamento.png\" class=\"attachment-full size-full wp-image-37375\" alt=\"\" srcset=\"https:\/\/movery.it\/wp-content\/uploads\/2024\/07\/movery-abbonamento.png 1768w, https:\/\/movery.it\/wp-content\/uploads\/2024\/07\/movery-abbonamento-768x413.png 768w, https:\/\/movery.it\/wp-content\/uploads\/2024\/07\/movery-abbonamento-600x323.png 600w\" sizes=\"(max-width: 1768px) 100vw, 1768px\" \/>\t\t\t\t\t\t\t\t\t\t\t\t\t<\/div>\n\t\t\t\t<\/div>\n\t\t\t\t<\/div>\n\t\t<div class=\"elementor-element elementor-element-8ba83f9 e-con-full e-flex e-con e-child\" data-id=\"8ba83f9\" data-element_type=\"container\">\n\t\t\t\t<div class=\"elementor-element elementor-element-15c9f3a elementor-widget elementor-widget-heading\" data-id=\"15c9f3a\" data-element_type=\"widget\" data-widget_type=\"heading.default\">\n\t\t\t\t<div class=\"elementor-widget-container\">\n\t\t\t<h2 class=\"elementor-heading-title elementor-size-default\">Devenez membre Movery<\/h2>\t\t<\/div>\n\t\t\t\t<\/div>\n\t\t\t\t<div class=\"elementor-element elementor-element-7b7b13c elementor-widget elementor-widget-text-editor\" data-id=\"7b7b13c\" data-element_type=\"widget\" data-widget_type=\"text-editor.default\">\n\t\t\t\t<div class=\"elementor-widget-container\">\n\t\t\t\t\t\t\t<p>En devenant membre Movery, vous aurez acc\u00e8s \u00e0 une s\u00e9rie d'avantages exclusifs qui vous permettront de vivre des exp\u00e9riences inoubliables \u00e0 co\u00fbt r\u00e9duit. Rejoignez notre communaut\u00e9 et d\u00e9couvrez le meilleur de ce que la Campanie et les Pouilles ont \u00e0 offrir.<\/p>\n\n<p style=\"font-weight:700; font-size:18px\">Co\u00fbt 30 euros par an.<\/p>\t\t\t\t\t\t<\/div>\n\t\t\t\t<\/div>\n\t\t\t\t<\/div>\n\t\t\t\t\t<\/div>\n\t\t\t\t<\/div>\n\t\t\t\t\t<\/div>\n\t\t\t\t<\/div>\n\t\t<div class=\"elementor-element elementor-element-5df0dc3 iscrizione_container e-flex e-con-boxed e-con e-parent\" data-id=\"5df0dc3\" data-element_type=\"container\">\n\t\t\t\t\t<div class=\"e-con-inner\">\n\t\t<div class=\"elementor-element elementor-element-6c9421f e-con-full movery_tessere e-flex e-con e-child\" data-id=\"6c9421f\" data-element_type=\"container\">\n\t\t\t\t<div class=\"elementor-element elementor-element-f704588 elementor-widget elementor-widget-shortcode\" data-id=\"f704588\" data-element_type=\"widget\" data-widget_type=\"shortcode.default\">\n\t\t\t\t<div class=\"elementor-widget-container\">\n\t\t\t\t\t<div class=\"elementor-shortcode\">  \n\n\n                <div class=\"elementor-element elementor-element-6c9421f e-con-full movery_tessere e-flex e-con e-child\" data-id=\"6c9421f\" data-element_type=\"container\">\n\t\t\t\t<div class=\"elementor-element elementor-element-f35efa7 elementor-widget elementor-widget-heading\" data-id=\"f35efa7\" data-element_type=\"widget\" data-widget_type=\"heading.default\">\n\t\t\t\t<div class=\"elementor-widget-container\">\n\t\t\t<h2 class=\"elementor-heading-title elementor-size-default\">S'abonner<\/h2>\t\t<\/div>\n\t\t\t\t<\/div>\n\t\t\t\t<div class=\"elementor-element elementor-element-15d2058 elementor-widget elementor-widget-text-editor\" data-id=\"15d2058\" data-element_type=\"widget\" data-widget_type=\"text-editor.default\">\n\t\t\t\t<div class=\"elementor-widget-container\">\n\t\t\t\t\t\t\t<p>\nRejoindre est facile.\n<br>\n<em>Cliquez sur le bouton ci-dessous, finalisez l'inscription, effectuez le paiement et t\u00e9l\u00e9chargez votre carte num\u00e9rique.<\/em>\n<\/p>\t<p style=\"font-weight:700; font-size:18px\">Co\u00fbt 30 euros par an.<\/p>\t\t\t\t\t<\/div>\n\t\t\t\t<\/div>\n\t\t\t\t<div class=\"elementor-element elementor-element-8b67641 elementor-widget elementor-widget-button\" data-id=\"8b67641\" data-element_type=\"widget\" data-widget_type=\"button.default\">\n\t\t\t\t<div class=\"elementor-widget-container\">\n\t\t\t\t\t<div class=\"elementor-button-wrapper\">\n\t\t\t<a class=\"elementor-button elementor-size-sm\" role=\"button\"  onclick=\"toggleModal(event, this, 'creact-modal-card-37162')\">\n\t\t\t\t\t\t<span class=\"elementor-button-content-wrapper\">\n\t\t\t\t\t\t\t\t\t<span class=\"elementor-button-text\">Associ\u00e9s<\/span>\n\t\t\t\t\t<\/span>\n\t\t\t\t\t<\/a>\n\t\t<\/div>\n\t\t\t\t<\/div>\n\t\t\t\t<\/div>\n\t\t\t\t<div class=\"elementor-element elementor-element-145e376 elementor-widget elementor-widget-text-editor\" data-id=\"145e376\" data-element_type=\"widget\" data-widget_type=\"text-editor.default\">\n\t\t\t\t<div class=\"elementor-widget-container\">\n\t\t\t\t\t\t\t<p>Apr\u00e8s vous \u00eatre inscrit et pay\u00e9 la cotisation, vous recevrez dans votre e-mail des instructions pour t\u00e9l\u00e9charger votre carte directement sur le portefeuille de votre smartphone.<\/p>\t\t\t\t\t\t<\/div>\n\t\t\t\t<\/div>\n\t\t\t\t\t\n\t\t\t\t\t<div class=\"movery_tessere_how\">\n\t\t\t\t\t<div class=\"elementor-element elementor-element-f35efa7 elementor-widget elementor-widget-heading\" data-id=\"f35efa7\" data-element_type=\"widget\" data-widget_type=\"heading.default\">\n\t\t\t\t\t<div class=\"elementor-widget-container\">\n\t\t\t\t\t\t<h2 class=\"elementor-heading-title elementor-size-default\">Comment \u00e7a marche<\/h2>\t\t\n\t\t\t\t\t<\/div>\n\t\t\t\t\t<\/div>\n\t\t\t\t\t<div>\n\t\t\t\t\t\t<ol>\n\t\t\t\t\t\t\t<li><p><strong>S'abonner<\/strong>: Remplissez le formulaire d'inscription avec vos donn\u00e9es personnelles.<\/p><\/li>\n\t\t\t\t\t\t\t<li><p><strong>Acc\u00e9dez aux avantages<\/strong>: Une fois inscrit, vous pourrez imm\u00e9diatement b\u00e9n\u00e9ficier de tous les avantages r\u00e9serv\u00e9s aux membres Movery.<\/p><\/li>\n\t\t\t\t\t\t\t<li><p><strong>R\u00e9servez et \u00e9conomisez<\/strong>: Choisissez parmi les nombreuses exp\u00e9riences disponibles sur notre portail et profitez de r\u00e9ductions et d'offres exclusives.<\/p><\/li>\n\t\t\t\t\t\t<\/ol>\n\t\t\t\t\t<\/div>\n\t\t\t\t<\/div>\n\t\t\t\t<\/div>\n\n\n        <div class=\"creact-modal creact-modal-card-37162\" id=\"creact-modal-card-37162\" onclick=\"toggleModal(event, false, 'creact-modal-card-37162')\">\n                    <div class=\"creact-modal-description\">\n                <div class=\"creact-modal-closer creact-modal-card-37162-modal-closer\"><i class=\"mdi mdi-close\" onclick=\"toggleModal(event, this, 'creact-modal-card-37162')\"><\/i><\/div>\n                <div class=\"creact-modal-description-content creact-modal-card-37162-description-content pb-0\">\n                    <h3 class=\"text-center\" > Cotisation annuelle Movery<\/h3>\n                    <p class=\"text-center\" style=\"font-size: 14px;font-weight: 400;\"><\/p>\n                <\/div>\n                <div class=\"creact-modal-description-content creact-modal-assistenza-description-content creact-more-extra pt-0\">\n                    <form id=\"add-to-cart-37162\" class=\"persolized_plane_form\" action=\"https:\/\/movery.it\/fr\/carrello\/\" method=\"get\" data-trp-original-action=\"https:\/\/movery.it\/fr\/carrello\/\" >\n\n                    <div id=\"pwgc-purchase-container\" style=\"\">\n    <div class=\"pwgc-field-container\">\n        <label for=\"pwgc-to\" class=\"pwgc-label\">Courriel<\/label>\n        <input type=\"text\" id=\"pwgc-to\" name=\"st_email\" class=\"elementor-field elementor-size-sm  elementor-field-textual\" placeholder=\"Saisir une adresse \u00e9lectronique pour chaque destinataire\" required=\"\">\n    <\/div>\n    <div id=\"pwgc-purchase-container\" style=\"\">\n    <div class=\"pwgc-field-container\">\n        <label for=\"pwgc-to\" class=\"pwgc-label\">Nom<\/label>\n        <input type=\"text\" id=\"pwgc-to\" name=\"st_nome\" class=\"elementor-field elementor-size-sm  elementor-field-textual\" placeholder=\"Votre nom\" required=\"\">\n    <\/div>\n\n    <div class=\"pwgc-field-container\">\n        <label for=\"pwgc-from\" class=\"pwgc-label\">Nom de famille<\/label>\n        <input type=\"text\" id=\"pwgc-from\" name=\"st_cognome\" class=\"elementor-field elementor-size-sm  elementor-field-textual\" placeholder=\"Votre nom de famille\"  required=\"\">\n    <\/div>\n\n\n<\/div>\n\n                        <li class=\"item mt0 d-flex\">\n                    <input type=\"hidden\" name=\"add-to-cart\" value=\"37162\">\n                <\/li>\n\n            <button class=\"text-center btn-v2 btn-primary\" onclick=\"document.getElementById('add-to-cart-37162').submit();\" type=\"submit\" style=\"margin: auto;margin-top: 1rem;width: 100%;text-align: center;display: block;\">Acheter<i class=\"fa fa-spinner fa-spin d-none\"><\/i><\/button>\n\n                    <input type=\"hidden\" name=\"trp-form-language\" value=\"fr\"\/><\/form>\n                <\/div>\n            <\/div>\n            <\/div>\n            \n<script type=\"text\/javascript\">\n  function form_submit() {\n    document.getElementById(\"add-to-cart\").submit();\n   }    \n\n\n\n  <\/script>\n<\/div>\n\t\t\t\t<\/div>\n\t\t\t\t<\/div>\n\t\t\t\t<\/div>\n\t\t<div class=\"elementor-element elementor-element-450707d e-con-full movery_tessere e-flex e-con e-child\" data-id=\"450707d\" data-element_type=\"container\">\n\t\t\t\t<div class=\"elementor-element elementor-element-273818b elementor-widget elementor-widget-heading\" data-id=\"273818b\" data-element_type=\"widget\" data-widget_type=\"heading.default\">\n\t\t\t\t<div class=\"elementor-widget-container\">\n\t\t\t<h2 class=\"elementor-heading-title elementor-size-default\">Avantages de l\u2019inscription \u00e0 Movery<\/h2>\t\t<\/div>\n\t\t\t\t<\/div>\n\t\t\t\t<div class=\"elementor-element elementor-element-3def817 elementor-widget elementor-widget-text-editor\" data-id=\"3def817\" data-element_type=\"widget\" data-widget_type=\"text-editor.default\">\n\t\t\t\t<div class=\"elementor-widget-container\">\n\t\t\t\t\t\t\t<ul>\n \t<li><p class=\" translation-block\"><strong>Annulation gratuite toujours garantie<\/strong>\u00a0: r\u00e9servez en toute tranquillit\u00e9 d'esprit, sachant que vous pouvez annuler sans p\u00e9nalit\u00e9s.<\/p><\/li>\n \t<li><p class=\" translation-block\"><strong>Support D\u00e9m\u00e9nagement PREMIUM inclus<\/strong>\u00a0: B\u00e9n\u00e9ficiez d'un service client prioritaire pour r\u00e9pondre \u00e0 tous vos besoins.<\/p><\/li>\n \t<li><p class=\" translation-block\"><strong>Acc\u00e8s aux contrats de services partenaires<\/strong>\u00a0: profitez d'offres sp\u00e9ciales et de services exclusifs propos\u00e9s par nos partenaires.<\/p><\/li>\n \t<li><p class=\" translation-block\"><strong>Aper\u00e7u des \u00e9v\u00e9nements exclusifs et des activit\u00e9s r\u00e9serv\u00e9es<\/strong>\u00a0: soyez le premier inform\u00e9 et r\u00e9servez de nouvelles exp\u00e9riences exclusives.<\/p><\/li>\n \t<li><p class=\" translation-block\"><strong>Offres de derni\u00e8re minute sur le groupe WhatsApp r\u00e9serv\u00e9<\/strong>\u00a0: Recevez les meilleures offres de derni\u00e8re minute directement sur votre smartphone.<\/p><\/li>\n \t<li><p class=\" translation-block\"><strong>5\u00a0% de r\u00e9duction sur TOUTES les exp\u00e9riences du portail<\/strong>\u00a0: \u00e9conomisez sur chaque r\u00e9servation gr\u00e2ce \u00e0 une r\u00e9duction d\u00e9di\u00e9e \u00e0 nos membres.<\/p><\/li>\n<\/ul>\n<p>Rejoignez Movery aujourd'hui\u00a0!\n<br>\nNe manquez pas l'opportunit\u00e9 de vivre des exp\u00e9riences extraordinaires \u00e0 des prix avantageux. Inscrivez-vous maintenant et commencez \u00e0 explorer avec Movery\u00a0!<\/p>\t\t\t\t\t\t<\/div>\n\t\t\t\t<\/div>\n\t\t\t\t<\/div>\n\t\t\t\t\t<\/div>\n\t\t\t\t<\/div>\n\t\t\t\t<\/div>","protected":false},"excerpt":{"rendered":"<p>Devenez membre de Movery En devenant membre de Movery, vous aurez acc\u00e8s \u00e0 une s\u00e9rie d'avantages exclusifs...<\/p>","protected":false},"author":29,"featured_media":0,"parent":0,"menu_order":0,"comment_status":"closed","ping_status":"closed","template":"","meta":{"_seopress_robots_primary_cat":"","_seopress_titles_title":"","_seopress_titles_desc":"","_seopress_robots_index":"","content-type":"","footnotes":""},"class_list":["post-37002","page","type-page","status-publish","has-post-thumbnail","hentry"],"pp_statuses_selecting_workflow":false,"pp_workflow_action":"current","pp_status_selection":"publish","_links":{"self":[{"href":"https:\/\/movery.it\/fr\/wp-json\/wp\/v2\/pages\/37002","targetHints":{"allow":["GET"]}}],"collection":[{"href":"https:\/\/movery.it\/fr\/wp-json\/wp\/v2\/pages"}],"about":[{"href":"https:\/\/movery.it\/fr\/wp-json\/wp\/v2\/types\/page"}],"author":[{"embeddable":true,"href":"https:\/\/movery.it\/fr\/wp-json\/wp\/v2\/users\/29"}],"replies":[{"embeddable":true,"href":"https:\/\/movery.it\/fr\/wp-json\/wp\/v2\/comments?post=37002"}],"version-history":[{"count":106,"href":"https:\/\/movery.it\/fr\/wp-json\/wp\/v2\/pages\/37002\/revisions"}],"predecessor-version":[{"id":40070,"href":"https:\/\/movery.it\/fr\/wp-json\/wp\/v2\/pages\/37002\/revisions\/40070"}],"wp:attachment":[{"href":"https:\/\/movery.it\/fr\/wp-json\/wp\/v2\/media?parent=37002"}],"curies":[{"name":"wp","href":"https:\/\/api.w.org\/{rel}","templated":true}]}}