{"id":45861,"date":"2025-07-01T14:09:48","date_gmt":"2025-07-01T13:09:48","guid":{"rendered":"https:\/\/movery.it\/?page_id=45861"},"modified":"2025-07-01T14:10:08","modified_gmt":"2025-07-01T13:10:08","slug":"dichiarazione-di-accessibilita","status":"publish","type":"page","link":"https:\/\/movery.it\/fr\/dichiarazione-di-accessibilita\/","title":{"rendered":"D\u00e9claration d'accessibilit\u00e9"},"content":{"rendered":"<h2 class=\"wp-block-heading\">1. Objet de la d\u00e9claration<\/h2>\n\n\n\n<p>Cette d\u00e9claration s'applique \u00e0 :<br><strong>Site web<\/strong>:<a href=\"http:\/\/lagallinamatta.com\" data-type=\"link\" data-id=\"lagallinamatta.com\">https:\/\/movery.it<\/a><\/p>\n\n\n\n<p><strong>Propri\u00e9taire de la publication<\/strong>:<br>4HANDS SRL<\/p>\n\n\n\n<p>Via Tre Piccioni 63<\/p>\n\n\n\n<p>Num\u00e9ro de TVA 08804201211, REA986404<\/p>\n\n\n\n<h2 class=\"wp-block-heading\">2. Respect de la r\u00e9glementation<\/h2>\n\n\n\n<p>Creact.co.uk s'engage \u00e0 respecter la <strong>Loi 4\/2004<\/strong> (loi Stanca) et le <strong>Directive (UE) 2016\/2102<\/strong> li\u00e9s \u00e0 l'accessibilit\u00e9 des services num\u00e9riques, conform\u00e9ment aux crit\u00e8res techniques du niveau WCAG 2.1 <strong>AA<\/strong>.<\/p>\n\n\n\n<ul class=\"wp-block-list\">\n<li>\u00c9tat de conformit\u00e9 :<strong> Partiellement conforme<\/strong><\/li>\n<\/ul>\n\n\n\n<h2 class=\"wp-block-heading\">3. Contenu non accessible<\/h2>\n\n\n\n<p>Les principales questions critiques identifi\u00e9es sont les suivantes :<\/p>\n\n\n\n<ul class=\"wp-block-list\">\n<li><strong>Alternatives textuelles manquantes ou inad\u00e9quates<\/strong> pour certaines images ou ic\u00f4nes.<\/li>\n\n\n\n<li><strong>Contr\u00f4les interactifs (par exemple, menus, formulaires)<\/strong> ne sont pas toujours enti\u00e8rement navigables au clavier ou utilisables avec des technologies d'assistance.<\/li>\n\n\n\n<li><strong>Rapport de contraste<\/strong> l'arri\u00e8re-plan du texte n'est pas toujours satisfaisant sur certaines pages.<\/li>\n\n\n\n<li><strong>Contenu h\u00e9rit\u00e9 de tiers ou d'outils externes<\/strong>dont l'accessibilit\u00e9 est limit\u00e9e et dont la correction est co\u00fbteuse.<\/li>\n\n\n\n<li><strong>Documents non textuels<\/strong> (PDF, pr\u00e9sentations...) potentiellement inaccessibles.<\/li>\n<\/ul>\n\n\n\n<h2 class=\"wp-block-heading\">4. R\u00e9daction et v\u00e9rification<\/h2>\n\n\n\n<ul class=\"wp-block-list\">\n<li>Date de r\u00e9daction : <strong>28\/06\/2025<\/strong><\/li>\n\n\n\n<li>M\u00e9thodologie :\n<ul class=\"wp-block-list\">\n<li>R\u00e9vision manuelle avec des personnes et des technologies d'assistance (lecteurs d'\u00e9cran, lecteurs vocaux).<\/li>\n<\/ul>\n<\/li>\n\n\n\n<li>La d\u00e9claration est mise \u00e0 jour p\u00e9riodiquement.<\/li>\n<\/ul>\n\n\n\n<h2 class=\"wp-block-heading\">5. Modes d'envoi des alertes<\/h2>\n\n\n\n<p>Si vous rencontrez des probl\u00e8mes d'accessibilit\u00e9, veuillez nous contacter :<\/p>\n\n\n\n<ul class=\"wp-block-list\">\n<li><strong>Courriel<\/strong>: info@movery.it<\/li>\n\n\n\n<li><strong>T\u00e9l\u00e9phone<\/strong>: <a href=\"tel: 393515730068\"><a href=\"tel: 3908118373134\">+39 081 183 73 134<\/a><\/a><\/li>\n<\/ul>\n\n\n\n<p>Nous r\u00e9pondrons dans les 30 jours suivant le signalement, comme l'exige la loi.<\/p>\n\n\n\n<h2 class=\"wp-block-heading\">6. Proc\u00e9dure de recours<\/h2>\n\n\n\n<p>En cas de r\u00e9ponse insatisfaisante ou d'absence de r\u00e9ponse dans les d\u00e9lais, vous pouvez d\u00e9poser une plainte aupr\u00e8s de la Commission europ\u00e9enne.<strong>Agence pour l'Italie num\u00e9rique (AGID)<\/strong> via :<br><a>https:\/\/www.agid.gov.it\/it\/accessibilita\/obblighi<\/a><\/p>\n\n\n\n<h2 class=\"wp-block-heading\">7. Informations techniques sur le site<\/h2>\n\n\n\n<ul class=\"wp-block-list\">\n<li><strong>Date de publication<\/strong>: 28\/06\/2025<\/li>\n\n\n\n<li><strong>Derni\u00e8re mise \u00e0 jour<\/strong>: 30\/06\/2025<\/li>\n\n\n\n<li><strong>Technologie\/CMS<\/strong>: WordPress<\/li>\n<\/ul>","protected":false},"excerpt":{"rendered":"<p>1. Objet de la d\u00e9claration Cette d\u00e9claration s'applique \u00e0:Site web : https:\/\/movery.it Propri\u00e9taire de la publication:4HANDS SRL Via...<\/p>","protected":false},"author":31,"featured_media":0,"parent":0,"menu_order":0,"comment_status":"closed","ping_status":"closed","template":"","meta":{"_seopress_robots_primary_cat":"","content-type":"","footnotes":""},"class_list":["post-45861","page","type-page","status-publish","has-post-thumbnail","hentry"],"pp_statuses_selecting_workflow":false,"pp_workflow_action":"current","pp_status_selection":"publish","_links":{"self":[{"href":"https:\/\/movery.it\/fr\/wp-json\/wp\/v2\/pages\/45861","targetHints":{"allow":["GET"]}}],"collection":[{"href":"https:\/\/movery.it\/fr\/wp-json\/wp\/v2\/pages"}],"about":[{"href":"https:\/\/movery.it\/fr\/wp-json\/wp\/v2\/types\/page"}],"author":[{"embeddable":true,"href":"https:\/\/movery.it\/fr\/wp-json\/wp\/v2\/users\/31"}],"replies":[{"embeddable":true,"href":"https:\/\/movery.it\/fr\/wp-json\/wp\/v2\/comments?post=45861"}],"version-history":[{"count":1,"href":"https:\/\/movery.it\/fr\/wp-json\/wp\/v2\/pages\/45861\/revisions"}],"predecessor-version":[{"id":45864,"href":"https:\/\/movery.it\/fr\/wp-json\/wp\/v2\/pages\/45861\/revisions\/45864"}],"wp:attachment":[{"href":"https:\/\/movery.it\/fr\/wp-json\/wp\/v2\/media?parent=45861"}],"curies":[{"name":"wp","href":"https:\/\/api.w.org\/{rel}","templated":true}]}}