
{"id":707,"date":"2022-04-14T01:27:33","date_gmt":"2022-04-14T01:27:33","guid":{"rendered":"https:\/\/modmixmap.wpengine.com\/?page_id=707"},"modified":"2024-08-07T15:50:15","modified_gmt":"2024-08-07T14:50:15","slug":"contact","status":"publish","type":"page","link":"https:\/\/movery.it\/fr\/contact\/","title":{"rendered":"Contact"},"content":{"rendered":"<div data-elementor-type=\"wp-page\" data-elementor-id=\"707\" class=\"elementor elementor-707\">\n\t\t\t\t<div class=\"elementor-element elementor-element-7b75665 movery_contact_top e-flex e-con-boxed e-con e-parent\" data-id=\"7b75665\" data-element_type=\"container\">\n\t\t\t\t\t<div class=\"e-con-inner\">\n\t\t<div class=\"elementor-element elementor-element-c80bec8 e-con-full e-flex e-con e-parent\" data-id=\"c80bec8\" data-element_type=\"container\">\n\t\t\t\t<div class=\"elementor-element elementor-element-b21d8e3 elementor-widget elementor-widget-image\" data-id=\"b21d8e3\" data-element_type=\"widget\" data-widget_type=\"image.default\">\n\t\t\t\t<div class=\"elementor-widget-container\">\n\t\t\t\t\t\t\t\t\t\t\t\t\t<img fetchpriority=\"high\" decoding=\"async\" width=\"942\" height=\"628\" src=\"https:\/\/movery.it\/wp-content\/uploads\/2023\/03\/newsletter.png\" class=\"attachment-full size-full wp-image-24706\" alt=\"\" srcset=\"https:\/\/movery.it\/wp-content\/uploads\/2023\/03\/newsletter.png 942w, https:\/\/movery.it\/wp-content\/uploads\/2023\/03\/newsletter-768x512.png 768w, https:\/\/movery.it\/wp-content\/uploads\/2023\/03\/newsletter-600x400.png 600w, https:\/\/movery.it\/wp-content\/uploads\/2023\/03\/newsletter-18x12.png 18w\" sizes=\"(max-width: 942px) 100vw, 942px\" \/>\t\t\t\t\t\t\t\t\t\t\t\t\t<\/div>\n\t\t\t\t<\/div>\n\t\t\t\t<\/div>\n\t\t<div class=\"elementor-element elementor-element-8128986 e-con-full e-flex e-con e-parent\" data-id=\"8128986\" data-element_type=\"container\">\n\t\t\t\t<div class=\"elementor-element elementor-element-105b030 contact_text elementor-widget elementor-widget-text-editor\" data-id=\"105b030\" data-element_type=\"widget\" data-widget_type=\"text-editor.default\">\n\t\t\t\t<div class=\"elementor-widget-container\">\n\t\t\t\t\t\t\t<h2>Nous sommes l\u00e0 pour vous aider !<\/h2>\n<p>Movery s'engage \u00e0 vous faire vivre une exp\u00e9rience inoubliable en respectant les normes de qualit\u00e9 les plus \u00e9lev\u00e9es. Si vous souhaitez devenir notre partenaire ou recevoir des informations sur l'une de nos activit\u00e9s, n'h\u00e9sitez pas \u00e0 nous contacter au num\u00e9ro suivant <a class=\"contact_link\" href=\"tel: 3908118521587\">+39 081 185 21 587<\/a> ou au num\u00e9ro de t\u00e9l\u00e9phone mobile <a class=\"contact_link\" href=\"tel: 393515585067\">+39 351 558 50 67<\/a>. Vous pouvez \u00e9galement nous \u00e9crire \u00e0 l'adresse suivante <a class=\"contact_link\">info@movery.it<\/a> ou remplissez le formulaire de contact.\nNous vous attendons !<\/p>\t\t\t\t\t\t<\/div>\n\t\t\t\t<\/div>\n\t\t\t\t<\/div>\n\t\t\t\t\t<\/div>\n\t\t\t\t<\/div>\n\t\t<div class=\"elementor-element elementor-element-6955d22 movery_contact_form e-flex e-con-boxed e-con e-parent\" data-id=\"6955d22\" data-element_type=\"container\">\n\t\t\t\t\t<div class=\"e-con-inner\">\n\t\t\t\t<div class=\"elementor-element elementor-element-890cf72 elementor-widget elementor-widget-shortcode\" data-id=\"890cf72\" data-element_type=\"widget\" data-widget_type=\"shortcode.default\">\n\t\t\t\t<div class=\"elementor-widget-container\">\n\t\t\t\t\t<div class=\"elementor-shortcode\">\n<div class=\"wpcf7 no-js\" id=\"wpcf7-f6-o1\" lang=\"en-US\" dir=\"ltr\" data-wpcf7-id=\"6\">\n<div class=\"screen-reader-response\"><p role=\"status\" aria-live=\"polite\" aria-atomic=\"true\"><\/p> <ul><\/ul><\/div>\n<form action=\"\/fr\/wp-json\/wp\/v2\/pages\/707#wpcf7-f6-o1\" method=\"post\" class=\"wpcf7-form init\" aria-label=\"Formulaire de contact\" novalidate=\"novalidate\" data-status=\"init\" data-trp-original-action=\"\/fr\/wp-json\/wp\/v2\/pages\/707#wpcf7-f6-o1\">\n<div style=\"display: none;\">\n<input type=\"hidden\" name=\"_wpcf7\" value=\"6\" \/>\n<input type=\"hidden\" name=\"_wpcf7_version\" value=\"6.0.3\" \/>\n<input type=\"hidden\" name=\"_wpcf7_locale\" value=\"en_US\" \/>\n<input type=\"hidden\" name=\"_wpcf7_unit_tag\" value=\"wpcf7-f6-o1\" \/>\n<input type=\"hidden\" name=\"_wpcf7_container_post\" value=\"0\" \/>\n<input type=\"hidden\" name=\"_wpcf7_posted_data_hash\" value=\"\" \/>\n<input type=\"hidden\" name=\"_wpcf7_recaptcha_response\" value=\"\" \/>\n<\/div>\n<div class=\"movery_contact_form\">\n\t<div class=\"contact_name\">\n\t\t<p><span class=\"wpcf7-form-control-wrap\" data-name=\"contact_name\"><input size=\"40\" maxlength=\"400\" class=\"wpcf7-form-control wpcf7-text wpcf7-validates-as-required\" aria-required=\"true\" aria-invalid=\"false\" placeholder=\"Nom*\" value=\"\" type=\"text\" name=\"contact_name\" \/><\/span><br \/>\n<span class=\"wpcf7-form-control-wrap\" data-name=\"contact_surname\"><input size=\"40\" maxlength=\"400\" class=\"wpcf7-form-control wpcf7-text wpcf7-validates-as-required\" aria-required=\"true\" aria-invalid=\"false\" placeholder=\"Nom de famille*\" value=\"\" type=\"text\" name=\"contact_surname\" \/><\/span>\n\t\t<\/p>\n\t<\/div>\n\t<div class=\"contact_email\">\n\t\t<p><span class=\"wpcf7-form-control-wrap\" data-name=\"contact_phone\"><input size=\"40\" maxlength=\"400\" class=\"wpcf7-form-control wpcf7-tel wpcf7-validates-as-required wpcf7-text wpcf7-validates-as-tel\" aria-required=\"true\" aria-invalid=\"false\" placeholder=\"T\u00e9l\u00e9phone*\" value=\"\" type=\"tel\" name=\"contact_phone\" \/><\/span><br \/>\n<span class=\"wpcf7-form-control-wrap\" data-name=\"contact_email\"><input size=\"40\" maxlength=\"400\" class=\"wpcf7-form-control wpcf7-email wpcf7-validates-as-required wpcf7-text wpcf7-validates-as-email\" aria-required=\"true\" aria-invalid=\"false\" placeholder=\"Courriel*\" value=\"\" type=\"email\" name=\"contact_email\" \/><\/span>\n\t\t<\/p>\n\t<\/div>\n\t<p><span class=\"wpcf7-form-control-wrap\" data-name=\"contact_url\"><input size=\"40\" maxlength=\"400\" class=\"wpcf7-form-control wpcf7-url wpcf7-text wpcf7-validates-as-url\" aria-invalid=\"false\" value=\"Link attivit\u00e0\" type=\"url\" name=\"contact_url\" \/><\/span><br \/>\n<span class=\"wpcf7-form-control-wrap\" data-name=\"movery_request\"><textarea cols=\"40\" rows=\"2\" maxlength=\"2000\" class=\"wpcf7-form-control wpcf7-textarea wpcf7-validates-as-required\" aria-required=\"true\" aria-invalid=\"false\" placeholder=\"Demande*\" name=\"movery_request\"><\/textarea><\/span><br \/>\n\t<span class=\"wpcf7-form-control-wrap recaptcha\" data-name=\"recaptcha\"><span data-sitekey=\"6Ldocv8pAAAAAFSzsm48uEP7NOsz3Db9eygMjepS\" class=\"wpcf7-form-control wpcf7-recaptcha g-recaptcha\"><\/span>\r\n<noscript>\r\n\t<div class=\"grecaptcha-noscript\">\r\n\t\t<iframe src=\"https:\/\/www.google.com\/recaptcha\/api\/fallback?k=6Ldocv8pAAAAAFSzsm48uEP7NOsz3Db9eygMjepS\" frameborder=\"0\" scrolling=\"no\" width=\"310\" height=\"430\">\r\n\t\t<\/iframe>\r\n\t\t<textarea name=\"g-recaptcha-response\" rows=\"3\" cols=\"40\" placeholder=\"R\u00e9ponse reCaptcha ici\">\r\n\t\t<\/textarea>\r\n\t<\/div>\r\n<\/noscript>\r\n<\/span><br \/>\n<input class=\"wpcf7-form-control wpcf7-submit has-spinner\" type=\"submit\" value=\"Envoyer\" \/>\n\t<\/p>\n<\/div><div class=\"wpcf7-response-output\" aria-hidden=\"true\"><\/div>\n<input type=\"hidden\" name=\"trp-form-language\" value=\"fr\"\/><\/form>\n<\/div>\n<\/div>\n\t\t\t\t<\/div>\n\t\t\t\t<\/div>\n\t\t\t\t\t<\/div>\n\t\t\t\t<\/div>\n\t\t\t\t<\/div>","protected":false},"excerpt":{"rendered":"<p>Nous sommes l\u00e0 pour vous aider ! Movery s'engage \u00e0 vous faire vivre une exp\u00e9rience inoubliable en respectant les normes les plus strictes...<\/p>","protected":false},"author":1,"featured_media":489,"parent":0,"menu_order":0,"comment_status":"closed","ping_status":"closed","template":"template-blank.php","meta":{"_seopress_robots_primary_cat":"","_seopress_titles_title":"Contatti","_seopress_titles_desc":"","_seopress_robots_index":"","content-type":"","footnotes":""},"class_list":["post-707","page","type-page","status-publish","has-post-thumbnail","hentry"],"pp_statuses_selecting_workflow":false,"pp_workflow_action":"current","pp_status_selection":"publish","_links":{"self":[{"href":"https:\/\/movery.it\/fr\/wp-json\/wp\/v2\/pages\/707","targetHints":{"allow":["GET"]}}],"collection":[{"href":"https:\/\/movery.it\/fr\/wp-json\/wp\/v2\/pages"}],"about":[{"href":"https:\/\/movery.it\/fr\/wp-json\/wp\/v2\/types\/page"}],"author":[{"embeddable":true,"href":"https:\/\/movery.it\/fr\/wp-json\/wp\/v2\/users\/1"}],"replies":[{"embeddable":true,"href":"https:\/\/movery.it\/fr\/wp-json\/wp\/v2\/comments?post=707"}],"version-history":[{"count":1,"href":"https:\/\/movery.it\/fr\/wp-json\/wp\/v2\/pages\/707\/revisions"}],"predecessor-version":[{"id":39050,"href":"https:\/\/movery.it\/fr\/wp-json\/wp\/v2\/pages\/707\/revisions\/39050"}],"wp:featuredmedia":[{"embeddable":true,"href":"https:\/\/movery.it\/fr\/wp-json\/"}],"wp:attachment":[{"href":"https:\/\/movery.it\/fr\/wp-json\/wp\/v2\/media?parent=707"}],"curies":[{"name":"wp","href":"https:\/\/api.w.org\/{rel}","templated":true}]}}